{"id":10,"date":"2010-11-25T15:32:45","date_gmt":"2010-11-25T14:32:45","guid":{"rendered":"https:\/\/www.proxi-sante.org\/wass\/?page_id=10"},"modified":"2016-10-10T22:54:10","modified_gmt":"2016-10-10T21:54:10","slug":"appareillage","status":"publish","type":"page","link":"https:\/\/www.proxi-sante.org\/molsheim\/soins\/appareillage\/","title":{"rendered":"appareillage \u2013 proth\u00e8ses"},"content":{"rendered":"<p>Appareillages \u2013 Proth\u00e8ses \u2013 Mat\u00e9riel m\u00e9dical &#8211; Incontinence<\/p>\n<p>Toutes ces ressources sont disponibles dans le secteur du GEF de Molsheim.<\/p>\n<p>&nbsp;<\/p>\n<p><a href=\"https:\/\/www.proxi-sante.org\/wass\/wp-content\/uploads\/2010\/11\/Fotolia_2863766S-net.jpg\"><img loading=\"lazy\" decoding=\"async\" class=\"size-medium wp-image-282  \" title=\"Fotolia_2863766S-net\" alt=\"\" src=\"https:\/\/www.proxi-sante.org\/wass\/wp-content\/uploads\/2010\/11\/Fotolia_2863766S-net-300x288.jpg\" width=\"210\" height=\"202\" \/><\/a><\/p>\n<p>Votre pharmacien, un professionnel du m\u00e9dicament en allopathie, hom\u00e9opathie, phytoth\u00e9rapie, v\u00e9t\u00e9rinaire.\u00a0Votre pharmacien, un professionnel \u00e0 votre \u00e9coute, \u00a0vous propose\u00a0:<\/p>\n<p><b>Fauteuils roulants et aides \u00e0 la marche\u00a0<\/b>: les pharmaciens du secteur vous proposent une large gamme de produits adapt\u00e9s tels que les cannes, les d\u00e9ambulateurs, fauteuils roulants disponibles \u00e0 l\u2019achat ou \u00e0 la location.<\/p>\n<p><b>Aides au maintien \u00e0 domicile\u00a0<\/b>: Lits m\u00e9dicaux, matelas anti-escarres, soul\u00e8ve-malade, chaise perc\u00e9e, rehausse WC, table de malade, couverts ergonomiques, barre de maintien, mat\u00e9riel de perfusion, pompe \u00e0 morphine, nutripompe\u2026<\/p>\n<p><b>Hospitalisation \u00e0 domicile<\/b>\u00a0: mise en place du mat\u00e9riel n\u00e9cessaire d\u00e8s la sortie de l\u2019h\u00f4pital et livraison des m\u00e9dicaments. Coordination avec les autres professionnels de sant\u00e9 afin d\u2019am\u00e9liorer le maintien \u00e0 domicile.<\/p>\n<p>Votre pharmacien peut participer \u00e0 l\u2019am\u00e9nagement du domicile (salle de bain, chambre, pi\u00e8ce de vie).<\/p>\n<p>&nbsp;<\/p>\n<p>&nbsp;<\/p>\n<p><b>Contention veineuse<\/b>\u00a0: chaussettes, bas, collants (standard ou sur mesure).<\/p>\n<p><b>Orth\u00e8ses et proth\u00e8ses<\/b>\u00a0: ceintures lombaires et abdominales, chevill\u00e8res, genouill\u00e8res, collier cervical, attelles de poignet, proth\u00e8ses mammaires.<\/p>\n<p><b>Incontinence<\/b>\u00a0: un large choix adapt\u00e9 \u00e0 chaque patient vous est propos\u00e9, ainsi que des \u00e9chantillons.<\/p>\n<p><b>Compl\u00e9ments nutritionnels<\/b>\u00a0: un large choix de compl\u00e9ments nutritionnels rembours\u00e9s est disponible (produits lact\u00e9s ou sans lactose, pour diab\u00e9tiques et personnes d\u00e9nutries).<\/p>\n<p><b>L&rsquo;oxyg\u00e9noth\u00e9rapie\u00a0<\/b>\u00e0 domicile peut \u00eatre mise \u00e0 disposition par votre pharmacien.<\/p>\n<p><b>Appareil de mesure et de diagnostic<\/b>\u00a0: lecteur de glyc\u00e9mie, tensiom\u00e8tre, thermom\u00e8tre.<\/p>\n<p><b>Semelles orthop\u00e9diques<\/b>\u00a0: un produit sur mesure et adapt\u00e9 \u00e0 vos besoins.<\/p>\n<p>&nbsp;<\/p>\n<div id=\"wkWidgetScriptVersion\">1<\/div>\n","protected":false},"excerpt":{"rendered":"<p>Appareillages \u2013 Proth\u00e8ses \u2013 Mat\u00e9riel m\u00e9dical &#8211; Incontinence Toutes ces ressources sont disponibles dans le secteur du GEF de Molsheim. &nbsp; Votre pharmacien, un professionnel du m\u00e9dicament en allopathie, hom\u00e9opathie, phytoth\u00e9rapie, v\u00e9t\u00e9rinaire.\u00a0Votre pharmacien, un professionnel \u00e0 votre \u00e9coute, \u00a0vous propose\u00a0: Fauteuils roulants et aides \u00e0 la marche\u00a0: les pharmaciens du secteur vous proposent une large [&hellip;]<\/p>\n","protected":false},"author":1,"featured_media":0,"parent":12,"menu_order":35,"comment_status":"open","ping_status":"closed","template":"","meta":{"_et_pb_use_builder":"","_et_pb_old_content":"","_et_gb_content_width":"","footnotes":""},"class_list":["post-10","page","type-page","status-publish","hentry"],"_links":{"self":[{"href":"https:\/\/www.proxi-sante.org\/molsheim\/wp-json\/wp\/v2\/pages\/10","targetHints":{"allow":["GET"]}}],"collection":[{"href":"https:\/\/www.proxi-sante.org\/molsheim\/wp-json\/wp\/v2\/pages"}],"about":[{"href":"https:\/\/www.proxi-sante.org\/molsheim\/wp-json\/wp\/v2\/types\/page"}],"author":[{"embeddable":true,"href":"https:\/\/www.proxi-sante.org\/molsheim\/wp-json\/wp\/v2\/users\/1"}],"replies":[{"embeddable":true,"href":"https:\/\/www.proxi-sante.org\/molsheim\/wp-json\/wp\/v2\/comments?post=10"}],"version-history":[{"count":0,"href":"https:\/\/www.proxi-sante.org\/molsheim\/wp-json\/wp\/v2\/pages\/10\/revisions"}],"up":[{"embeddable":true,"href":"https:\/\/www.proxi-sante.org\/molsheim\/wp-json\/wp\/v2\/pages\/12"}],"wp:attachment":[{"href":"https:\/\/www.proxi-sante.org\/molsheim\/wp-json\/wp\/v2\/media?parent=10"}],"curies":[{"name":"wp","href":"https:\/\/api.w.org\/{rel}","templated":true}]}}