{"id":1266,"date":"2021-06-30T15:35:00","date_gmt":"2021-06-30T14:35:00","guid":{"rendered":"https:\/\/www.proxi-sante.org\/molsheim\/?page_id=1266"},"modified":"2021-06-30T15:47:23","modified_gmt":"2021-06-30T14:47:23","slug":"le-diabete","status":"publish","type":"page","link":"https:\/\/www.proxi-sante.org\/molsheim\/le-diabete\/","title":{"rendered":"Le Diab\u00e8te"},"content":{"rendered":"<p>[et_pb_section fb_built=\u00a0\u00bb1&Prime; _builder_version=\u00a0\u00bb4.9.7&Prime; _module_preset=\u00a0\u00bbdefault\u00a0\u00bb][et_pb_row _builder_version=\u00a0\u00bb4.9.7&Prime; _module_preset=\u00a0\u00bbdefault\u00a0\u00bb][et_pb_column type=\u00a0\u00bb4_4&Prime; _builder_version=\u00a0\u00bb4.9.7&Prime; _module_preset=\u00a0\u00bbdefault\u00a0\u00bb][et_pb_post_title meta=\u00a0\u00bboff\u00a0\u00bb _builder_version=\u00a0\u00bb4.9.7&Prime; _module_preset=\u00a0\u00bbdefault\u00a0\u00bb][\/et_pb_post_title][et_pb_text _builder_version=\u00a0\u00bb4.9.7&Prime; _module_preset=\u00a0\u00bbdefault\u00a0\u00bb]<\/p>\n<p>&nbsp;<\/p>\n<p>Avec une surmortalit\u00e9 de 48 % par rapport \u00e0 la moyenne dans l\u2019hexagone, qui place l\u2019Alsace au premier rang des r\u00e9gions o\u00f9 l\u2019on meurt le plus du diab\u00e8te ou de ses complications, le diab\u00e8te est \u00e0 prendre avec s\u00e9rieux dans notre r\u00e9gion.<span class=\"Apple-converted-space\">\u00a0 <\/span>Avoir une alimentation saine, une activit\u00e9 physique r\u00e9guli\u00e8re, un poids normal et \u00e9viter la consommation de tabac, sont autant de moyens de pr\u00e9venir ou de retarder l\u2019apparition du diab\u00e8te de type 2. Un r\u00e9gime alimentaire sain, l\u2019activit\u00e9 physique, des m\u00e9dicaments, un d\u00e9pistage r\u00e9gulier et le traitement des complications permettent de traiter le diab\u00e8te et d\u2019\u00e9viter ou de retarder les cons\u00e9quences qu\u2019il peut avoir. Le diab\u00e8te est une maladie chronique qui appara\u00eet lorsque le pancr\u00e9as ne produit pas suffisamment d\u2019insuline ou que l\u2019organisme n\u2019utilise pas correctement l\u2019insuline qu\u2019il produit. L\u2019insuline est une hormone qui r\u00e9gule la concentration de sucre dans le sang. L\u2019hyperglyc\u00e9mie, ou concentration sanguine \u00e9lev\u00e9e de sucre, est un effet fr\u00e9quent du diab\u00e8te non contr\u00f4l\u00e9 qui conduit avec le temps \u00e0 des atteintes graves de nombreux syst\u00e8mes organiques et plus particuli\u00e8rement des nerfs et des vaisseaux sanguins.<\/p>\n<h2><strong>Le diab\u00e8te de type 1<\/strong><\/h2>\n<p>Le diab\u00e8te de type 1 (autrefois appel\u00e9 diab\u00e8te insulino-d\u00e9pendant ou juv\u00e9nile) se caract\u00e9rise par une production insuffisante d\u2019insuline, laquelle doit \u00eatre administr\u00e9e quotidiennement. La cause du diab\u00e8te de type 1 n\u2019est pas connue, et en l\u2019\u00e9tat des connaissances actuelles, il n\u2019est pas \u00e9vitable. Les sympt\u00f4mes sont les suivants : excr\u00e9tion excessive d\u2019urine (polyurie), sensation de soif (polydipsie), faim constante, perte de poids, alt\u00e9ration de la vision et fatigue. Ces sympt\u00f4mes peuvent appara\u00eetre brutalement. L\u2019alt\u00e9ration de la tol\u00e9rance au glucose et de la glyc\u00e9mie \u00e0 jeun sont des affections interm\u00e9diaires \u00e0 la fronti\u00e8re entre la normalit\u00e9 et le diab\u00e8te.<\/p>\n<h2><b>Le diab\u00e8te de type 2<\/b><\/h2>\n<p>Le diab\u00e8te de type 2 (autrefois appel\u00e9 diab\u00e8te non insulino-d\u00e9pendant ou diab\u00e8te de la maturit\u00e9) r\u00e9sulte d\u2019une mauvaise utilisation de l\u2019insuline par l\u2019organisme. Le diab\u00e8te de type 2 repr\u00e9sente la majorit\u00e9 des cas de diab\u00e8te. Il est en grande partie le r\u00e9sultat d\u2019une surcharge pond\u00e9rale et du manque d\u2019activit\u00e9 physique. Ses sympt\u00f4mes peuvent similaires \u00e0 ceux du diab\u00e8te de type 1 mais sont souvent moins marqu\u00e9s. De ce fait, la maladie peut \u00eatre diagnostiqu\u00e9e plusieurs ann\u00e9es apr\u00e8s son apparition, une fois les complications d\u00e9j\u00e0 pr\u00e9sentes. R\u00e9cemment encore, ce type de diab\u00e8te n\u2019\u00e9tait observ\u00e9 que chez l\u2019adulte mais il survient d\u00e9sormais de plus en plus souvent aussi chez l\u2019enfant.<\/p>\n<h2><b>Les cons\u00e9quences sur la sant\u00e9<\/b><\/h2>\n<p>Avec le temps, le diab\u00e8te peut entra\u00eener des l\u00e9sions cardiaques, vasculaires, oculaires, r\u00e9nales et nerveuses. Chez l\u2019adulte, le diab\u00e8te multiplie par deux ou par trois le risque d\u2019infarctus du myocarde et d\u2019accident vasculaire c\u00e9r\u00e9bral. Associ\u00e9e \u00e0 une diminution du d\u00e9bit sanguin, la neuropathie qui touche les pieds augmente la probabilit\u00e9 d\u2019apparition d\u2019ulc\u00e8res, d\u2019infection et, au bout du compte, d\u2019amputation. La r\u00e9tinopathie diab\u00e9tique, qui est une cause importante de c\u00e9cit\u00e9, survient par suite des l\u00e9sions des petits vaisseaux sanguins de la r\u00e9tine. Le diab\u00e8te est \u00e0 l\u2019origine de 2,6 % des cas de c\u00e9cit\u00e9 dans le monde. Le diab\u00e8te est l\u2019une des principales causes d\u2019insuffisance r\u00e9nale.<\/p>\n<h2><b>La pr\u00e9vention<\/b><\/h2>\n<p>On a montr\u00e9 que des mesures simples modifiant le mode de vie permettaient d\u2019\u00e9viter ou de retarder la survenue du diab\u00e8te de type 2. Pour pr\u00e9venir ce diab\u00e8te et ses complications, il faut<span class=\"Apple-converted-space\">\u00a0 <\/span>parvenir \u00e0 un poids normal et ne pas grossir ; faire une activit\u00e9 physique d\u2019au moins 30 minutes par jour d\u2019activit\u00e9 r\u00e9guli\u00e8re d\u2019intensit\u00e9 mod\u00e9r\u00e9e. Une activit\u00e9 physique plus intense est n\u00e9cessaire pour perdre du poids ; avoir un r\u00e9gime alimentaire sain et \u00e9viter le sucre et les graisses satur\u00e9es ; et s\u2019abstenir de fumer \u2013 fumer augmente le risque de diab\u00e8te et de maladies cardiovasculaires.<\/p>\n<h2><b>Diagnostic et traitement<\/b><\/h2>\n<p>On peut poser un diagnostic pr\u00e9coce en mesurant la glyc\u00e9mie.<span class=\"Apple-converted-space\">\u00a0 <\/span>Le traitement du diab\u00e8te impose d\u2019avoir un r\u00e9gime alimentaire sain et de pratiquer une activit\u00e9 physique ansi que de r\u00e9duire la glyc\u00e9mie et les autres facteurs de risque de l\u00e9sion des vaisseaux sanguins. L\u2019arr\u00eat du tabac est \u00e9galement important pour \u00e9viter les complications.<span class=\"Apple-converted-space\">\u00a0<\/span><\/p>\n<h2><b>Le contr\u00f4le de la glyc\u00e9mie<\/b><\/h2>\n<p>Les personnes atteintes d\u2019un diab\u00e8te de type 1 ont besoin d\u2019insuline,<span class=\"Apple-converted-space\">\u00a0 <\/span>tandis que celles atteintes d\u2019un diab\u00e8te de type 2 peuvent prendre un traitement par voie orale, mais peuvent \u00e9galement avoir besoin d\u2019insuline ; le contr\u00f4le de la tension art\u00e9rielle\u202f; et les soins des pieds (le patient doit veiller \u00e0 l\u2019hygi\u00e8ne des pieds, porter des chaussures adapt\u00e9es, faire appel \u00e0 un professionnel pour la prise en charge des ulc\u00e8res et faire examiner r\u00e9guli\u00e8rement ses pieds par des professionnels de la sant\u00e9). Les autres interventions \u00e9conomiques comprennent\u202f:<span class=\"Apple-converted-space\">\u00a0 <\/span>le d\u00e9pistage de la r\u00e9tinopathie (qui provoque la c\u00e9cit\u00e9) ; le contr\u00f4le des lipides sanguins (afin de r\u00e9guler les concentrations de cholest\u00e9rol) ; le d\u00e9pistage des premiers signes d\u2019une maladie r\u00e9nale li\u00e9e au diab\u00e8te et son traitement.<\/p>\n<p>[\/et_pb_text][et_pb_text _builder_version=\u00a0\u00bb4.9.7&Prime; _module_preset=\u00a0\u00bbdefault\u00a0\u00bb hover_enabled=\u00a0\u00bb0&Prime; sticky_enabled=\u00a0\u00bb0&Prime;]<\/p>\n<h2><strong>Insulib<\/strong><\/h2>\n<p>Avec l\u2019Insulinoth\u00e9rapie Fonctionnelle (IF) , vous subissez moins votre diab\u00e8te\u2026vous le g\u00e9rez ! Avant chaque repas, un petit calcul\u2026 et vos besoins en insuline sont estim\u00e9s ! L\u2019I.F., c\u2019est simple, efficace\u2026<span class=\"Apple-converted-space\">\u00a0 <\/span><\/p>\n<p>Elle a chang\u00e9 la vie de nombreux diab\u00e9tiques. D\u00e9velopper le dialogue et les \u00e9changes entre les personnes diab\u00e9tiques form\u00e9es \u00e0 l\u2019Insulinoth\u00e9rapie Fonctionnelle et les professionnels de sant\u00e9.<\/p>\n<h3><strong>Les objectifs d\u2019insulib : <\/strong><\/h3>\n<ul>\n<li>Promouvoir l\u2019information sur cette approche th\u00e9rapeutique ;<span class=\"Apple-converted-space\">\u00a0 <\/span><\/li>\n<li>Valoriser et diffuser sa pratique pour atteindre un meilleur \u00e9tat de sant\u00e9 ;<\/li>\n<li>Aider la personne \u00e0 devenir un acteur pour pr\u00e9tendre \u00e0 une meilleure qualit\u00e9 de vie ;<\/li>\n<li>Int\u00e9grer l\u2019entourage dans cette d\u00e9marche pour en faire un v\u00e9ritable partenaire.<\/li>\n<\/ul>\n<p>Association INSULIB<br \/><span class=\"Apple-converted-space\">\u00a0\u00a0<\/span>Centre europ\u00e9en d\u2019\u00e9tude du Diab\u00e8te (CEED)<br \/><span class=\"Apple-converted-space\">\u00a0 \u00a0<\/span>Boulevard Ren\u00e9 Leriche 67200 Strasbourg<b><span class=\"Apple-converted-space\"><br \/><\/span><\/b><\/p>\n<p><b><a href=\"http:\/\/www.insulib.com\">www.insulib.com<\/a><br \/><\/b><b>contact@insulib.com<\/b><\/p>\n<p>[\/et_pb_text][\/et_pb_column][\/et_pb_row][\/et_pb_section]<\/p>\n","protected":false},"excerpt":{"rendered":"<p>&nbsp; Avec une surmortalit\u00e9 de 48 % par rapport \u00e0 la moyenne dans l\u2019hexagone, qui place l\u2019Alsace au premier rang des r\u00e9gions o\u00f9 l\u2019on meurt le plus du diab\u00e8te ou de ses complications, le diab\u00e8te est \u00e0 prendre avec s\u00e9rieux dans notre r\u00e9gion.\u00a0 Avoir une alimentation saine, une activit\u00e9 physique r\u00e9guli\u00e8re, un poids normal et [&hellip;]<\/p>\n","protected":false},"author":1,"featured_media":0,"parent":0,"menu_order":0,"comment_status":"closed","ping_status":"closed","template":"","meta":{"_et_pb_use_builder":"on","_et_pb_old_content":"","_et_gb_content_width":"","footnotes":""},"class_list":["post-1266","page","type-page","status-publish","hentry"],"_links":{"self":[{"href":"https:\/\/www.proxi-sante.org\/molsheim\/wp-json\/wp\/v2\/pages\/1266","targetHints":{"allow":["GET"]}}],"collection":[{"href":"https:\/\/www.proxi-sante.org\/molsheim\/wp-json\/wp\/v2\/pages"}],"about":[{"href":"https:\/\/www.proxi-sante.org\/molsheim\/wp-json\/wp\/v2\/types\/page"}],"author":[{"embeddable":true,"href":"https:\/\/www.proxi-sante.org\/molsheim\/wp-json\/wp\/v2\/users\/1"}],"replies":[{"embeddable":true,"href":"https:\/\/www.proxi-sante.org\/molsheim\/wp-json\/wp\/v2\/comments?post=1266"}],"version-history":[{"count":0,"href":"https:\/\/www.proxi-sante.org\/molsheim\/wp-json\/wp\/v2\/pages\/1266\/revisions"}],"wp:attachment":[{"href":"https:\/\/www.proxi-sante.org\/molsheim\/wp-json\/wp\/v2\/media?parent=1266"}],"curies":[{"name":"wp","href":"https:\/\/api.w.org\/{rel}","templated":true}]}}