{"id":1369,"date":"2021-07-09T08:00:44","date_gmt":"2021-07-09T07:00:44","guid":{"rendered":"https:\/\/www.proxi-sante.org\/molsheim\/?page_id=1369"},"modified":"2021-07-09T08:02:40","modified_gmt":"2021-07-09T07:02:40","slug":"habilitation-familiale","status":"publish","type":"page","link":"https:\/\/www.proxi-sante.org\/molsheim\/habilitation-familiale\/","title":{"rendered":"Habilitation familiale"},"content":{"rendered":"<p>&nbsp;<\/p>\n<p><b>L\u2019habilitation familiale permet aux proches d\u2019une personne incapable de manifester sa volont\u00e9 de la repr\u00e9senter dans tous les actes de sa vie ou certains seulement, selon son \u00e9tat.<span class=\"Apple-converted-space\">\u00a0<\/span><\/b><\/p>\n<p>L\u2019habilitation familiale n\u2019est ordonn\u00e9e par le juge qu\u2019en cas de n\u00e9cessit\u00e9.<\/p>\n<p>C\u2019est le cas lorsque les r\u00e8gles habituelles de la repr\u00e9sentation, (habilitation judiciaire aux fins de repr\u00e9sentation du conjoint par exemple) ne permettent pas suffisamment d\u2019assurer les int\u00e9r\u00eats de la personne.<\/p>\n<p>Un ascendant, un descendant, un fr\u00e8re ou une s\u0153ur, l\u2019\u00e9poux, un partenaire de Pacs ou un concubin peuvent \u00eatre habilit\u00e9s.<\/p>\n<p>L\u2019habilitation familiale n\u2019entre pas dans le cadre des mesures de protection judiciaire.<\/p>\n<p>Contrairement aux r\u00e9gimes de sauvegarde de justice, tutelle ou curatelle, une fois la personne d\u00e9sign\u00e9e pour recevoir l\u2019habilitation familiale, le juge n\u2019intervient plus.<\/p>\n<p>&nbsp;<\/p>\n<p>&nbsp;<\/p>\n<p>&nbsp;<\/p>\n","protected":false},"excerpt":{"rendered":"<p>&nbsp; L\u2019habilitation familiale permet aux proches d\u2019une personne incapable de manifester sa volont\u00e9 de la repr\u00e9senter dans tous les actes de sa vie ou certains seulement, selon son \u00e9tat.\u00a0 L\u2019habilitation familiale n\u2019est ordonn\u00e9e par le juge qu\u2019en cas de n\u00e9cessit\u00e9. C\u2019est le cas lorsque les r\u00e8gles habituelles de la repr\u00e9sentation, (habilitation judiciaire aux fins de [&hellip;]<\/p>\n","protected":false},"author":1,"featured_media":0,"parent":0,"menu_order":0,"comment_status":"closed","ping_status":"closed","template":"","meta":{"_et_pb_use_builder":"","_et_pb_old_content":"","_et_gb_content_width":"","footnotes":""},"class_list":["post-1369","page","type-page","status-publish","hentry"],"_links":{"self":[{"href":"https:\/\/www.proxi-sante.org\/molsheim\/wp-json\/wp\/v2\/pages\/1369","targetHints":{"allow":["GET"]}}],"collection":[{"href":"https:\/\/www.proxi-sante.org\/molsheim\/wp-json\/wp\/v2\/pages"}],"about":[{"href":"https:\/\/www.proxi-sante.org\/molsheim\/wp-json\/wp\/v2\/types\/page"}],"author":[{"embeddable":true,"href":"https:\/\/www.proxi-sante.org\/molsheim\/wp-json\/wp\/v2\/users\/1"}],"replies":[{"embeddable":true,"href":"https:\/\/www.proxi-sante.org\/molsheim\/wp-json\/wp\/v2\/comments?post=1369"}],"version-history":[{"count":0,"href":"https:\/\/www.proxi-sante.org\/molsheim\/wp-json\/wp\/v2\/pages\/1369\/revisions"}],"wp:attachment":[{"href":"https:\/\/www.proxi-sante.org\/molsheim\/wp-json\/wp\/v2\/media?parent=1369"}],"curies":[{"name":"wp","href":"https:\/\/api.w.org\/{rel}","templated":true}]}}