{"id":1430,"date":"2021-07-12T20:04:36","date_gmt":"2021-07-12T19:04:36","guid":{"rendered":"https:\/\/www.proxi-sante.org\/molsheim\/?page_id=1430"},"modified":"2021-07-12T20:07:31","modified_gmt":"2021-07-12T19:07:31","slug":"apa","status":"publish","type":"page","link":"https:\/\/www.proxi-sante.org\/molsheim\/apa\/","title":{"rendered":"L&rsquo;APA"},"content":{"rendered":"<p>[et_pb_section fb_built=\u00a0\u00bb1&Prime; admin_label=\u00a0\u00bbsection\u00a0\u00bb _builder_version=\u00a0\u00bb3.22&Prime;][et_pb_row admin_label=\u00a0\u00bbrow\u00a0\u00bb _builder_version=\u00a0\u00bb3.25&Prime; background_size=\u00a0\u00bbinitial\u00a0\u00bb background_position=\u00a0\u00bbtop_left\u00a0\u00bb background_repeat=\u00a0\u00bbrepeat\u00a0\u00bb][et_pb_column type=\u00a0\u00bb4_4&Prime; _builder_version=\u00a0\u00bb3.25&Prime; custom_padding=\u00a0\u00bb|||\u00a0\u00bb custom_padding__hover=\u00a0\u00bb|||\u00a0\u00bb][et_pb_text admin_label=\u00a0\u00bbText\u00a0\u00bb _builder_version=\u00a0\u00bb3.27.4&Prime; background_size=\u00a0\u00bbinitial\u00a0\u00bb background_position=\u00a0\u00bbtop_left\u00a0\u00bb background_repeat=\u00a0\u00bbrepeat\u00a0\u00bb]<\/p>\n<p><b>L\u2019APA<span class=\"Apple-converted-space\">\u00a0<\/span><\/b><\/p>\n<p><b>La Loi n\u00b0 2015-1776 du 28 d\u00e9cembre 2015 relative \u00e0 l\u2019adaptation de la soci\u00e9t\u00e9 au vieillissement r\u00e9forme principalement, et \u00e0 juste titre, le cadre juridique des \u00e9tablissements et services accueillant des personnes \u00e2g\u00e9es d\u00e9pendantes.<\/b><\/p>\n<p>Une personne \u00e2g\u00e9e de plus de<span class=\"Apple-converted-space\">\u00a0 <\/span>60 ans peut b\u00e9n\u00e9ficier de l\u2019Allocation personnalis\u00e9e d\u2019autonomie d\u00e8s lors qu\u2019elle pr\u00e9sente un certain degr\u00e9 de perte d\u2019autonomie. Peuvent ainsi pr\u00e9tendre au<span class=\"Apple-converted-space\">\u00a0 <\/span>b\u00e9n\u00e9fice de cette prestation les personnes<span class=\"Apple-converted-space\">\u00a0 <\/span>class\u00e9es en GIR 1 \u00e0 4 (Le GIR 1 correspondant \u00e0 la perte d\u2019autonomie la plus importante).<span class=\"Apple-converted-space\">\u00a0<\/span>L\u2019APA, vers\u00e9e par le Conseil D\u00e9partemental, permet de financer un certain nombre d\u2019aides\u00a0: le recours \u00e0 une aide \u00e0 domicile, participer au financement pour l\u2019intervention d\u2019un prestataire, les frais de portage de repas, le service de t\u00e9l\u00e9-assistance, la prise en charge en accueil de jour.<span class=\"Apple-converted-space\">\u00a0<\/span>L\u2019APA est accord\u00e9e quel que soit le niveau de ressources, mais son montant est calcul\u00e9 en fonction des revenus dont dispose la personne. <span class=\"Apple-converted-space\">\u00a0<\/span><\/p>\n<p><b>NOTA<\/b> : il n\u2019y a pas de r\u00e9cup\u00e9ration des sommes vers\u00e9es par l\u2019APA lors d\u2019une successsion.<\/p>\n<p>Le dossier de demande d\u2019APA peut \u00eatre retir\u00e9 aupr\u00e8s du guichet d\u2019information de Molsheim, du Conseil D\u00e9partemental ou dans certaines mairies. L\u2019\u00e9valuation de la d\u00e9pendance est r\u00e9alis\u00e9e par un travailleur social du Conseil D\u00e9partemental.<span class=\"Apple-converted-space\">\u00a0 <\/span>Le plan d\u2019aide est<span class=\"Apple-converted-space\">\u00a0 <\/span>r\u00e9visable en cas d\u2019aggravation de la d\u00e9pendance.<span class=\"Apple-converted-space\">\u00a0<\/span><\/p>\n<p><span class=\"Apple-converted-space\">\u00a0<\/span><\/p>\n<h4><span>\u27a5\u00a0<\/span> renseignements :<\/h4>\n<h4><b>\u00a0 \u00a0 <span style=\"color: #0c71c3;\">\u00a0UTAMS Lieu d\u2019accueil et\u00a0<\/span><\/b><span style=\"color: #0c71c3;\"><b>d\u2019information \u00e0 MOLSHEIM<\/b><\/span><b><span class=\"Apple-converted-space\">\u00a0<\/span><\/b><\/h4>\n<p><span class=\"Apple-converted-space\">\u00a0\u00a0 \u00a0 \u00a0 <\/span>16b rue Gaston Romazzotti<br \/><span class=\"Apple-converted-space\">\u00a0 \u00a0 \u00a0 \u00a0 <\/span>67120 Molsheim <span class=\"Apple-converted-space\"><br \/><\/span><span class=\"Apple-converted-space\"> <\/span><\/p>\n<h4><span style=\"color: #0c71c3;\">\u00a0 \u00a0 \u00a0\u27a5\u00a0 <b>03 68 33 87 44<\/b><\/span><span class=\"Apple-converted-space\"><\/span><\/h4>\n<p><span class=\"Apple-converted-space\">\u00a0<\/span><\/p>\n<p>[\/et_pb_text][\/et_pb_column][\/et_pb_row][\/et_pb_section]<\/p>\n","protected":false},"excerpt":{"rendered":"<p>L\u2019APA\u00a0 La Loi n\u00b0 2015-1776 du 28 d\u00e9cembre 2015 relative \u00e0 l\u2019adaptation de la soci\u00e9t\u00e9 au vieillissement r\u00e9forme principalement, et \u00e0 juste titre, le cadre juridique des \u00e9tablissements et services accueillant des personnes \u00e2g\u00e9es d\u00e9pendantes. Une personne \u00e2g\u00e9e de plus de\u00a0 60 ans peut b\u00e9n\u00e9ficier de l\u2019Allocation personnalis\u00e9e d\u2019autonomie d\u00e8s lors qu\u2019elle pr\u00e9sente un certain [&hellip;]<\/p>\n","protected":false},"author":1,"featured_media":0,"parent":0,"menu_order":0,"comment_status":"closed","ping_status":"closed","template":"","meta":{"_et_pb_use_builder":"on","_et_pb_old_content":"<b>L\u2019APA<span class=\"Apple-converted-space\">\u00a0<\/span><\/b>\r\n\r\n<b>La Loi n\u00b0 2015-1776 du 28 d\u00e9cembre 2015 relative \u00e0 l\u2019adaptation de la soci\u00e9t\u00e9 au vieillissement r\u00e9forme principalement, et \u00e0 juste titre, le cadre juridique des \u00e9tablissements et services accueillant des personnes \u00e2g\u00e9es d\u00e9pendantes.<\/b>\r\n\r\nUne personne \u00e2g\u00e9e de plus de<span class=\"Apple-converted-space\">\u00a0 <\/span>60 ans peut b\u00e9n\u00e9ficier de l\u2019Allocation personnalis\u00e9e d\u2019autonomie d\u00e8s lors qu\u2019elle pr\u00e9sente un certain degr\u00e9 de perte d\u2019autonomie. Peuvent ainsi pr\u00e9tendre au<span class=\"Apple-converted-space\">\u00a0 <\/span>b\u00e9n\u00e9fice de cette prestation les personnes<span class=\"Apple-converted-space\">\u00a0 <\/span>class\u00e9es en GIR 1 \u00e0 4 (Le GIR 1 correspondant \u00e0 la perte d\u2019autonomie la plus importante).<span class=\"Apple-converted-space\">\u00a0<\/span>L\u2019APA, vers\u00e9e par le Conseil D\u00e9partemental, permet de financer un certain nombre d\u2019aides\u00a0: le recours \u00e0 une aide \u00e0 domicile, participer au financement pour l\u2019intervention d\u2019un prestataire, les frais de portage de repas, le service de t\u00e9l\u00e9-assistance, la prise en charge en accueil de jour.<span class=\"Apple-converted-space\">\u00a0<\/span>L\u2019APA est accord\u00e9e quel que soit le niveau de ressources, mais son montant est calcul\u00e9 en fonction des revenus dont dispose la personne. <span class=\"Apple-converted-space\">\u00a0<\/span>\r\n\r\n<b>NOTA<\/b> : il n\u2019y a pas de r\u00e9cup\u00e9ration des sommes vers\u00e9es par l\u2019APA lors d\u2019une successsion.\r\n\r\nLe dossier de demande d\u2019APA peut \u00eatre retir\u00e9 aupr\u00e8s du guichet d\u2019information de Molsheim, du Conseil D\u00e9partemental ou dans certaines mairies. L\u2019\u00e9valuation de la d\u00e9pendance est r\u00e9alis\u00e9e par un travailleur social du Conseil D\u00e9partemental.<span class=\"Apple-converted-space\">\u00a0 <\/span>Le plan d\u2019aide est<span class=\"Apple-converted-space\">\u00a0 <\/span>r\u00e9visable en cas d\u2019aggravation de la d\u00e9pendance.<span class=\"Apple-converted-space\">\u00a0<\/span>\r\n\r\n<span class=\"Apple-converted-space\">\u00a0<\/span>\r\n\r\n&gt; renseignements : <b>UTAMS Lieu d\u2019accueil et\u00a0<\/b><b>d\u2019information \u00e0 MOLSHEIM<\/b><b><span class=\"Apple-converted-space\">\u00a0<\/span><\/b>\r\n\r\n<span class=\"Apple-converted-space\">\u00a0\u00a0 \u00a0 \u00a0 <\/span>16b rue Gaston Romazzotti\r\n<span class=\"Apple-converted-space\">\u00a0 \u00a0 \u00a0 \u00a0 <\/span>67120 Molsheim <span class=\"Apple-converted-space\">\r\n<\/span><span class=\"Apple-converted-space\">\u00a0<\/span>Tel. : \u00a003 68 33 87 44\r\n\r\n<span class=\"Apple-converted-space\">\u00a0<\/span>","_et_gb_content_width":"","footnotes":""},"class_list":["post-1430","page","type-page","status-publish","hentry"],"_links":{"self":[{"href":"https:\/\/www.proxi-sante.org\/molsheim\/wp-json\/wp\/v2\/pages\/1430","targetHints":{"allow":["GET"]}}],"collection":[{"href":"https:\/\/www.proxi-sante.org\/molsheim\/wp-json\/wp\/v2\/pages"}],"about":[{"href":"https:\/\/www.proxi-sante.org\/molsheim\/wp-json\/wp\/v2\/types\/page"}],"author":[{"embeddable":true,"href":"https:\/\/www.proxi-sante.org\/molsheim\/wp-json\/wp\/v2\/users\/1"}],"replies":[{"embeddable":true,"href":"https:\/\/www.proxi-sante.org\/molsheim\/wp-json\/wp\/v2\/comments?post=1430"}],"version-history":[{"count":0,"href":"https:\/\/www.proxi-sante.org\/molsheim\/wp-json\/wp\/v2\/pages\/1430\/revisions"}],"wp:attachment":[{"href":"https:\/\/www.proxi-sante.org\/molsheim\/wp-json\/wp\/v2\/media?parent=1430"}],"curies":[{"name":"wp","href":"https:\/\/api.w.org\/{rel}","templated":true}]}}