{"id":310,"date":"2011-02-08T15:40:28","date_gmt":"2011-02-08T14:40:28","guid":{"rendered":"https:\/\/www.proxi-sante.org\/wass\/"},"modified":"2016-12-01T09:27:53","modified_gmt":"2016-12-01T08:27:53","slug":"telealarme","status":"publish","type":"page","link":"https:\/\/www.proxi-sante.org\/molsheim\/soins\/telealarme\/","title":{"rendered":"la t\u00e9l\u00e9alarme"},"content":{"rendered":"<p>Le syst\u00e8me de t\u00e9l\u00e9alarme se compose d\u2019un petit m\u00e9daillon \u00e9metteur port\u00e9 autour du cou ou au poignet, qui permet de d\u00e9clencher un dispositif d\u2019alarme.<br \/>\nUne simple pression sur le bouton d\u2019appel alerte directement, 24h\/24, un centre d\u2019\u00e9coute.<br \/>\nEn cas de besoin, ce centre fera intervenir, soit la ou les personnes de votre choix que vous aurez pris soin de lui indiquer (telles qu\u2019un membre de votre famille ou un voisin), soit un service de secours (m\u00e9decin ou pompiers).<br \/>\nLes utilisateurs de ce service r\u00e8glent un forfait mensuel d\u2019abonnement auquel le conseil g\u00e9n\u00e9ral ou certaines caisses de retraite ou assurances peuvent contribuer selon vos contrats ou votre situation.<\/p>\n<p>Ce syst\u00e8me est un moyen de s\u00e9curiser le maintien \u00e0 domicile.<br \/>\nLocalement ce service est rendu par :<\/p>\n<p style=\"padding-left: 30px;\">\u27a5 SERVIR PRO : assistance aux personnes isol\u00e9es et\/ou \u00e2g\u00e9es \u00e0 Molsheim. \u2013 T\u00e9l : 03.88.47.94.00<\/p>\n<p style=\"padding-left: 30px;\">\u27a5 ABRAPA : 6, rue Notre Dame \u00e0 Molsheim \u2013 T\u00e9l : 03.88.38.65.16<\/p>\n<p style=\"padding-left: 30px;\">\n","protected":false},"excerpt":{"rendered":"<p>Le syst\u00e8me de t\u00e9l\u00e9alarme se compose d\u2019un petit m\u00e9daillon \u00e9metteur port\u00e9 autour du cou ou au poignet, qui permet de d\u00e9clencher un dispositif d\u2019alarme. Une simple pression sur le bouton d\u2019appel alerte directement, 24h\/24, un centre d\u2019\u00e9coute. En cas de besoin, ce centre fera intervenir, soit la ou les personnes de votre choix que vous [&hellip;]<\/p>\n","protected":false},"author":1,"featured_media":0,"parent":12,"menu_order":36,"comment_status":"open","ping_status":"closed","template":"","meta":{"_et_pb_use_builder":"","_et_pb_old_content":"","_et_gb_content_width":"","footnotes":""},"class_list":["post-310","page","type-page","status-publish","hentry"],"_links":{"self":[{"href":"https:\/\/www.proxi-sante.org\/molsheim\/wp-json\/wp\/v2\/pages\/310","targetHints":{"allow":["GET"]}}],"collection":[{"href":"https:\/\/www.proxi-sante.org\/molsheim\/wp-json\/wp\/v2\/pages"}],"about":[{"href":"https:\/\/www.proxi-sante.org\/molsheim\/wp-json\/wp\/v2\/types\/page"}],"author":[{"embeddable":true,"href":"https:\/\/www.proxi-sante.org\/molsheim\/wp-json\/wp\/v2\/users\/1"}],"replies":[{"embeddable":true,"href":"https:\/\/www.proxi-sante.org\/molsheim\/wp-json\/wp\/v2\/comments?post=310"}],"version-history":[{"count":0,"href":"https:\/\/www.proxi-sante.org\/molsheim\/wp-json\/wp\/v2\/pages\/310\/revisions"}],"up":[{"embeddable":true,"href":"https:\/\/www.proxi-sante.org\/molsheim\/wp-json\/wp\/v2\/pages\/12"}],"wp:attachment":[{"href":"https:\/\/www.proxi-sante.org\/molsheim\/wp-json\/wp\/v2\/media?parent=310"}],"curies":[{"name":"wp","href":"https:\/\/api.w.org\/{rel}","templated":true}]}}