{"id":32,"date":"2010-11-25T15:49:51","date_gmt":"2010-11-25T15:49:51","guid":{"rendered":"https:\/\/www.proxi-sante.org\/wass\/?page_id=32"},"modified":"2020-03-24T15:48:50","modified_gmt":"2020-03-24T14:48:50","slug":"risque-lies-a-la-vie-quotidienne","status":"publish","type":"page","link":"https:\/\/www.proxi-sante.org\/molsheim\/prevention\/risque-lies-a-la-vie-quotidienne\/","title":{"rendered":"risques li\u00e9s \u00e0 la vie quotidienne"},"content":{"rendered":"<h3>La maison, un lieu \u00e0 risques.<\/h3>\n<p>Une personne en situation de handicap, ou en \u00e9tat de vieillissement, doit \u00eatre prise en compte dans sa totalit\u00e9.<\/p>\n<p>La maison est l\u2019endroit le plus \u00ab\u00a0accidentog\u00e8ne\u00a0\u00bb de la vie courante, 60% des accidents domestiques s\u2019y localisent : 2 fois plus que les accidents de la route.<\/p>\n<p>La vigilance au quotidien est de veiller \u00e0 ce que le trajet habituel soit d\u00e9gag\u00e9 de tout obstacle.<\/p>\n<h3>Vous trouvez quelques pr\u00e9cautions \u00e0 prendre pour \u00e9viter l\u2019accident.<\/h3>\n<h4>La cuisine<\/h4>\n<div id=\"attachment_264\" style=\"width: 310px\" class=\"wp-caption alignright\"><a href=\"https:\/\/www.proxi-sante.org\/wass\/wp-content\/uploads\/2010\/11\/PH229-090net.jpg\"><img loading=\"lazy\" decoding=\"async\" aria-describedby=\"caption-attachment-264\" class=\"size-medium wp-image-264 \" title=\"PH229-090net\" src=\"https:\/\/www.proxi-sante.org\/wass\/wp-content\/uploads\/2010\/11\/PH229-090net-300x199.jpg\" alt=\"\" width=\"300\" height=\"199\" \/><\/a><p id=\"caption-attachment-264\" class=\"wp-caption-text\">\u00a9phovoir<\/p><\/div>\n<p><strong>Intoxication au monoxyde de carbone,<\/strong> en cas de d\u00e9faut d\u2019a\u00e9rations. Ne bouchez pas les a\u00e9rateurs, faites v\u00e9rifier annuellement vos appareils de chauffage. V\u00e9rifiez p\u00e9riodiquement les tuyaux de gaz (risque d\u2019explosion).<\/p>\n<p><strong>Intoxication par produits m\u00e9nagers <\/strong>: achetez des produits munis des bouchons de s\u00e9curit\u00e9.<\/p>\n<p><strong>Br\u00fblures<\/strong> : Tournez les queues de casserole vers l\u2019int\u00e9rieur de la plaque de cuisson.<\/p>\n<p><strong>Coupures<\/strong> : Rangez les objets tranchants.<\/p>\n<p><strong>B\u00e9b\u00e9<br \/>\nChute de chaise haute<\/strong> : pour les enfants, mettez un harnais aux plus toniques.<\/p>\n<h4>La salle de bains<\/h4>\n<p><strong>Enfant<br \/>\nIntoxication<\/strong> par les m\u00e9dicaments ou produits cosm\u00e9tiques. Ne les laissez pas \u00e0 port\u00e9e de mains des enfants.<br \/>\nPensez \u00e0 rapporter vos m\u00e9dicaments non utilis\u00e9s au pharmacien.<\/p>\n<p><strong>B\u00e9b\u00e9<br \/>\nNoyade dans la baignoire<\/strong> : ne laissez pas un enfant de moins de 5 ans seul.<br \/>\n<strong>Chutes<\/strong> : Ne laissez jamais un b\u00e9b\u00e9 seul sur une table \u00e0 langer.<\/p>\n<p><strong>Personnes \u00e2g\u00e9es<br \/>\nDouche :<\/strong> Equipez la douche par une barre de maintien et un si\u00e8ge de douche.<br \/>\n<strong>Br\u00fblures : <\/strong>pr\u00e9f\u00e9rez un robinet thermostatique. Limitez le ballon d\u2019eau chaude \u00e0 50\u00b0 maxi.<\/p>\n<h4>Le salon &#8211; salle \u00e0 manger<\/h4>\n<p><strong>Incendie<\/strong> : 1 incendie d\u2019habitation se d\u00e9clare toutes les 2 minutes en France. Ne laissez pas des bougies ou diffuseurs de parfum br\u00fbler sans surveillance.<br \/>\n<strong>Suffocation<\/strong> : Ne donnez pas de cacahu\u00e8tes ni de bonbons aux enfants de moins de 5 ans.<\/p>\n<p><strong>Personnes \u00e2g\u00e9es<br \/>\nChutes<\/strong> : supprimez les tapis.<\/p>\n<h4>La chambre<\/h4>\n<p><strong>B\u00e9b\u00e9<br \/>\nP<\/strong><strong>r\u00e9venez les risques d\u2019\u00e9touffements<\/strong> : pas d\u2019oreiller, de couette ni de couverture aux petits. Utilisez turbulette ou gigoteuse pour les nourissons.<\/p>\n<p><strong>Enfant<br \/>\nSuffocation<\/strong> : Rangez les petits jouets laiss\u00e9s tra\u00een\u00e9s par terre.<\/p>\n<p><strong>Personnes \u00e2g\u00e9es<br \/>\nChutes<\/strong> : supprimez les tapis et installez une veilleuse.<\/p>\n<h4>Les escaliers<\/h4>\n<p><strong>Chutes<\/strong> : principale cause d\u2019accidents des seniors, pensez \u00e0 r\u00e9am\u00e9nager la maison en fonction des nouveaux besoins.<br \/>\nEclairez, \u00e9quipez votre escalier de veilleuse et de rampes.<\/p>\n<p><strong>Enfant<\/strong><br \/>\n\u00e9quipez de barri\u00e8res de protection pour les petits.<\/p>\n<h4>Le garage<\/h4>\n<p><strong>Intoxication<\/strong> : rangez les produits toxiques<br \/>\n<strong>Incendies<\/strong> : tenez \u00e0 l\u2019\u00e9cart les produits inflammables et allumettes.<\/p>\n<h4>Le jardin<\/h4>\n<p><strong>Coupure<\/strong> : Ne d\u00e9bourrez jamais la tondeuse non d\u00e9bray\u00e9e, ni arr\u00eat\u00e9e.<\/p>\n<p><strong>B\u00e9b\u00e9<br \/>\nNoyade<\/strong> : S\u00e9curisez la piscine par des barri\u00e8res ou autre syst\u00e8me d\u2019alerte efficace.<\/p>\n<h4>Les autres risques<\/h4>\n<p><strong>Br\u00fblure<\/strong> : ne laissez jamais un fer \u00e0 repasser branch\u00e9 sans surveillance rapproch\u00e9e.<br \/>\n<strong>Electrisation-Electrocution <\/strong>: Installez des cache-prises efficaces, ne laissez jamais une rallonge \u00e9lectrique branch\u00e9e au secteur non raccord\u00e9e \u00e0 un appareil \u00e9lectrique.<\/p>\n<div id=\"wkWidgetScriptVersion\"><\/div>\n<div><\/div>\n<div><\/div>\n<div><\/div>\n<div><\/div>\n","protected":false},"excerpt":{"rendered":"<p>La maison, un lieu \u00e0 risques. Une personne en situation de handicap, ou en \u00e9tat de vieillissement, doit \u00eatre prise en compte dans sa totalit\u00e9. La maison est l\u2019endroit le plus \u00ab\u00a0accidentog\u00e8ne\u00a0\u00bb de la vie courante, 60% des accidents domestiques s\u2019y localisent : 2 fois plus que les accidents de la route. La vigilance au [&hellip;]<\/p>\n","protected":false},"author":1,"featured_media":0,"parent":6,"menu_order":11,"comment_status":"open","ping_status":"closed","template":"","meta":{"_et_pb_use_builder":"","_et_pb_old_content":"","_et_gb_content_width":"","footnotes":""},"class_list":["post-32","page","type-page","status-publish","hentry"],"_links":{"self":[{"href":"https:\/\/www.proxi-sante.org\/molsheim\/wp-json\/wp\/v2\/pages\/32","targetHints":{"allow":["GET"]}}],"collection":[{"href":"https:\/\/www.proxi-sante.org\/molsheim\/wp-json\/wp\/v2\/pages"}],"about":[{"href":"https:\/\/www.proxi-sante.org\/molsheim\/wp-json\/wp\/v2\/types\/page"}],"author":[{"embeddable":true,"href":"https:\/\/www.proxi-sante.org\/molsheim\/wp-json\/wp\/v2\/users\/1"}],"replies":[{"embeddable":true,"href":"https:\/\/www.proxi-sante.org\/molsheim\/wp-json\/wp\/v2\/comments?post=32"}],"version-history":[{"count":0,"href":"https:\/\/www.proxi-sante.org\/molsheim\/wp-json\/wp\/v2\/pages\/32\/revisions"}],"up":[{"embeddable":true,"href":"https:\/\/www.proxi-sante.org\/molsheim\/wp-json\/wp\/v2\/pages\/6"}],"wp:attachment":[{"href":"https:\/\/www.proxi-sante.org\/molsheim\/wp-json\/wp\/v2\/media?parent=32"}],"curies":[{"name":"wp","href":"https:\/\/api.w.org\/{rel}","templated":true}]}}