{"id":334,"date":"2011-02-08T16:02:29","date_gmt":"2011-02-08T15:02:29","guid":{"rendered":"https:\/\/www.proxi-sante.org\/wass\/"},"modified":"2016-12-01T09:29:44","modified_gmt":"2016-12-01T08:29:44","slug":"le-handicap-definition","status":"publish","type":"page","link":"https:\/\/www.proxi-sante.org\/molsheim\/handicap\/le-handicap-definition\/","title":{"rendered":"le handicap"},"content":{"rendered":"<p>&nbsp;<\/p>\n<h2>Etre en situation de handicap, quezaco ?<\/h2>\n<p>La loi du 11 f\u00e9vrier 2005 pr\u00e9sente trois missions : elle garantit aux personnes en situation de handicap le libre choix de son projet de vie gr\u00e2ce \u00e0 la compensation des cons\u00e9quences de leur handicap; elle place le handicap\u00e9 au coeur du dispositif mis en place ; elle leur permet une participation de fait \u00e0 la vie sociale, autour du principe d\u2019accessibilit\u00e9 g\u00e9n\u00e9ralis\u00e9e.<br \/>\nSe trouve en situation d\u2019handicap toute personne en limitation d\u2019activit\u00e9, ou restriction de participation \u00e0 la vie en soci\u00e9t\u00e9 en raison d\u2019une alt\u00e9ration substantielle, durable ou d\u00e9finitive d\u2019une ou plusieurs fonctions physiques, sensorielles, mentales, cognitives ou psychiques&#8230;d\u2019un polyhandicap ou trouble de sant\u00e9 invalidant.<\/p>\n<h2>La MDPH<\/h2>\n<p>La Maison D\u00e9partementale des Personnes Handicap\u00e9es (MDPH) r\u00e9pond \u00e0 ce besoin en \u00e9tant le guichet unique d\u2019accueil dont le but est de faciliter les d\u00e9marches ainsi que les acc\u00e8s aux droits de la personne handicap\u00e9e.<\/p>\n<h4><strong>renseignements :<\/strong><\/h4>\n<h4>\u27a5\u00a0UTAMS SUD<\/h4>\n<p>16b rue Gaston Romazzotti &#8211; 67120 MOLSHEIM<br \/>\n\u2706 03 68 33 89 00<\/p>\n<h4>\u27a5 Maison D\u00e9partementale des Personnes Handicap\u00e9es &#8211; MDPH<\/h4>\n<p>6a rue du Verdon &#8211; 67100 Strasbourg<br \/>\n\u2706 0800 747 900 : appel gratuit depuis un poste fixe.<br \/>\n<a href=\"mailto:accueil.mdph@cg67.fr\">accueil.mdph@cg67.fr<\/a><\/p>\n<h2>Accueil temporaire en \u00e9tablissement social ou m\u00e9dico-social *<\/h2>\n<p>L\u2019h\u00e9bergement temporaire en \u00e9tablissement social ou m\u00e9dico-social est une r\u00e9ponse possible \u00e0 un double besoin : permettre \u00e0 la personne atteinte d\u2019un handicap \u00e0 changer de cadre de vie et accorder des temps de repos aux \u201caidants familiaux\u201c.<\/p>\n<p>L\u2019accueil de jour en \u00e9tablissement social ou m\u00e9dico-social.<br \/>\n* Formulaires fournis par la MDPH, accord\u00e9 en fonction des places disponibles ;<br \/>\nFinancement accord\u00e9 par le CG67.<\/p>\n","protected":false},"excerpt":{"rendered":"<p>&nbsp; Etre en situation de handicap, quezaco ? La loi du 11 f\u00e9vrier 2005 pr\u00e9sente trois missions : elle garantit aux personnes en situation de handicap le libre choix de son projet de vie gr\u00e2ce \u00e0 la compensation des cons\u00e9quences de leur handicap; elle place le handicap\u00e9 au coeur du dispositif mis en place ; [&hellip;]<\/p>\n","protected":false},"author":1,"featured_media":0,"parent":17,"menu_order":41,"comment_status":"open","ping_status":"closed","template":"","meta":{"_et_pb_use_builder":"","_et_pb_old_content":"","_et_gb_content_width":"","footnotes":""},"class_list":["post-334","page","type-page","status-publish","hentry"],"_links":{"self":[{"href":"https:\/\/www.proxi-sante.org\/molsheim\/wp-json\/wp\/v2\/pages\/334","targetHints":{"allow":["GET"]}}],"collection":[{"href":"https:\/\/www.proxi-sante.org\/molsheim\/wp-json\/wp\/v2\/pages"}],"about":[{"href":"https:\/\/www.proxi-sante.org\/molsheim\/wp-json\/wp\/v2\/types\/page"}],"author":[{"embeddable":true,"href":"https:\/\/www.proxi-sante.org\/molsheim\/wp-json\/wp\/v2\/users\/1"}],"replies":[{"embeddable":true,"href":"https:\/\/www.proxi-sante.org\/molsheim\/wp-json\/wp\/v2\/comments?post=334"}],"version-history":[{"count":0,"href":"https:\/\/www.proxi-sante.org\/molsheim\/wp-json\/wp\/v2\/pages\/334\/revisions"}],"up":[{"embeddable":true,"href":"https:\/\/www.proxi-sante.org\/molsheim\/wp-json\/wp\/v2\/pages\/17"}],"wp:attachment":[{"href":"https:\/\/www.proxi-sante.org\/molsheim\/wp-json\/wp\/v2\/media?parent=334"}],"curies":[{"name":"wp","href":"https:\/\/api.w.org\/{rel}","templated":true}]}}