{"id":475,"date":"2013-02-01T10:57:02","date_gmt":"2013-02-01T09:57:02","guid":{"rendered":"https:\/\/www.proxi-sante.org\/molsheim\/?page_id=475"},"modified":"2021-07-09T07:58:54","modified_gmt":"2021-07-09T06:58:54","slug":"la-personne-de-confiance","status":"publish","type":"page","link":"https:\/\/www.proxi-sante.org\/molsheim\/aides-protection\/la-personne-de-confiance\/","title":{"rendered":"la personne de confiance"},"content":{"rendered":"<p>Notions de directives anticip\u00e9es et de personne de confiance, et ceci dans le cadre du respect de l\u2019autonomie de la personne.<\/p>\n<h2><b>La personne de confiance\u00a0<\/b><\/h2>\n<p>Toute personne peut d\u00e9signer une personne de confiance, qui peut \u00eatre un parent, le m\u00e9decin traitant ou tout autre personne de son choix.<\/p>\n<p>Cette personne sera inform\u00e9e de ce choix.<\/p>\n<p>Elle exprimera la volont\u00e9 de la personne malade qu\u2019elle repr\u00e9sente, lorsque celle-ci ne sera plus en mesure de l\u2019exprimer elle-m\u00eame.<\/p>\n<p>Elle peut aussi accompagner le malade dans le cadre de ses d\u00e9marches de soin, si celui-ci le souhaite.<\/p>\n<p>Cette personne de confiance pourra \u00eatre r\u00e9voqu\u00e9e \u00e0 tout moment.<\/p>\n<p>Elle a un r\u00f4le consultatif aupr\u00e8s des soignants en cas de d\u00e9cision th\u00e9rapeutique.<\/p>\n<p>Il incombera n\u00e9anmoins en dernier recours au m\u00e9decin traitant de prendre la d\u00e9cision m\u00e9dicale adapt\u00e9e au cas de son patient.<\/p>\n<p>&nbsp;<\/p>\n<p>&nbsp;<\/p>\n","protected":false},"excerpt":{"rendered":"<p>Notions de directives anticip\u00e9es et de personne de confiance, et ceci dans le cadre du respect de l\u2019autonomie de la personne. La personne de confiance\u00a0 Toute personne peut d\u00e9signer une personne de confiance, qui peut \u00eatre un parent, le m\u00e9decin traitant ou tout autre personne de son choix. Cette personne sera inform\u00e9e de ce choix. [&hellip;]<\/p>\n","protected":false},"author":1,"featured_media":0,"parent":19,"menu_order":71,"comment_status":"open","ping_status":"closed","template":"","meta":{"_et_pb_use_builder":"","_et_pb_old_content":"","_et_gb_content_width":"","footnotes":""},"class_list":["post-475","page","type-page","status-publish","hentry"],"_links":{"self":[{"href":"https:\/\/www.proxi-sante.org\/molsheim\/wp-json\/wp\/v2\/pages\/475","targetHints":{"allow":["GET"]}}],"collection":[{"href":"https:\/\/www.proxi-sante.org\/molsheim\/wp-json\/wp\/v2\/pages"}],"about":[{"href":"https:\/\/www.proxi-sante.org\/molsheim\/wp-json\/wp\/v2\/types\/page"}],"author":[{"embeddable":true,"href":"https:\/\/www.proxi-sante.org\/molsheim\/wp-json\/wp\/v2\/users\/1"}],"replies":[{"embeddable":true,"href":"https:\/\/www.proxi-sante.org\/molsheim\/wp-json\/wp\/v2\/comments?post=475"}],"version-history":[{"count":0,"href":"https:\/\/www.proxi-sante.org\/molsheim\/wp-json\/wp\/v2\/pages\/475\/revisions"}],"up":[{"embeddable":true,"href":"https:\/\/www.proxi-sante.org\/molsheim\/wp-json\/wp\/v2\/pages\/19"}],"wp:attachment":[{"href":"https:\/\/www.proxi-sante.org\/molsheim\/wp-json\/wp\/v2\/media?parent=475"}],"curies":[{"name":"wp","href":"https:\/\/api.w.org\/{rel}","templated":true}]}}