{"id":48,"date":"2010-11-25T16:08:13","date_gmt":"2010-11-25T16:08:13","guid":{"rendered":"https:\/\/www.proxi-sante.org\/wass\/?page_id=48"},"modified":"2021-07-13T13:18:48","modified_gmt":"2021-07-13T12:18:48","slug":"les-services-daide-au-maintien","status":"publish","type":"page","link":"https:\/\/www.proxi-sante.org\/molsheim\/soins\/les-services-daide-au-maintien\/","title":{"rendered":"les services d\u2019aide au maintien"},"content":{"rendered":"<p>[et_pb_section fb_built=\u00a0\u00bb1&Prime; _builder_version=\u00a0\u00bb3.22&Prime;][et_pb_row _builder_version=\u00a0\u00bb3.25&Prime; background_size=\u00a0\u00bbinitial\u00a0\u00bb background_position=\u00a0\u00bbtop_left\u00a0\u00bb background_repeat=\u00a0\u00bbrepeat\u00a0\u00bb][et_pb_column type=\u00a0\u00bb4_4&Prime; _builder_version=\u00a0\u00bb3.25&Prime; custom_padding=\u00a0\u00bb|||\u00a0\u00bb custom_padding__hover=\u00a0\u00bb|||\u00a0\u00bb][et_pb_text _builder_version=\u00a0\u00bb4.9.7&Prime; background_size=\u00a0\u00bbinitial\u00a0\u00bb background_position=\u00a0\u00bbtop_left\u00a0\u00bb background_repeat=\u00a0\u00bbrepeat\u00a0\u00bb]<\/p>\n<p>Une gamme compl\u00e8te de services \u00e0 la personne sont propos\u00e9s : aide \u00e0 domicile pour le m\u00e9nage, repassage, aide aux courses, t\u00e9l\u00e9assistance, aide \u00e0 la pr\u00e9paration des repas, travaux de jardinage\u2026<\/p>\n<p>Sur le secteur :<\/p>\n<p>Les autres services \u00e0 la personne et aides au maintien \u00e0 domicile sont r\u00e9pertori\u00e9s dans le document PDF Proxi-Sant\u00e9 Molsheim<\/p>\n<p>&nbsp;<\/p>\n<p>[\/et_pb_text][\/et_pb_column][\/et_pb_row][et_pb_row column_structure=\u00a0\u00bb1_3,1_3,1_3&Prime; _builder_version=\u00a0\u00bb4.9.7&Prime; _module_preset=\u00a0\u00bbdefault\u00a0\u00bb background_color=\u00a0\u00bb#B3F9B1&Prime;][et_pb_column type=\u00a0\u00bb1_3&Prime; _builder_version=\u00a0\u00bb4.9.7&Prime; _module_preset=\u00a0\u00bbdefault\u00a0\u00bb background_color=\u00a0\u00bb#EDF000&Prime;][et_pb_text _builder_version=\u00a0\u00bb4.9.7&Prime; _module_preset=\u00a0\u00bbdefault\u00a0\u00bb background_color=\u00a0\u00bb#B3F9B1&Prime;]<\/p>\n<p style=\"text-align: center;\">\u00a0<strong>ABRAPA<\/strong><\/p>\n<p style=\"text-align: center;\">22 route Ecospace<\/p>\n<p style=\"text-align: center;\">66120 MOLSHEIM<\/p>\n<p style=\"text-align: center;\">03 88 21 30 21<\/p>\n<p>[\/et_pb_text][\/et_pb_column][et_pb_column type=\u00a0\u00bb1_3&Prime; _builder_version=\u00a0\u00bb4.9.7&Prime; _module_preset=\u00a0\u00bbdefault\u00a0\u00bb][et_pb_text _builder_version=\u00a0\u00bb4.9.7&Prime; _module_preset=\u00a0\u00bbdefault\u00a0\u00bb]<\/p>\n<p style=\"text-align: center;\"><strong>\u00a0D&rsquo;SNM SERVICES<\/strong><\/p>\n<p style=\"text-align: center;\">32 Rue de la Boucherie<\/p>\n<p style=\"text-align: center;\">67120 MOLSHEIM<\/p>\n<p style=\"text-align: center;\">06 80 87 66 84<\/p>\n<p>[\/et_pb_text][\/et_pb_column][et_pb_column type=\u00a0\u00bb1_3&Prime; _builder_version=\u00a0\u00bb4.9.7&Prime; _module_preset=\u00a0\u00bbdefault\u00a0\u00bb][et_pb_text _builder_version=\u00a0\u00bb4.9.7&Prime; _module_preset=\u00a0\u00bbdefault\u00a0\u00bb]<\/p>\n<p style=\"text-align: center;\"><strong>MILLE PATTES<\/strong><\/p>\n<p style=\"text-align: center;\">15 rue du Mr Kirmann<\/p>\n<p style=\"text-align: center;\">67780 BISCHOFFSHEIM<\/p>\n<p style=\"text-align: center;\">03 88 87 18 32<\/p>\n<p>[\/et_pb_text][\/et_pb_column][\/et_pb_row][et_pb_row column_structure=\u00a0\u00bb1_3,1_3,1_3&Prime; _builder_version=\u00a0\u00bb4.9.7&Prime; _module_preset=\u00a0\u00bbdefault\u00a0\u00bb hover_enabled=\u00a0\u00bb0&Prime; background_color=\u00a0\u00bb#B3F9B1&Prime; sticky_enabled=\u00a0\u00bb0&Prime;][et_pb_column type=\u00a0\u00bb1_3&Prime; _builder_version=\u00a0\u00bb4.9.7&Prime; _module_preset=\u00a0\u00bbdefault\u00a0\u00bb background_color=\u00a0\u00bb#B3F9B1&Prime;][et_pb_text _builder_version=\u00a0\u00bb4.9.7&Prime; _module_preset=\u00a0\u00bbdefault\u00a0\u00bb]<\/p>\n<p style=\"text-align: center;\"><strong>SERVIR PRO<\/strong><\/p>\n<p style=\"text-align: center;\">4 Rue Ernest Friederich<\/p>\n<p style=\"text-align: center;\">67120 Molsheim<\/p>\n<p style=\"text-align: center;\">03 88 47 94 00<\/p>\n<p>[\/et_pb_text][\/et_pb_column][et_pb_column type=\u00a0\u00bb1_3&Prime; _builder_version=\u00a0\u00bb4.9.7&Prime; _module_preset=\u00a0\u00bbdefault\u00a0\u00bb background_color=\u00a0\u00bb#B3F9B1&Prime;][et_pb_text _builder_version=\u00a0\u00bb4.9.7&Prime; _module_preset=\u00a0\u00bbdefault\u00a0\u00bb]<\/p>\n<p style=\"text-align: center;\"><strong>SHIVA<\/strong><\/p>\n<p style=\"text-align: center;\">2 rue du Mar\u00e9chal Foch<\/p>\n<p style=\"text-align: center;\">67120 MOLSHEIM<\/p>\n<p style=\"text-align: center;\">03 67 34 10 15<\/p>\n<p>[\/et_pb_text][\/et_pb_column][et_pb_column type=\u00a0\u00bb1_3&Prime; _builder_version=\u00a0\u00bb4.9.7&Prime; _module_preset=\u00a0\u00bbdefault\u00a0\u00bb background_color=\u00a0\u00bb#B3F9B1&Prime;][et_pb_text _builder_version=\u00a0\u00bb4.9.7&Prime; _module_preset=\u00a0\u00bbdefault\u00a0\u00bb]<\/p>\n<p style=\"text-align: center;\"><strong>ALSAVERT<\/strong><\/p>\n<p style=\"text-align: center;\">entretien d&rsquo;espaces verts<\/p>\n<p style=\"text-align: center;\">1 route de Flexbourg<\/p>\n<p style=\"text-align: center;\">67310 BERGBIETEN<\/p>\n<p style=\"text-align: center;\"><a class=\"tel-link\" href=\"tel:+33388382535\">03 88 38 25 35<\/a><\/p>\n<p>[\/et_pb_text][\/et_pb_column][\/et_pb_row][\/et_pb_section]<\/p>\n","protected":false},"excerpt":{"rendered":"<p>Une gamme compl\u00e8te de services \u00e0 la personne sont propos\u00e9s : aide \u00e0 domicile pour le m\u00e9nage, repassage, aide aux courses, t\u00e9l\u00e9assistance, aide \u00e0 la pr\u00e9paration des repas, travaux de jardinage\u2026 Sur le secteur : Les autres services \u00e0 la personne et aides au maintien \u00e0 domicile sont r\u00e9pertori\u00e9s dans le document PDF Proxi-Sant\u00e9 Molsheim [&hellip;]<\/p>\n","protected":false},"author":1,"featured_media":0,"parent":12,"menu_order":39,"comment_status":"open","ping_status":"closed","template":"","meta":{"_et_pb_use_builder":"on","_et_pb_old_content":"<p>Une gamme compl\u00e8te de services \u00e0 la personne sont propos\u00e9s : aide \u00e0 domicile pour le m\u00e9nage, repassage, aide aux courses, t\u00e9l\u00e9assistance, aide \u00e0 la pr\u00e9paration des repas, travaux de jardinage\u2026<\/p><p>Sur le secteur :<\/p><p style=\"padding-left: 60px;\">\u27a5 ABRAPA : 03 88 21 30 21<\/p><p>\u00a0<\/p><p style=\"padding-left: 60px;\">\u27a5 D'SNM Services : 06 80 87 66 84<\/p><p>\u00a0<\/p><p style=\"padding-left: 60px;\">\u27a5 Mille pattes : 03 88 87 18 32<\/p><p>\u00a0<\/p><p style=\"padding-left: 60px;\">\u27a5 SERVIR PRO : 03 88 47 94 00<\/p><p>\u00a0<\/p><p style=\"padding-left: 60px;\">\u27a5 SHIVA : 03 67 34 10 15<\/p><p>\u00a0<\/p><p>\u00a0<\/p><p>Les autres services \u00e0 la personne et aides au maintien \u00e0 domicile sont r\u00e9pertori\u00e9s dans les pages suivantes.<\/p><p>\u00a0<\/p>","_et_gb_content_width":"","footnotes":""},"class_list":["post-48","page","type-page","status-publish","hentry"],"_links":{"self":[{"href":"https:\/\/www.proxi-sante.org\/molsheim\/wp-json\/wp\/v2\/pages\/48","targetHints":{"allow":["GET"]}}],"collection":[{"href":"https:\/\/www.proxi-sante.org\/molsheim\/wp-json\/wp\/v2\/pages"}],"about":[{"href":"https:\/\/www.proxi-sante.org\/molsheim\/wp-json\/wp\/v2\/types\/page"}],"author":[{"embeddable":true,"href":"https:\/\/www.proxi-sante.org\/molsheim\/wp-json\/wp\/v2\/users\/1"}],"replies":[{"embeddable":true,"href":"https:\/\/www.proxi-sante.org\/molsheim\/wp-json\/wp\/v2\/comments?post=48"}],"version-history":[{"count":0,"href":"https:\/\/www.proxi-sante.org\/molsheim\/wp-json\/wp\/v2\/pages\/48\/revisions"}],"up":[{"embeddable":true,"href":"https:\/\/www.proxi-sante.org\/molsheim\/wp-json\/wp\/v2\/pages\/12"}],"wp:attachment":[{"href":"https:\/\/www.proxi-sante.org\/molsheim\/wp-json\/wp\/v2\/media?parent=48"}],"curies":[{"name":"wp","href":"https:\/\/api.w.org\/{rel}","templated":true}]}}