{"id":580,"date":"2013-03-07T16:42:07","date_gmt":"2013-03-07T15:42:07","guid":{"rendered":"https:\/\/www.proxi-sante.org\/molsheim\/?page_id=580"},"modified":"2020-03-28T15:02:01","modified_gmt":"2020-03-28T14:02:01","slug":"mission-locale","status":"publish","type":"page","link":"https:\/\/www.proxi-sante.org\/molsheim\/aides-protection\/mission-locale\/","title":{"rendered":"mission locale"},"content":{"rendered":"<p>[et_pb_section fb_built=\u00a0\u00bb1&Prime; admin_label=\u00a0\u00bbsection\u00a0\u00bb _builder_version=\u00a0\u00bb3.22&Prime;][et_pb_row admin_label=\u00a0\u00bbrow\u00a0\u00bb _builder_version=\u00a0\u00bb3.25&Prime; background_size=\u00a0\u00bbinitial\u00a0\u00bb background_position=\u00a0\u00bbtop_left\u00a0\u00bb background_repeat=\u00a0\u00bbrepeat\u00a0\u00bb][et_pb_column type=\u00a0\u00bb4_4&Prime; _builder_version=\u00a0\u00bb3.25&Prime; custom_padding=\u00a0\u00bb|||\u00a0\u00bb custom_padding__hover=\u00a0\u00bb|||\u00a0\u00bb][et_pb_text admin_label=\u00a0\u00bbText\u00a0\u00bb _builder_version=\u00a0\u00bb3.27.4&Prime; background_size=\u00a0\u00bbinitial\u00a0\u00bb background_position=\u00a0\u00bbtop_left\u00a0\u00bb background_repeat=\u00a0\u00bbrepeat\u00a0\u00bb]<\/p>\n<p>LA MISSION LOCALE BRUCHE MOSSIG PIEMONT<\/p>\n<p>La mission locale accueille, informe, oriente et accompagne les jeunes de 16 \u00e0 25 ans sortis du syst\u00e8me scolaire.<br \/> La mission locale de Molsheim accueille les jeunes \u00e0 Molsheim ou \u00e0 Obernai<br \/> La mission locale traite les questions d\u2019orientation, d\u2019acc\u00e8s \u00e0 l\u2019emploi ou \u00e0 la formation<br \/> mais aussi les demandes li\u00e9es \u00e0 la sant\u00e9, la mobilit\u00e9, le logement, les difficult\u00e9s sociales&#8230;<br \/> La mission locale travaille avec un r\u00e9seau de partenaires\u00a0 sur l\u2019ensemble de ces sujets.<\/p>\n<p>\u27a5 Pour nous joindre :<br \/> MISSION LOCALE BRUCHE MOSSIG PIEMONT<br \/> 1 chemin de Dorlisheim\u00a0 67120 Molsheim<br \/> \u2706 03 88 38 31 01<br \/> \u27a5 <a href=\"mailto:contact@ml-molsheim.com\">contact@ml-molsheim.com<\/a><br \/> <a href=\"https:\/\/www.ml-molsheim.com\" target=\"_blank\" rel=\"noopener noreferrer\">www.ml-molsheim.com<\/a><br \/> T\u00e9l\u00e9phonez pr\u00e9alablement pour prendre\u00a0rendez-vous.<\/p>\n<p>permanence : \u00a0La mission locale de Molsheim accueille les jeunes \u00e0 Molsheim mardi de 14h \u00e0 17h.<\/p>\n<p>[\/et_pb_text][\/et_pb_column][\/et_pb_row][\/et_pb_section]<\/p>\n","protected":false},"excerpt":{"rendered":"<p>LA MISSION LOCALE BRUCHE MOSSIG PIEMONT La mission locale accueille, informe, oriente et accompagne les jeunes de 16 \u00e0 25 ans sortis du syst\u00e8me scolaire. La mission locale de Molsheim accueille les jeunes \u00e0 Molsheim ou \u00e0 Obernai La mission locale traite les questions d\u2019orientation, d\u2019acc\u00e8s \u00e0 l\u2019emploi ou \u00e0 la formation mais aussi les [&hellip;]<\/p>\n","protected":false},"author":1,"featured_media":0,"parent":19,"menu_order":52,"comment_status":"open","ping_status":"closed","template":"","meta":{"_et_pb_use_builder":"on","_et_pb_old_content":"LA MISSION LOCALE BRUCHE MOSSIG PIEMONT\r\n\r\nLa mission locale accueille, informe, oriente et accompagne les jeunes de 16 \u00e0 25 ans sortis du syst\u00e8me scolaire.\r\nLa mission locale de Molsheim accueille les jeunes \u00e0 Molsheim ou \u00e0 Obernai\r\nLa mission locale traite les questions d\u2019orientation, d\u2019acc\u00e8s \u00e0 l\u2019emploi ou \u00e0 la formation\r\nmais aussi les demandes li\u00e9es \u00e0 la sant\u00e9, la mobilit\u00e9, le logement, les difficult\u00e9s sociales...\r\nLa mission locale travaille avec un r\u00e9seau de partenaires\u00a0 sur l\u2019ensemble de ces sujets.\r\n\r\n\u27a5 Pour nous joindre :\r\nMISSION LOCALE BRUCHE MOSSIG PIEMONT\r\n1 chemin de Dorlisheim\u00a0 67120 Molsheim\r\n\u2706 03 88 38 31 01\r\n\u27a5 <a href=\"mailto:contact@ml-molsheim.com\">contact@ml-molsheim.com<\/a>\r\n<a href=\"http:\/\/www.ml-molsheim.com\" target=\"_blank\">www.ml-molsheim.com<\/a>\r\nT\u00e9l\u00e9phonez pr\u00e9alablement pour prendre\u00a0rendez-vous.\r\n\r\npermanence : \u00a0La mission locale de Molsheim accueille les jeunes \u00e0 Molsheim mardi de 14h \u00e0 17h.","_et_gb_content_width":"","footnotes":""},"class_list":["post-580","page","type-page","status-publish","hentry"],"_links":{"self":[{"href":"https:\/\/www.proxi-sante.org\/molsheim\/wp-json\/wp\/v2\/pages\/580","targetHints":{"allow":["GET"]}}],"collection":[{"href":"https:\/\/www.proxi-sante.org\/molsheim\/wp-json\/wp\/v2\/pages"}],"about":[{"href":"https:\/\/www.proxi-sante.org\/molsheim\/wp-json\/wp\/v2\/types\/page"}],"author":[{"embeddable":true,"href":"https:\/\/www.proxi-sante.org\/molsheim\/wp-json\/wp\/v2\/users\/1"}],"replies":[{"embeddable":true,"href":"https:\/\/www.proxi-sante.org\/molsheim\/wp-json\/wp\/v2\/comments?post=580"}],"version-history":[{"count":0,"href":"https:\/\/www.proxi-sante.org\/molsheim\/wp-json\/wp\/v2\/pages\/580\/revisions"}],"up":[{"embeddable":true,"href":"https:\/\/www.proxi-sante.org\/molsheim\/wp-json\/wp\/v2\/pages\/19"}],"wp:attachment":[{"href":"https:\/\/www.proxi-sante.org\/molsheim\/wp-json\/wp\/v2\/media?parent=580"}],"curies":[{"name":"wp","href":"https:\/\/api.w.org\/{rel}","templated":true}]}}