{"id":611,"date":"2013-03-21T15:05:30","date_gmt":"2013-03-21T14:05:30","guid":{"rendered":"https:\/\/www.proxi-sante.org\/molsheim\/?page_id=611"},"modified":"2021-07-09T07:57:29","modified_gmt":"2021-07-09T06:57:29","slug":"directives-anticipees","status":"publish","type":"page","link":"https:\/\/www.proxi-sante.org\/molsheim\/aides-protection\/directives-anticipees\/","title":{"rendered":"directives anticip\u00e9es"},"content":{"rendered":"<p>Toute personne a la possibilit\u00e9 de r\u00e9diger des directives anticip\u00e9es pour le cas ou elle ne serait plus en mesure de s\u2019exprimer elle-m\u00eame.<br \/>\nCes directives expriment la volont\u00e9 du patient en mati\u00e8re de soins, d\u2019abstention th\u00e9rapeutique, de non acharnement th\u00e9rapeutique.<br \/>\nElles sont r\u00e9visables et modifiables \u00e0 tout moment.\u00a0Elles sont valables pendant trois ans \u00e0 compter de la date de r\u00e9daction.<br \/>\nElles peuvent \u00eatre d\u00e9pos\u00e9es chez son m\u00e9decin traitant, son notaire, sa personne de confiance\u2026<br \/>\nIl est bon qu\u2019elles soient accessibles. Un exemplaire pourrait figurer avec ses papiers d\u2019identit\u00e9 ou sa carte de groupe sanguin.<br \/>\nElles ont un r\u00f4le consultatif, le m\u00e9decin traitant restant en dernier recours ma\u00eetre de sa d\u00e9cision en mati\u00e8re de soins.<br \/>\nLes directives anticip\u00e9es et la personne de confiance sont deux moyens d\u2019expression de sa volont\u00e9 en mati\u00e8re de soins.<br \/>\nIl serait bon d\u2019en faire usage plus largement.\u00a0Elles vous donnent la parole.<\/p>\n<p><b>Comment r\u00e9diger des directives anticip\u00e9es ?<\/b><\/p>\n<p>Vous pouvez \u00e0 tout moment soit r\u00e9diger vos directives anticip\u00e9es sur papier libre, soit utiliser un formulaire t\u00e9l\u00e9chargeable sur le site <b>www.parlons-fin-de-vie.fr<\/b>, o\u00f9 vous trouverez \u00e9galement des informations pratiques et des conseils pour r\u00e9diger vos directives anticip\u00e9es. Le document doit obligatoirement \u00eatre \u00e9crit et \u00eatre authentifiable. Il doit ainsi comporter : une date, votre signature, vos noms et pr\u00e9noms, votre date et votre lieu de naissance. Si vous ne pouvez plus \u00e9crire ou signer vous-m\u00eame, il est toutefois possible de faire r\u00e9diger le document ou de faire remplir le formulaire par quelqu\u2019un d\u2019autre. Dans ce cas, deux t\u00e9moins, dont votre personne confiance si vous en avez d\u00e9sign\u00e9 une, doivent attester que les directives r\u00e9dig\u00e9es sont bien l\u2019expression de votre volont\u00e9. Une attestation mentionnant le nom et la qualit\u00e9 des deux t\u00e9moins doit \u00eatre jointe aux directives anticip\u00e9es. ll est possible de changer d\u2019avis et d\u2019annuler ou de modifier ses directives \u00e0 tout moment.<\/p>\n<p>plus d\u2019infos : &gt;<a href=\"http:\/\/www.parlons-fin-de-vie.fr\">\u00a0<b>www.parlons-fin-de-vie.fr<\/b><\/a><\/p>\n<p>&nbsp;<\/p>\n","protected":false},"excerpt":{"rendered":"<p>Toute personne a la possibilit\u00e9 de r\u00e9diger des directives anticip\u00e9es pour le cas ou elle ne serait plus en mesure de s\u2019exprimer elle-m\u00eame. Ces directives expriment la volont\u00e9 du patient en mati\u00e8re de soins, d\u2019abstention th\u00e9rapeutique, de non acharnement th\u00e9rapeutique. Elles sont r\u00e9visables et modifiables \u00e0 tout moment.\u00a0Elles sont valables pendant trois ans \u00e0 compter [&hellip;]<\/p>\n","protected":false},"author":1,"featured_media":0,"parent":19,"menu_order":72,"comment_status":"open","ping_status":"closed","template":"","meta":{"_et_pb_use_builder":"","_et_pb_old_content":"","_et_gb_content_width":"","footnotes":""},"class_list":["post-611","page","type-page","status-publish","hentry"],"_links":{"self":[{"href":"https:\/\/www.proxi-sante.org\/molsheim\/wp-json\/wp\/v2\/pages\/611","targetHints":{"allow":["GET"]}}],"collection":[{"href":"https:\/\/www.proxi-sante.org\/molsheim\/wp-json\/wp\/v2\/pages"}],"about":[{"href":"https:\/\/www.proxi-sante.org\/molsheim\/wp-json\/wp\/v2\/types\/page"}],"author":[{"embeddable":true,"href":"https:\/\/www.proxi-sante.org\/molsheim\/wp-json\/wp\/v2\/users\/1"}],"replies":[{"embeddable":true,"href":"https:\/\/www.proxi-sante.org\/molsheim\/wp-json\/wp\/v2\/comments?post=611"}],"version-history":[{"count":0,"href":"https:\/\/www.proxi-sante.org\/molsheim\/wp-json\/wp\/v2\/pages\/611\/revisions"}],"up":[{"embeddable":true,"href":"https:\/\/www.proxi-sante.org\/molsheim\/wp-json\/wp\/v2\/pages\/19"}],"wp:attachment":[{"href":"https:\/\/www.proxi-sante.org\/molsheim\/wp-json\/wp\/v2\/media?parent=611"}],"curies":[{"name":"wp","href":"https:\/\/api.w.org\/{rel}","templated":true}]}}