{"id":620,"date":"2013-03-21T15:09:19","date_gmt":"2013-03-21T14:09:19","guid":{"rendered":"https:\/\/www.proxi-sante.org\/molsheim\/?page_id=620"},"modified":"2016-10-11T13:29:45","modified_gmt":"2016-10-11T12:29:45","slug":"ithaque","status":"publish","type":"page","link":"https:\/\/www.proxi-sante.org\/molsheim\/aides-protection\/ithaque\/","title":{"rendered":"ITHAQUE"},"content":{"rendered":"<p><strong>ITHAQUE<\/strong><br \/>\nA destination des habitants de la zone de proximit\u00e9 Molsheim-Schirmeck, l\u2019antenne CSAPA de Molsheim accueille toute personne d\u00e9bord\u00e9e par sa consommation de substances psychotropes (licites ou illicites) ou par d\u2019autres pratiques qu\u2019elle consid\u00e8re comme addictives tels que les jeux d\u2019argent, internet\u2026 et soutient sa d\u00e9marche de soin. Cette derni\u00e8re est individualis\u00e9e et peut passer par la mise en place d\u2019un traitement de substitution aux opiac\u00e9s ou par l\u2019organisation d\u2019un sevrage.<\/p>\n<p>Le CSAPA propose des soins m\u00e9dicaux et un accompagnement social et psychologique aux personnes souhaitant entamer une d\u00e9marche de soins. Ils sont gratuits et s\u2019instaurent dans la dur\u00e9e.<\/p>\n<p>L\u2019antenne CSAPA de Molsheim s\u2019est constitu\u00e9e en partenariat \u00e9troit avec le Groupe Hospitalier St Vincent et plus particuli\u00e8rement avec la Clinique St Luc de Schirmeck.<br \/>\n\u27a5sur rendez-vous \u2706 03 88 04 73 06<br \/>\n\u27a5CSAPA de Molsheim<br \/>\n11 route de Dachstein &#8211; 67120 MOLSHEIM<br \/>\n\u27a5 www.ithaque-asso.fr<\/p>\n","protected":false},"excerpt":{"rendered":"<p>ITHAQUE A destination des habitants de la zone de proximit\u00e9 Molsheim-Schirmeck, l\u2019antenne CSAPA de Molsheim accueille toute personne d\u00e9bord\u00e9e par sa consommation de substances psychotropes (licites ou illicites) ou par d\u2019autres pratiques qu\u2019elle consid\u00e8re comme addictives tels que les jeux d\u2019argent, internet\u2026 et soutient sa d\u00e9marche de soin. Cette derni\u00e8re est individualis\u00e9e et peut passer [&hellip;]<\/p>\n","protected":false},"author":1,"featured_media":0,"parent":19,"menu_order":60,"comment_status":"open","ping_status":"closed","template":"","meta":{"_et_pb_use_builder":"","_et_pb_old_content":"","_et_gb_content_width":"","footnotes":""},"class_list":["post-620","page","type-page","status-publish","hentry"],"_links":{"self":[{"href":"https:\/\/www.proxi-sante.org\/molsheim\/wp-json\/wp\/v2\/pages\/620","targetHints":{"allow":["GET"]}}],"collection":[{"href":"https:\/\/www.proxi-sante.org\/molsheim\/wp-json\/wp\/v2\/pages"}],"about":[{"href":"https:\/\/www.proxi-sante.org\/molsheim\/wp-json\/wp\/v2\/types\/page"}],"author":[{"embeddable":true,"href":"https:\/\/www.proxi-sante.org\/molsheim\/wp-json\/wp\/v2\/users\/1"}],"replies":[{"embeddable":true,"href":"https:\/\/www.proxi-sante.org\/molsheim\/wp-json\/wp\/v2\/comments?post=620"}],"version-history":[{"count":0,"href":"https:\/\/www.proxi-sante.org\/molsheim\/wp-json\/wp\/v2\/pages\/620\/revisions"}],"up":[{"embeddable":true,"href":"https:\/\/www.proxi-sante.org\/molsheim\/wp-json\/wp\/v2\/pages\/19"}],"wp:attachment":[{"href":"https:\/\/www.proxi-sante.org\/molsheim\/wp-json\/wp\/v2\/media?parent=620"}],"curies":[{"name":"wp","href":"https:\/\/api.w.org\/{rel}","templated":true}]}}