{"id":63,"date":"2010-11-25T16:19:36","date_gmt":"2010-11-25T16:19:36","guid":{"rendered":"https:\/\/www.proxi-sante.org\/wass\/?page_id=63"},"modified":"2020-03-28T14:59:04","modified_gmt":"2020-03-28T13:59:04","slug":"prestations-handicap","status":"publish","type":"page","link":"https:\/\/www.proxi-sante.org\/molsheim\/handicap\/prestations-handicap\/","title":{"rendered":"prestations-handicap"},"content":{"rendered":"<p>[et_pb_section fb_built=\u00a0\u00bb1&Prime; admin_label=\u00a0\u00bbsection\u00a0\u00bb _builder_version=\u00a0\u00bb3.22&Prime;][et_pb_row admin_label=\u00a0\u00bbrow\u00a0\u00bb _builder_version=\u00a0\u00bb3.25&Prime; background_size=\u00a0\u00bbinitial\u00a0\u00bb background_position=\u00a0\u00bbtop_left\u00a0\u00bb background_repeat=\u00a0\u00bbrepeat\u00a0\u00bb][et_pb_column type=\u00a0\u00bb4_4&Prime; _builder_version=\u00a0\u00bb3.25&Prime; custom_padding=\u00a0\u00bb|||\u00a0\u00bb custom_padding__hover=\u00a0\u00bb|||\u00a0\u00bb][et_pb_text admin_label=\u00a0\u00bbText\u00a0\u00bb _builder_version=\u00a0\u00bb4.4.1&Prime; background_size=\u00a0\u00bbinitial\u00a0\u00bb background_position=\u00a0\u00bbtop_left\u00a0\u00bb background_repeat=\u00a0\u00bbrepeat\u00a0\u00bb hover_enabled=\u00a0\u00bb0&Prime;]<\/p>\n<h2>Quelles prestation pour les personnes en \u00e9tat de handicap ?<\/h2>\n<h4>Les cartes favorisant l\u2019acc\u00e8s (sous conditions*)<\/h4>\n<p><b>La carte d\u2019invalidit\u00e9<\/b> donne droit \u00e0 une priorit\u00e9 d\u2019acc\u00e8s aux places assises, dans les files d\u2019attente des lieux publics, des avantages fiscaux, une exon\u00e9ration \u00e9ventuelle de la redevance TV ainsi que diverses r\u00e9ductions librement d\u00e9termin\u00e9es par les entreprises (par ex. la carte Badgeo pour la CTS).<\/p>\n<p><b>La carte de priorit\u00e9<\/b> donne droit \u00e0 une priorit\u00e9 d\u2019acc\u00e8s aux places assises dans les transports en commun, dans les files d\u2019attente des lieux publics.<\/p>\n<p><b>La carte de stationnement <\/b>donne droit aux places de stationnement qui leurs sont r\u00e9serv\u00e9es.<\/p>\n<p><b>Les Garanties de ressources<\/b> (sous conditions*)<\/p>\n<h4>Les Garanties de ressources (sous conditions*)<\/h4>\n<p><b>L\u2019allocation aux adultes handicap\u00e9s (AAH)<\/b> Une prestation qui garantit un revenu minimum.<\/p>\n<p><b>La r\u00e9mun\u00e9ration des travailleurs handicap\u00e9s.<\/b> Toute personne en situation de handicap pouvant effectuer un travail en milieu ordinaire, en entreprise adapt\u00e9e (EA) ou en centre de distribution du travail \u00e0 domicile (CDTD) ou en ESAT sera r\u00e9mun\u00e9r\u00e9 : la r\u00e9mun\u00e9ration et son calcul ne sont pas de la comp\u00e9tence de la MDPH<\/p>\n<h4>Les aides financi\u00e8res destin\u00e9es \u00e0 la compensation du handicap (sous conditions*).<\/h4>\n<p><b>L\u2019allocation de l\u2019\u00e9ducation de l\u2019enfant handicap\u00e9 <\/b>L\u2019AEEH est destin\u00e9e \u00e0 compenser les frais suppl\u00e9mentaires li\u00e9s \u00e0 l\u2019\u00e9ducation et aux soins apport\u00e9s \u00e0 un enfant handicap\u00e9.<\/p>\n<p><b>Le fond d\u00e9partemental de compensation des personnes handicap\u00e9es<\/b> intervient en faveur de toute personne adulte en situation de handicap y compris \u00e2g\u00e9e de plus de 60 ans ou b\u00e9n\u00e9ficiaire de l\u2019ACTP-ACFP, et peut, sous certaines conditions, contribuer au<\/p>\n<p>financement de l\u2019acquisition d\u2019une aide technique, la r\u00e9alisation d\u2019un am\u00e9nagement du logement ou du v\u00e9hicule. Le financement doit \u00eatre demand\u00e9 avant d\u00e9marrage des travaux.<\/p>\n<p><b>La prestation de compensation du handicap (PCH)<\/b> est destin\u00e9e \u00e0 participer au financement des d\u00e9penses li\u00e9es \u00e0 la compensation du handicap selon les besoins : aides humaines, techniques, am\u00e9nagement du logement, au v\u00e9hicule ou aux surco\u00fbts des transports,<br \/> sp\u00e9cifiques (ex. entretien d\u2019une proth\u00e8se ou d\u2019un fauteuil roulant&#8230;) ou exceptionnelles,\u00a0 (frais de r\u00e9paration d\u2019un lit m\u00e9dicalis\u00e9&#8230;), ou aides<br \/> animali\u00e8res (chien guide d\u2019aveugle&#8230;).<\/p>\n<p>\u00c2 <b>renseignements<\/b> : MDPH<\/p>\n<h4>Les orientations en milieu ordinaire ou sp\u00e9cialis\u00e9<\/h4>\n<p><b>L\u2019orientation scolaire des enfants.\u00a0<\/b><\/p>\n<p>La Commission des Droits et de l\u2019Autonomie des Personnes Handicap\u00e9es &#8211; <b>CDAPH<\/b> &#8211; peut proposer pour l\u2019enfant une scolarisation ordinaire dans une classe ordinaire, avec ou sans accompagnement d\u2019un auxiliaire de vie scolaire ou au sein d\u2019une classe sp\u00e9cialis\u00e9e. Elle peut \u00eatre compl\u00e9t\u00e9e par l\u2019intervention d\u2019un service d\u2019\u00e9ducation sp\u00e9ciale et de soins \u00e0 domicile. Lorsque la scolarisation n\u2019est plus possible, l\u2019admission par un institut m\u00e9dico-social peut \u00eatre envisag\u00e9e.<\/p>\n<p><b>L\u2019orientation professionnelle des jeunes et adultes.<\/b> La commission &#8211; CDAPH peut proposer une orientation professionnelle en milieu ordinaire ou prot\u00e9g\u00e9 ESAT,\u00a0 une formation professionnelle ou la Reconnaissance de la Qualit\u00e9 de Travailleur Handicap\u00e9 &#8211; RQTH.<\/p>\n<p><b>Obtenir le statut de travailleur handicap\u00e9 :\u00a0<\/b><\/p>\n<p>apr\u00e8s d\u00e9p\u00f4t du dossier aupr\u00e8s de la MDPH, la commission (CDAPH) se prononcera sur la reconnaissance \u00e8s qualit\u00e9 de travailleur handicap\u00e9.<\/p>\n<p><b>L\u2019orientation vers des structures\u00a0 <\/b><b>favorisant le maintien \u00e0 domicile.<\/b><\/p>\n<p>La commission (CDAPH) propose une orientation vers diff\u00e9rentes structures :<\/p>\n<p style=\"padding-left: 60px;\">\u2022 Le service d\u2019accompagnement\u00a0\u00e0 la vie sociale\u00a0;<br \/> \u2022 Le service d\u2019accompagnement m\u00e9dico-social\u00a0pour adultes handicap\u00e9s ;<br \/> \u2022 L\u2019accueil de jour ou l\u2019h\u00e9bergement temporaire.<\/p>\n<h4>Les services d\u2019aide et d\u2019accompagnement<\/h4>\n<p>La commission (CDAPH) peut orienter vers un des 2 services d\u2019aide :<\/p>\n<p><b>Les services d\u2019accompagnement \u00e0 domicile <\/b><b>&#8211; SAVS &#8211;<\/b>\u00a0 accompagnent les personnes handicap\u00e9es adultes dans leur quotidien de vie \u00e0 domicile. Ces services sont compos\u00e9s de diff\u00e9rents professionnels tels qu\u2019auxiliaire de vie, assistante sociale, conseill\u00e8re en \u00e9conomie familiale et sociale, ergoth\u00e9rapeute, psychologue et \u00e9ducateur sp\u00e9cialis\u00e9&#8230; Ils interviennent dans un cadre d\u2019accompagnement. Am\u00e9nager un logement ou trouver une aide technique, recr\u00e9er une vie sociale, organiser l\u2019aide humaine, g\u00e9rer un budget, remplir un dossier ou effectuer des d\u00e9marches administratives, accomplir les gestes quotidiens\u2026<\/p>\n<p><b>Les Services d\u2019Accom<\/b><b>pagnement M\u00e9dico-Social aux Adultes Handicap\u00e9s &#8211; SAMSAH &#8211;<\/b><\/p>\n<p>Un service \u00e9quivalent, mais plus \u00e9toff\u00e9 :<\/p>\n<p>infirmi\u00e8res, aides-soignante, aides m\u00e9dico-psychologue, ergoth\u00e9rapeutes. Ce service dispense des soins quotidiens sous la responsabilit\u00e9 d\u2019un m\u00e9decin. Ces services sont particuli\u00e8rement adapt\u00e9s pour des personnes en situation de handicap psychique.<\/p>\n<p><b>L\u2019orientation vers des structures d\u2019h\u00e9bergement\u00a0<\/b><\/p>\n<p>La commission<b> <\/b>(CDAPH) propose une orientation vers diff\u00e9rentes structures\u00a0:<\/p>\n<p style=\"padding-left: 30px;\">Foyer d\u2019h\u00e9bergement pour travailleur handicap\u00e9 ;<\/p>\n<p style=\"padding-left: 30px;\">Foyer d\u2019accueil sp\u00e9cialis\u00e9\u00a0;<\/p>\n<p style=\"padding-left: 30px;\">Foyer d\u2019accueil m\u00e9dicalis\u00e9\u00a0 ou maison d\u2019accueil\u00a0sp\u00e9cialis\u00e9e.<\/p>\n<p>Dans le Bas-Rhin il existe plusieurs\u00a0 structures de ce type\u202f: AAPEI r\u00e9gion de Saverne, adultes\u00a0d\u00e9ficients mentaux\u00a0&#8211; en ambulatoire.<\/p>\n<h4><b>L\u2019affiliation gratuite \u00e0 l\u2019assurance vieillesse<\/b><\/h4>\n<p><b>L\u2019affiliation gratuite \u00e0 l\u2019assurance vieillesse <\/b>est d\u00e9livr\u00e9e par la CDAPH \u00e0 la demande des personnes ayant cess\u00e9 ou r\u00e9duit une activit\u00e9 professionnelle pour s\u2019occuper d\u2019un enfant ou d\u2019un adulte handicap\u00e9 au sein du noyau familial. Les conditions de ressource sont examin\u00e9es par la CAF ou la MSA.<\/p>\n<p><b>D\u2019autres aides existent <\/b>:\u00a0La PEC des frais de transports scolaires,\u00a0l\u2019assurance vieillesse des parents.<\/p>\n<h4><b>La majoration pour la vie autonome<\/b> :<\/h4>\n<p>Elle permet aux personnes en situation de handicap et qui b\u00e9n\u00e9ficient de l\u2019AAH, vivant dans un logement de faire face aux d\u00e9penses que cela implique. Est destin\u00e9e \u00e0 toute personne recevant une AAH.<\/p>\n<p><b>La Majoration pour Tierce Personne &#8211; MTP <\/b>vient en compl\u00e9ment d\u2019une pension de vieillesse, d\u2019invalidit\u00e9 ou de maladie professionnelles, elle est pay\u00e9e par le dernier r\u00e9gime d\u2019assurance maladie o\u00f9 a \u00e9t\u00e9 inscrite la personne concern\u00e9e.<br \/> <span style=\"color: #3366ff;\">\u27a5 <a href=\"https:\/\/www.caf.fr\" target=\"_blank\" rel=\"noopener noreferrer\">www.caf.fr<\/a><\/span><\/p>\n<p>Renseignez-vous aupr\u00e8s de la CPAM<br \/> <span style=\"color: #3366ff;\">\u27a5 <a href=\"https:\/\/www.ameli.fr\" target=\"_blank\" rel=\"noopener noreferrer\">www.ameli.fr<\/a><\/span><\/p>\n<h4><b>Accueil temporaire<\/b> en \u00e9tablissement social ou m\u00e9dico-social *<\/h4>\n<p>L\u2019h\u00e9bergement temporaire en \u00e9tablissement social ou m\u00e9dico-social est une r\u00e9ponse possible \u00e0 un double besoin : permettre \u00e0 la personne\u00a0 atteinte d\u2019un handicap \u00e0 changer de cadre de vie et accorder des temps de repos aux \u201caidants familiaux\u201d.<\/p>\n<p>* Formulaires fournis par la MDPH, accord\u00e9 en fonction des places disponibles ;\u00a0 Financement accord\u00e9 par le Conseil D\u00e9partemental.<\/p>\n<p>&nbsp;<\/p>\n<p>&nbsp;<\/p>\n<div id=\"wkWidgetScriptVersion\"><\/div>\n<p>[\/et_pb_text][\/et_pb_column][\/et_pb_row][\/et_pb_section]<\/p>\n","protected":false},"excerpt":{"rendered":"<p>Quelles prestation pour les personnes en \u00e9tat de handicap ? Les cartes favorisant l\u2019acc\u00e8s (sous conditions*) La carte d\u2019invalidit\u00e9 donne droit \u00e0 une priorit\u00e9 d\u2019acc\u00e8s aux places assises, dans les files d\u2019attente des lieux publics, des avantages fiscaux, une exon\u00e9ration \u00e9ventuelle de la redevance TV ainsi que diverses r\u00e9ductions librement d\u00e9termin\u00e9es par les entreprises (par [&hellip;]<\/p>\n","protected":false},"author":1,"featured_media":0,"parent":17,"menu_order":43,"comment_status":"open","ping_status":"closed","template":"","meta":{"_et_pb_use_builder":"on","_et_pb_old_content":"<h2>Quelles prestation pour les personnes en \u00e9tat de handicap ?<\/h2>\r\n<h4>Les cartes favorisant l\u2019acc\u00e8s (sous conditions*)<\/h4>\r\n<b>La carte d\u2019invalidit\u00e9<\/b> donne droit \u00e0 une priorit\u00e9 d\u2019acc\u00e8s aux places assises, dans les files d\u2019attente des lieux publics, des avantages fiscaux, une exon\u00e9ration \u00e9ventuelle de la redevance TV ainsi que diverses r\u00e9ductions librement d\u00e9termin\u00e9es par les entreprises (par ex. la carte Badgeo pour la CTS).\r\n\r\n<b>La carte de priorit\u00e9<\/b> donne droit \u00e0 une priorit\u00e9 d\u2019acc\u00e8s aux places assises dans les transports en commun, dans les files d\u2019attente des lieux publics.\r\n\r\n<b>La carte de stationnement <\/b>donne droit aux places de stationnement qui leurs sont r\u00e9serv\u00e9es.\r\n\r\n<b>Les Garanties de ressources<\/b> (sous conditions*)\r\n<h4>Les Garanties de ressources (sous conditions*)<\/h4>\r\n<b>L\u2019allocation aux adultes handicap\u00e9s (AAH)<\/b> Une prestation qui garantit un revenu minimum.\r\n\r\n<b>La r\u00e9mun\u00e9ration des travailleurs handicap\u00e9s.<\/b> Toute personne en situation de handicap pouvant effectuer un travail en milieu ordinaire, en entreprise adapt\u00e9e (EA) ou en centre de distribution du travail \u00e0 domicile (CDTD) ou en ESAT sera r\u00e9mun\u00e9r\u00e9 : la r\u00e9mun\u00e9ration et son calcul ne sont pas de la comp\u00e9tence de la MDPH\r\n<h4>Les aides financi\u00e8res destin\u00e9es \u00e0 la compensation du handicap (sous conditions*).<\/h4>\r\n<b>L\u2019allocation de l\u2019\u00e9ducation de l\u2019enfant handicap\u00e9 <\/b>L\u2019AEEH est destin\u00e9e \u00e0 compenser les frais suppl\u00e9mentaires li\u00e9s \u00e0 l\u2019\u00e9ducation et aux soins apport\u00e9s \u00e0 un enfant handicap\u00e9.\r\n\r\n<b>Le fond d\u00e9partemental de compensation des personnes handicap\u00e9es<\/b> intervient en faveur de toute personne adulte en situation de handicap y compris \u00e2g\u00e9e de plus de 60 ans ou b\u00e9n\u00e9ficiaire de l\u2019ACTP-ACFP, et peut, sous certaines conditions, contribuer au\r\n\r\nfinancement de l\u2019acquisition d\u2019une aide technique, la r\u00e9alisation d\u2019un am\u00e9nagement du logement ou du v\u00e9hicule. Le financement doit \u00eatre demand\u00e9 avant d\u00e9marrage des travaux.\r\n\r\n<b>La prestation de compensation du handicap (PCH)<\/b> est destin\u00e9e \u00e0 participer au financement des d\u00e9penses li\u00e9es \u00e0 la compensation du handicap selon les besoins : aides humaines, techniques, am\u00e9nagement du logement, au v\u00e9hicule ou aux surco\u00fbts des transports,\r\nsp\u00e9cifiques (ex. entretien d\u2019une proth\u00e8se ou d\u2019un fauteuil roulant...) ou exceptionnelles,\u00a0 (frais de r\u00e9paration d\u2019un lit m\u00e9dicalis\u00e9...), ou aides\r\nanimali\u00e8res (chien guide d\u2019aveugle...).\r\n\r\n\u00c2 <b>renseignements<\/b> : MDPH\r\n<h4>Les orientations en milieu ordinaire ou sp\u00e9cialis\u00e9<\/h4>\r\n<b>L\u2019orientation scolaire des enfants.\u00a0<\/b>\r\n\r\nLa Commission des Droits et de l\u2019Autonomie des Personnes Handicap\u00e9es - <b>CDAPH<\/b> - peut proposer pour l\u2019enfant une scolarisation ordinaire dans une classe ordinaire, avec ou sans accompagnement d\u2019un auxiliaire de vie scolaire ou au sein d\u2019une classe sp\u00e9cialis\u00e9e. Elle peut \u00eatre compl\u00e9t\u00e9e par l\u2019intervention d\u2019un service d\u2019\u00e9ducation sp\u00e9ciale et de soins \u00e0 domicile. Lorsque la scolarisation n\u2019est plus possible, l\u2019admission par un institut m\u00e9dico-social peut \u00eatre envisag\u00e9e.\r\n\r\n<b>L\u2019orientation professionnelle des jeunes et adultes.<\/b> La commission - CDAPH peut proposer une orientation professionnelle en milieu ordinaire ou prot\u00e9g\u00e9 ESAT,\u00a0 une formation professionnelle ou la Reconnaissance de la Qualit\u00e9 de Travailleur Handicap\u00e9 - RQTH.\r\n\r\n<b>Obtenir le statut de travailleur handicap\u00e9 :\u00a0<\/b>\r\n\r\napr\u00e8s d\u00e9p\u00f4t du dossier aupr\u00e8s de la MDPH, la commission (CDAPH) se prononcera sur la reconnaissance \u00e8s qualit\u00e9 de travailleur handicap\u00e9.\r\n\r\n<b>L\u2019orientation vers des structures\u00a0 <\/b><b>favorisant le maintien \u00e0 domicile.<\/b>\r\n\r\nLa commission (CDAPH) propose une orientation vers diff\u00e9rentes structures :\r\n<p style=\"padding-left: 60px;\">\u2022 Le service d\u2019accompagnement\u00a0\u00e0 la vie sociale\u00a0;\r\n\u2022 Le service d\u2019accompagnement m\u00e9dico-social\u00a0pour adultes handicap\u00e9s ;\r\n\u2022 L\u2019accueil de jour ou l\u2019h\u00e9bergement temporaire.<\/p>\r\n\r\n<h4>Les services d\u2019aide et d\u2019accompagnement<\/h4>\r\nLa commission (CDAPH) peut orienter vers un des 2 services d\u2019aide :\r\n\r\n<b>Les services d\u2019accompagnement \u00e0 domicile <\/b><b>- SAVS -<\/b>\u00a0 accompagnent les personnes handicap\u00e9es adultes dans leur quotidien de vie \u00e0 domicile. Ces services sont compos\u00e9s de diff\u00e9rents professionnels tels qu\u2019auxiliaire de vie, assistante sociale, conseill\u00e8re en \u00e9conomie familiale et sociale, ergoth\u00e9rapeute, psychologue et \u00e9ducateur sp\u00e9cialis\u00e9... Ils interviennent dans un cadre d\u2019accompagnement. Am\u00e9nager un logement ou trouver une aide technique, recr\u00e9er une vie sociale, organiser l\u2019aide humaine, g\u00e9rer un budget, remplir un dossier ou effectuer des d\u00e9marches administratives, accomplir les gestes quotidiens\u2026\r\n\r\n<b>Les Services d\u2019Accom<\/b><b>pagnement M\u00e9dico-Social aux Adultes Handicap\u00e9s - SAMSAH -<\/b>\r\n\r\nUn service \u00e9quivalent, mais plus \u00e9toff\u00e9 :\r\n\r\ninfirmi\u00e8res, aides-soignante, aides m\u00e9dico-psychologue, ergoth\u00e9rapeutes. Ce service dispense des soins quotidiens sous la responsabilit\u00e9 d\u2019un m\u00e9decin. Ces services sont particuli\u00e8rement adapt\u00e9s pour des personnes en situation de handicap psychique.\r\n\r\n<b>L\u2019orientation vers des structures d\u2019h\u00e9bergement\u00a0<\/b>\r\n\r\nLa commission<b> <\/b>(CDAPH) propose une orientation vers diff\u00e9rentes structures\u00a0:\r\n<p style=\"padding-left: 30px;\">Foyer d\u2019h\u00e9bergement pour travailleur handicap\u00e9 ;<\/p>\r\n<p style=\"padding-left: 30px;\">Foyer d\u2019accueil sp\u00e9cialis\u00e9\u00a0;<\/p>\r\n<p style=\"padding-left: 30px;\">Foyer d\u2019accueil m\u00e9dicalis\u00e9\u00a0 ou maison d\u2019accueil\u00a0sp\u00e9cialis\u00e9e.<\/p>\r\nDans le Bas-Rhin il existe plusieurs\u00a0 structures de ce type\u202f: AAPEI r\u00e9gion de Saverne, adultes\u00a0d\u00e9ficients mentaux\u00a0- en ambulatoire.\r\n<h4><b>L\u2019affiliation gratuite \u00e0 l\u2019assurance vieillesse<\/b><\/h4>\r\n<b>L\u2019affiliation gratuite \u00e0 l\u2019assurance vieillesse <\/b>est d\u00e9livr\u00e9e par la CDAPH \u00e0 la demande des personnes ayant cess\u00e9 ou r\u00e9duit une activit\u00e9 professionnelle pour s\u2019occuper d\u2019un enfant ou d\u2019un adulte handicap\u00e9 au sein du noyau familial. Les conditions de ressource sont examin\u00e9es par la CAF ou la MSA.\r\n\r\n<b>D\u2019autres aides existent <\/b>:\u00a0La PEC des frais de transports scolaires,\u00a0l\u2019assurance vieillesse des parents.\r\n<h4><b>La majoration pour la vie autonome<\/b> :<\/h4>\r\nElle permet aux personnes en situation de handicap et qui b\u00e9n\u00e9ficient de l\u2019AAH, vivant dans un logement de faire face aux d\u00e9penses que cela implique. Est destin\u00e9e \u00e0 toute personne recevant une AAH.\r\n\r\n<b>La Majoration pour Tierce Personne - MTP <\/b>vient en compl\u00e9ment d\u2019une pension de vieillesse, d\u2019invalidit\u00e9 ou de maladie professionnelles, elle est pay\u00e9e par le dernier r\u00e9gime d\u2019assurance maladie o\u00f9 a \u00e9t\u00e9 inscrite la personne concern\u00e9e.\r\n<span style=\"color: #3366ff;\">\u27a5\u00a0<b>www.caf.fr<\/b><\/span>\r\n\r\nRenseignez-vous aupr\u00e8s de la CPAM\r\n<span style=\"color: #3366ff;\">\u27a5\u00a0<b>www.ameli.fr<\/b><\/span>\r\n<h4><b>Accueil temporaire<\/b> en \u00e9tablissement social ou m\u00e9dico-social *<\/h4>\r\nL\u2019h\u00e9bergement temporaire en \u00e9tablissement social ou m\u00e9dico-social est une r\u00e9ponse possible \u00e0 un double besoin : permettre \u00e0 la personne\u00a0 atteinte d\u2019un handicap \u00e0 changer de cadre de vie et accorder des temps de repos aux \u201caidants familiaux\u201d.\r\n\r\n* Formulaires fournis par la MDPH, accord\u00e9 en fonction des places disponibles ;\u00a0 Financement accord\u00e9 par le Conseil D\u00e9partemental.\r\n\r\n&nbsp;\r\n\r\n&nbsp;\r\n<div id=\"wkWidgetScriptVersion\"><\/div>","_et_gb_content_width":"","footnotes":""},"class_list":["post-63","page","type-page","status-publish","hentry"],"_links":{"self":[{"href":"https:\/\/www.proxi-sante.org\/molsheim\/wp-json\/wp\/v2\/pages\/63","targetHints":{"allow":["GET"]}}],"collection":[{"href":"https:\/\/www.proxi-sante.org\/molsheim\/wp-json\/wp\/v2\/pages"}],"about":[{"href":"https:\/\/www.proxi-sante.org\/molsheim\/wp-json\/wp\/v2\/types\/page"}],"author":[{"embeddable":true,"href":"https:\/\/www.proxi-sante.org\/molsheim\/wp-json\/wp\/v2\/users\/1"}],"replies":[{"embeddable":true,"href":"https:\/\/www.proxi-sante.org\/molsheim\/wp-json\/wp\/v2\/comments?post=63"}],"version-history":[{"count":0,"href":"https:\/\/www.proxi-sante.org\/molsheim\/wp-json\/wp\/v2\/pages\/63\/revisions"}],"up":[{"embeddable":true,"href":"https:\/\/www.proxi-sante.org\/molsheim\/wp-json\/wp\/v2\/pages\/17"}],"wp:attachment":[{"href":"https:\/\/www.proxi-sante.org\/molsheim\/wp-json\/wp\/v2\/media?parent=63"}],"curies":[{"name":"wp","href":"https:\/\/api.w.org\/{rel}","templated":true}]}}