{"id":68,"date":"2010-11-25T16:21:27","date_gmt":"2010-11-25T16:21:27","guid":{"rendered":"https:\/\/www.proxi-sante.org\/wass\/?page_id=68"},"modified":"2016-12-01T09:52:35","modified_gmt":"2016-12-01T08:52:35","slug":"prestations-autres-organismes","status":"publish","type":"page","link":"https:\/\/www.proxi-sante.org\/molsheim\/handicap\/prestations-autres-organismes\/","title":{"rendered":"prestations d&rsquo;autres organismes"},"content":{"rendered":"<h2>d&rsquo;autres organismes assurent \u00e9galement des prestations.<\/h2>\n<h4><b>L\u2019allocation journali\u00e8re de pr\u00e9sence parentale &#8211; AJPP\u202f-<\/b><\/h4>\n<p>Elle est destin\u00e9e aux parents ou autre personne d\u00e9cidant d\u2019arr\u00eater ponctuellement l\u2019activit\u00e9 professionnelle pour assumer la charge d\u2019un enfant\u00a0 de -20 ans atteint d\u2019un handicap, d\u2019une maladie ou victime d\u2019un accident grave rendant indispensable une pr\u00e9sence soutenue et des soins contraignants. Elle se per\u00e7oit, pour chaque jour de cong\u00e9. Cette prestation est g\u00e9r\u00e9e directement par la CAF ou la MSA.<\/p>\n<p><b>La pension d\u2019invalidit\u00e9 : <\/b>un revenu de substitution allou\u00e9 par la s\u00e9cu en cas de perte de salaire due \u00e0 une r\u00e9duction de capacit\u00e9 de travail. Elle est g\u00e9r\u00e9e par la CPAM.<br \/>\n\u00c2 <b>www.ameli.fr<\/b><\/p>\n<h4><b>La retraite des personnes handicap\u00e9es<\/b><\/h4>\n<p>La pension vieillesse au titre de l\u2019inaptitude au travail et le passage \u00e0 la retraite des b\u00e9n\u00e9ficiaires de AAH : sous conditions. Elle est g\u00e9r\u00e9e par la CARSAT.<\/p>\n<p><span style=\"color: #3366ff;\">\u27a5 <b>www.carsat-alsacemoselle.fr<\/b><\/span><\/p>\n<p><b>Les frais d\u2019h\u00e9bergement et de soins <\/b>dans les \u00e9tablissements d\u2019\u00e9ducation sp\u00e9cialis\u00e9e et professionnels ainsi que les frais de soins en dehors des \u00e9tablissements (\u00e0 l\u2019exception des frais incombant \u00e0 l\u2019Etat) sont int\u00e9gralement pris en charge par les r\u00e9gimes d\u2019assurance maladie dans la limite des tarifs servant \u00e0 la base de calcul des prestations.<br \/>\n<b><\/b><\/p>\n<p><span style=\"color: #3366ff;\">\u27a5 <b>la CPAM ou la MSA.<\/b><\/span><\/p>\n<p><b>L\u2019aide sociale d\u00e9partementale \u00e0 domicile<\/b><b> <\/b>(ou en \u00e9tablissement) sous conditions de ressources, pour financer l\u2019intervention d\u2019une aide m\u00e9nag\u00e8re \u00e0 domicile, le portage des repas ou les frais de s\u00e9jours en \u00e9tablissement social ou m\u00e9dico-social. Elle est g\u00e9r\u00e9e par le Conseil D\u00e9partemental. Elle doit \u00eatre initi\u00e9e par la commune de r\u00e9sidence.<\/p>\n<p><span style=\"color: #3366ff;\">\u27a5 <b>renseignements<\/b>\u00a0 : \u00e0 votre mairie.<\/span><\/p>\n<h4><\/h4>\n","protected":false},"excerpt":{"rendered":"<p>d&rsquo;autres organismes assurent \u00e9galement des prestations. L\u2019allocation journali\u00e8re de pr\u00e9sence parentale &#8211; AJPP\u202f- Elle est destin\u00e9e aux parents ou autre personne d\u00e9cidant d\u2019arr\u00eater ponctuellement l\u2019activit\u00e9 professionnelle pour assumer la charge d\u2019un enfant\u00a0 de -20 ans atteint d\u2019un handicap, d\u2019une maladie ou victime d\u2019un accident grave rendant indispensable une pr\u00e9sence soutenue et des soins contraignants. Elle [&hellip;]<\/p>\n","protected":false},"author":1,"featured_media":0,"parent":17,"menu_order":44,"comment_status":"open","ping_status":"closed","template":"","meta":{"_et_pb_use_builder":"","_et_pb_old_content":"","_et_gb_content_width":"","footnotes":""},"class_list":["post-68","page","type-page","status-publish","hentry"],"_links":{"self":[{"href":"https:\/\/www.proxi-sante.org\/molsheim\/wp-json\/wp\/v2\/pages\/68","targetHints":{"allow":["GET"]}}],"collection":[{"href":"https:\/\/www.proxi-sante.org\/molsheim\/wp-json\/wp\/v2\/pages"}],"about":[{"href":"https:\/\/www.proxi-sante.org\/molsheim\/wp-json\/wp\/v2\/types\/page"}],"author":[{"embeddable":true,"href":"https:\/\/www.proxi-sante.org\/molsheim\/wp-json\/wp\/v2\/users\/1"}],"replies":[{"embeddable":true,"href":"https:\/\/www.proxi-sante.org\/molsheim\/wp-json\/wp\/v2\/comments?post=68"}],"version-history":[{"count":0,"href":"https:\/\/www.proxi-sante.org\/molsheim\/wp-json\/wp\/v2\/pages\/68\/revisions"}],"up":[{"embeddable":true,"href":"https:\/\/www.proxi-sante.org\/molsheim\/wp-json\/wp\/v2\/pages\/17"}],"wp:attachment":[{"href":"https:\/\/www.proxi-sante.org\/molsheim\/wp-json\/wp\/v2\/media?parent=68"}],"curies":[{"name":"wp","href":"https:\/\/api.w.org\/{rel}","templated":true}]}}