{"id":72,"date":"2010-11-25T16:23:23","date_gmt":"2010-11-25T15:23:23","guid":{"rendered":"https:\/\/www.proxi-sante.org\/wass\/?page_id=72"},"modified":"2016-12-01T10:01:49","modified_gmt":"2016-12-01T09:01:49","slug":"allocation-autonomie","status":"publish","type":"page","link":"https:\/\/www.proxi-sante.org\/molsheim\/aides-protection\/allocation-autonomie\/","title":{"rendered":"allocation personnalis\u00e9e d&rsquo;autonomie"},"content":{"rendered":"<h2>L&rsquo;APA\u00a0 : une allocation\u00a0 personnalis\u00e9e d\u2019autonomie<\/h2>\n<p>Loi n\u00b0 2015-1776 du 28 d\u00e9cembre 2015 relative \u00e0 l\u2019adaptation de la soci\u00e9t\u00e9 au vieillissement.<\/p>\n<p>Une personne \u00e2g\u00e9e de plus de 60 ans peut b\u00e9n\u00e9ficier\u00a0de l\u2019Allocation personnalis\u00e9e d\u2019autonomie d\u00e8s lors qu\u2019elle pr\u00e9sente un certain degr\u00e9 de perte d\u2019autonomie. Peuvent ainsi pr\u00e9tendre au b\u00e9n\u00e9fice de cette prestation les personnes class\u00e9es en GIR 1 \u00e0 4 (Le GIR 1 correspondant \u00e0 la perte d\u2019autonomie la plus importante).<\/p>\n<p>L\u2019APA, vers\u00e9e par le Conseil D\u00e9partemental, permet de financer un certain nombre d\u2019aides\u00a0: le recours \u00e0 une aide \u00e0 domicile, participer au financement pour l\u2019intervention d\u2019un prestataire, les frais de portage de repas, le service de t\u00e9l\u00e9-assistance, la prise en charge en accueil de jour.\u00a0 L\u2019APA est accord\u00e9e quel que soit le niveau de ressources, mais une participation financi\u00e8re peut \u00eatre demand\u00e9e \u00e0 la personne \u00e2g\u00e9e.<\/p>\n<p>Le dossier de demande d\u2019APA peut \u00eatre retir\u00e9 aupr\u00e8s de l\u2019ESPAS de Molsheim ou aupr\u00e8s du Conseil D\u00e9partemental.<\/p>\n<p>L\u2019\u00e9valuation de la d\u00e9pendance est r\u00e9alis\u00e9e par un travailleur social\u00a0 ou un m\u00e9decin du Conseil D\u00e9partemental.\u00a0 Le plan d\u2019aide est r\u00e9visable en cas d\u2019aggravation de la d\u00e9pendance.<\/p>\n<h6>Renseignements :<\/h6>\n<h4><span style=\"color: #3366ff;\">Espas de Molsheim<\/span><\/h4>\n<p>16b rue Gaston Romazzotti \u2013 67120 MOLSHEIM<\/p>\n<h4><span style=\"color: #3366ff;\">\u27a5\u00a0 <b>03 68 33 87 44<\/b><\/span><\/h4>\n<p>&nbsp;<\/p>\n<div id=\"wkWidgetScriptVersion\" style=\"display: none;\">1<\/div>\n<div id=\"wkWidgetScriptVersion\" style=\"display: none;\">1<\/div>\n<div id=\"wkWidgetScriptVersion\" style=\"display: none;\">1<\/div>\n<div id=\"wkWidgetScriptVersion\" style=\"display: none;\">1<\/div>\n","protected":false},"excerpt":{"rendered":"<p>L&rsquo;APA\u00a0 : une allocation\u00a0 personnalis\u00e9e d\u2019autonomie Loi n\u00b0 2015-1776 du 28 d\u00e9cembre 2015 relative \u00e0 l\u2019adaptation de la soci\u00e9t\u00e9 au vieillissement. Une personne \u00e2g\u00e9e de plus de 60 ans peut b\u00e9n\u00e9ficier\u00a0de l\u2019Allocation personnalis\u00e9e d\u2019autonomie d\u00e8s lors qu\u2019elle pr\u00e9sente un certain degr\u00e9 de perte d\u2019autonomie. Peuvent ainsi pr\u00e9tendre au b\u00e9n\u00e9fice de cette prestation les personnes class\u00e9es [&hellip;]<\/p>\n","protected":false},"author":1,"featured_media":0,"parent":19,"menu_order":73,"comment_status":"open","ping_status":"closed","template":"","meta":{"_et_pb_use_builder":"","_et_pb_old_content":"","_et_gb_content_width":"","footnotes":""},"class_list":["post-72","page","type-page","status-publish","hentry"],"_links":{"self":[{"href":"https:\/\/www.proxi-sante.org\/molsheim\/wp-json\/wp\/v2\/pages\/72","targetHints":{"allow":["GET"]}}],"collection":[{"href":"https:\/\/www.proxi-sante.org\/molsheim\/wp-json\/wp\/v2\/pages"}],"about":[{"href":"https:\/\/www.proxi-sante.org\/molsheim\/wp-json\/wp\/v2\/types\/page"}],"author":[{"embeddable":true,"href":"https:\/\/www.proxi-sante.org\/molsheim\/wp-json\/wp\/v2\/users\/1"}],"replies":[{"embeddable":true,"href":"https:\/\/www.proxi-sante.org\/molsheim\/wp-json\/wp\/v2\/comments?post=72"}],"version-history":[{"count":0,"href":"https:\/\/www.proxi-sante.org\/molsheim\/wp-json\/wp\/v2\/pages\/72\/revisions"}],"up":[{"embeddable":true,"href":"https:\/\/www.proxi-sante.org\/molsheim\/wp-json\/wp\/v2\/pages\/19"}],"wp:attachment":[{"href":"https:\/\/www.proxi-sante.org\/molsheim\/wp-json\/wp\/v2\/media?parent=72"}],"curies":[{"name":"wp","href":"https:\/\/api.w.org\/{rel}","templated":true}]}}