{"id":852,"date":"2016-10-13T15:16:14","date_gmt":"2016-10-13T14:16:14","guid":{"rendered":"https:\/\/www.proxi-sante.org\/molsheim\/?page_id=852"},"modified":"2016-10-13T15:17:16","modified_gmt":"2016-10-13T14:17:16","slug":"le-plan-canicule","status":"publish","type":"page","link":"https:\/\/www.proxi-sante.org\/molsheim\/le-plan-canicule\/","title":{"rendered":"Le plan canicule"},"content":{"rendered":"<h1>Le plan canicule<\/h1>\n<p><strong>Avant la vague de chaleur<\/strong>, pour les personnes \u00e2g\u00e9es<br \/>\n\u2022 signalez-vous par t\u00e9l\u00e9phone aupr\u00e8s de la mairie de votre lieu de r\u00e9sidence.<\/p>\n<p><strong>Durant la vague de chaleur<\/strong><br \/>\n\u2022 Buvez r\u00e9guli\u00e8rement, m\u00eame si vous n\u2019avez pas soif au moins un litre et demi d\u2019eau.<br \/>\n\u2022 Gardez votre logement le plus frais possible.<br \/>\n\u2022 Faites des courants d\u2019air le matin et le soir.<br \/>\n\u2022 Restez \u00e0 l\u2019ombre.<br \/>\n\u2022 Habillez-vous le plus l\u00e9g\u00e8rement en portant des v\u00eatements amples, en coton<br \/>\nde couleur tr\u00e8s claire.<br \/>\n\u2022 Evitez les efforts physiques.<br \/>\n\u2022 Rafra\u00eechissez vous le visage \u00e0 l\u2019aide d\u2019un brumisateur ou des lingettes humides.<br \/>\n\u2022 Surveillez votre temp\u00e9rature.<\/p>\n<p><strong>En cas de probl\u00e8mes<\/strong>, de sympt\u00f4mes alarmants : \u00e9l\u00e9vation de la temp\u00e9rature, crampes musculaires, maux de t\u00eate, naus\u00e9es, soif intense, grande fatigue, troubles de la conscience&#8230;\u00a0 <strong>Appelez votre m\u00e9decin ou le 15<\/strong> !<\/p>\n","protected":false},"excerpt":{"rendered":"<p>Le plan canicule Avant la vague de chaleur, pour les personnes \u00e2g\u00e9es \u2022 signalez-vous par t\u00e9l\u00e9phone aupr\u00e8s de la mairie de votre lieu de r\u00e9sidence. Durant la vague de chaleur \u2022 Buvez r\u00e9guli\u00e8rement, m\u00eame si vous n\u2019avez pas soif au moins un litre et demi d\u2019eau. \u2022 Gardez votre logement le plus frais possible. \u2022 [&hellip;]<\/p>\n","protected":false},"author":1,"featured_media":0,"parent":0,"menu_order":13,"comment_status":"open","ping_status":"closed","template":"","meta":{"_et_pb_use_builder":"","_et_pb_old_content":"","_et_gb_content_width":"","footnotes":""},"class_list":["post-852","page","type-page","status-publish","hentry"],"_links":{"self":[{"href":"https:\/\/www.proxi-sante.org\/molsheim\/wp-json\/wp\/v2\/pages\/852","targetHints":{"allow":["GET"]}}],"collection":[{"href":"https:\/\/www.proxi-sante.org\/molsheim\/wp-json\/wp\/v2\/pages"}],"about":[{"href":"https:\/\/www.proxi-sante.org\/molsheim\/wp-json\/wp\/v2\/types\/page"}],"author":[{"embeddable":true,"href":"https:\/\/www.proxi-sante.org\/molsheim\/wp-json\/wp\/v2\/users\/1"}],"replies":[{"embeddable":true,"href":"https:\/\/www.proxi-sante.org\/molsheim\/wp-json\/wp\/v2\/comments?post=852"}],"version-history":[{"count":0,"href":"https:\/\/www.proxi-sante.org\/molsheim\/wp-json\/wp\/v2\/pages\/852\/revisions"}],"wp:attachment":[{"href":"https:\/\/www.proxi-sante.org\/molsheim\/wp-json\/wp\/v2\/media?parent=852"}],"curies":[{"name":"wp","href":"https:\/\/api.w.org\/{rel}","templated":true}]}}