{"id":1246,"date":"2023-10-04T12:16:14","date_gmt":"2023-10-04T12:16:14","guid":{"rendered":"https:\/\/www.proxi-sante.org\/wass\/?page_id=1246"},"modified":"2023-10-05T07:28:08","modified_gmt":"2023-10-05T07:28:08","slug":"le-diabete","status":"publish","type":"page","link":"https:\/\/www.proxi-sante.org\/wass\/le-diabete\/","title":{"rendered":"Le diab\u00e8te"},"content":{"rendered":"<p>[et_pb_section fb_built=\u00a0\u00bb1&Prime; _builder_version=\u00a0\u00bb4.16&Prime; global_colors_info=\u00a0\u00bb{}\u00a0\u00bb][et_pb_row column_structure=\u00a0\u00bb1_2,1_2&Prime; _builder_version=\u00a0\u00bb4.16&Prime; background_size=\u00a0\u00bbinitial\u00a0\u00bb background_position=\u00a0\u00bbtop_left\u00a0\u00bb background_repeat=\u00a0\u00bbrepeat\u00a0\u00bb global_colors_info=\u00a0\u00bb{}\u00a0\u00bb][et_pb_column type=\u00a0\u00bb1_2&Prime; _builder_version=\u00a0\u00bb4.16&Prime; custom_padding=\u00a0\u00bb|||\u00a0\u00bb global_colors_info=\u00a0\u00bb{}\u00a0\u00bb custom_padding__hover=\u00a0\u00bb|||\u00a0\u00bb][et_pb_text _builder_version=\u00a0\u00bb4.21.0&Prime; background_size=\u00a0\u00bbinitial\u00a0\u00bb background_position=\u00a0\u00bbtop_left\u00a0\u00bb background_repeat=\u00a0\u00bbrepeat\u00a0\u00bb hover_enabled=\u00a0\u00bb0&Prime; global_colors_info=\u00a0\u00bb{}\u00a0\u00bb sticky_enabled=\u00a0\u00bb0&Prime;]<\/p>\n<h1>Le diab\u00e8te &#8211; Insulib<span class=\"Apple-converted-space\">\u00a0<\/span><\/h1>\n<p>Avec une surmortalit\u00e9 de 48 % par rapport \u00e0 la moyenne dans l\u2019hexagone, qui place l\u2019Alsace au premier rang des r\u00e9gions o\u00f9 l\u2019on meurt le plus du diab\u00e8te ou de ses complications, le diab\u00e8te est \u00e0 prendre avec s\u00e9rieux dans notre r\u00e9gion. Se faire d\u00e9pister m\u00eame sans sympt\u00f4mesest essentiel pour savoir ou on se situe permet de limiter les risques et<span class=\"Apple-converted-space\">\u00a0 <\/span>ne pas savoir. Aujourd\u2019hui vivre avec un diab\u00e8te de type 2 ou de type 1 est tr\u00e8s bien pris en charge par le parcours de soin, ce qui \u00e9vite les complications que l\u2019on connaissait.Il faut avoir une alimentation saine sans interdit, une activit\u00e9 physique adapt\u00e9e \u00e0 ses capacit\u00e9s, \u00e9viter un surpoids et la consommation de tabac, sont autant de moyens de pr\u00e9venir ou de retarder l\u2019apparition du diab\u00e8te de type 2. Le diab\u00e8te est un fonctionnement hormonal, le pancr\u00e9as ne produit plus d\u2019insuline (type 1) ou une insuline moins efficace (type 2). L\u2019insuline est une hormone qui r\u00e9gule la concentration de sucre dans le sang. L\u2019hyperglyc\u00e9mie permanente, ou concentration sanguine \u00e9lev\u00e9e de sucre, est un effet fr\u00e9quent du diab\u00e8te non contr\u00f4l\u00e9 qui conduit avec le temps \u00e0 des complications.<span class=\"Apple-converted-space\">\u00a0<\/span><\/p>\n<p><b>Le diab\u00e8te de type 1<\/b><\/p>\n<p>Le diab\u00e8te de type 1 (autrefois appel\u00e9 diab\u00e8te insulinod\u00e9pendant ou juv\u00e9nile) se caract\u00e9rise par une production insuffisante d\u2019insuline, laquelle doit \u00eatre administr\u00e9e quotidiennement. La cause du diab\u00e8te de type 1 n\u2019est pas connue, et en l\u2019\u00e9tat des connaissances actuelles, il n\u2019est pas \u00e9vitable, c\u2019est une maladie auto-immune. Les sympt\u00f4mes sont les suivants : excr\u00e9tion excessive d\u2019urine (polyurie), sensation de soif (polydipsie), faim constante, perte de poids, alt\u00e9ration de la vision et fatigue. Ces sympt\u00f4mes peuvent appara\u00eetre brutalement. <span class=\"Apple-converted-space\">\u00a0<\/span><\/p>\n<p><b>Le diab\u00e8te de type 2<\/b><\/p>\n<p>Le diab\u00e8te de type 2 (autrefois appel\u00e9 diab\u00e8te non insulinod\u00e9pendant ou diab\u00e8te de la maturit\u00e9) r\u00e9sulte d\u2019une mauvaise utilisation de l\u2019insuline par l\u2019organisme. Le diab\u00e8te de type 2 repr\u00e9sente la majorit\u00e9 des cas de diab\u00e8te. Il est en grande partie le r\u00e9sultat d\u2019une surcharge pond\u00e9rale et du manque d\u2019activit\u00e9 physique. Ses sympt\u00f4mes peuvent similaires \u00e0 ceux du diab\u00e8te de type 1 mais sont souvent moins marqu\u00e9s. De ce fait, la maladie peut \u00eatre diagnostiqu\u00e9e plusieurs ann\u00e9es apr\u00e8s son apparition, une fois les complications d\u00e9j\u00e0 pr\u00e9sentes. C\u2019est pour cela qu\u2019un d\u00e9pistage annuel doit \u00eatre fait soit cher votre pharmacien ou par une simple prise de sang au laboratoire.<span class=\"Apple-converted-space\">\u00a0<\/span><\/p>\n<p><b>La pr\u00e9vention<\/b><\/p>\n<p>On a montr\u00e9 que des mesures simples modifiant le mode de vie permettaient d\u2019\u00e9viter ou de retarder la survenue du diab\u00e8te de type 2. Pour pr\u00e9venir ce diab\u00e8te et ses complications, il faut<span class=\"Apple-converted-space\">\u00a0 <\/span>parvenir \u00e0 un poids normal; faire une activit\u00e9 physique d\u2019au moins 30 minutes par jour d\u2019activit\u00e9 r\u00e9guli\u00e8re d\u2019intensit\u00e9 mod\u00e9r\u00e9e. La pr\u00e9vention est de connaitre les premiers signes et de se faire d\u00e9pister une fois par an lors de journ\u00e9es de d\u00e9pistage organis\u00e9 par les associations, les pouvoirs publics, les r\u00e9seaux de sant\u00e9 ou tout simplement chez votre pharmacien ou votre m\u00e9decin.<\/p>\n<p><b>Diagnostic et traitement<\/b><\/p>\n<p>On peut poser un diagnostic pr\u00e9coce en mesurant la glyc\u00e9mie.<span class=\"Apple-converted-space\">\u00a0<\/span><\/p>\n<p>[\/et_pb_text][\/et_pb_column][et_pb_column type=\u00a0\u00bb1_2&Prime; _builder_version=\u00a0\u00bb4.16&Prime; custom_padding=\u00a0\u00bb|||\u00a0\u00bb global_colors_info=\u00a0\u00bb{}\u00a0\u00bb custom_padding__hover=\u00a0\u00bb|||\u00a0\u00bb][et_pb_image src=\u00a0\u00bbhttps:\/\/www.proxi-sante.org\/wass\/wp-content\/uploads\/les-fondamentaux.pdf\u00a0\u00bb title_text=\u00a0\u00bbles fondamentaux\u00a0\u00bb show_in_lightbox=\u00a0\u00bbon\u00a0\u00bb align=\u00a0\u00bbcenter\u00a0\u00bb _builder_version=\u00a0\u00bb4.22.2&Prime; _module_preset=\u00a0\u00bbdefault\u00a0\u00bb global_colors_info=\u00a0\u00bb{}\u00a0\u00bb][\/et_pb_image][et_pb_text _builder_version=\u00a0\u00bb4.22.2&Prime; _module_preset=\u00a0\u00bbdefault\u00a0\u00bb hover_enabled=\u00a0\u00bb0&Prime; global_colors_info=\u00a0\u00bb{}\u00a0\u00bb sticky_enabled=\u00a0\u00bb0&Prime;]<\/p>\n<p>Le traitement du diab\u00e8te de type 1 est des injections basal-bolus, bas\u00e9e sur l\u2019insulinoth\u00e9rapie fonctionnelle c\u2019est \u00e0 dire adapter les doses insuline en fonction des quantit\u00e9s de glucides. Le traitement du diab\u00e8te de type 2 impose d\u2019avoir une alimentaire \u00e9quilibr\u00e9 sans interdit et de pratiquer une activit\u00e9 physique, ou de prendre des antidiab\u00e9tiques oraux ou de faire des injections d\u2019insuline. Cela n\u2019est pas plus grave si on s\u2019injecte de l\u2019insuline, il faut juste trouver la bonne r\u00e9ponse th\u00e9rapeutique pour \u00e9quilibrer les glyc\u00e9mies.<\/p>\n<p><b>Le contr\u00f4le de la glyc\u00e9mie<\/b><\/p>\n<p>Les contr\u00f4les de glyc\u00e9mie sont facilit\u00e9s par le nouveau dispositif freestyle qui par simple scan vous donne la glyc\u00e9mie, plus besoin de se piquer le bout des doigts. On observe que les diab\u00e9tiques font des contr\u00f4les plus fr\u00e9quemment.<\/p>\n<p><b>Les groupes de paroles Insulib<\/b><\/p>\n<p>Les groupes de parole permettent d\u2019exprimer des souffrances, des non-dits ou difficult\u00e9s rencontr\u00e9es de fa\u00e7on \u00e0 favoriser leur r\u00e9solution pour \u00e9viter que la situation ne prenne trop d\u2019importance du fait du silence. Elles permettent \u00e9galement de ne plus se sentir seul dans la pathologie, et souvent on \u00e9change des bonnes pratiques. Les groupes de paroles sont \u00e9galement un lieu de convivialit\u00e9 o\u00f9 l\u2019on aime se retrouver. Quatre groupes de paroles (Colmar, Mulhouse, S\u00e9lestat, Strasbourg) sont op\u00e9rationnels et deux sont en cours d\u2019installation (Saverne et Saint-Louis).<span class=\"Apple-converted-space\">\u00a0<\/span><\/p>\n<p>En savoir plus sur les dates et lieux de nos rencontres :<span class=\"Apple-converted-space\">\u00a0<\/span><\/p>\n<p><b>www.insulib.com : onglet groupe-de-parole<span class=\"Apple-converted-space\">\u00a0<\/span><\/b><\/p>\n<blockquote>\n<p><b>Association INSULIB<br \/><\/b>Association de soignants et patients diab\u00e9tiques de type 1 et 2<br \/>Centre europ\u00e9en d\u2019\u00e9tude du Diab\u00e8te (CEED)<br \/>Boulevard Ren\u00e9 Leriche &#8211; 67200 Strasbourg<br \/>St\u00e9phanie Karmann a 06 77 90 50 17<br \/><b><a href=\"www.insulib.com\" target=\"_blank\" rel=\"noopener\">www.insulib.com<\/a><span class=\"Apple-converted-space\"><br \/><\/span><\/b><b>contact@insulib.com<\/b><\/p>\n<\/blockquote>\n<p>[\/et_pb_text][\/et_pb_column][\/et_pb_row][\/et_pb_section]<\/p>\n","protected":false},"excerpt":{"rendered":"<p>Le diab\u00e8te &#8211; Insulib\u00a0 Avec une surmortalit\u00e9 de 48 % par rapport \u00e0 la moyenne dans l\u2019hexagone, qui place l\u2019Alsace au premier rang des r\u00e9gions o\u00f9 l\u2019on meurt le plus du diab\u00e8te ou de ses complications, le diab\u00e8te est \u00e0 prendre avec s\u00e9rieux dans notre r\u00e9gion. Se faire d\u00e9pister m\u00eame sans sympt\u00f4mesest essentiel pour savoir [&hellip;]<\/p>\n","protected":false},"author":2,"featured_media":0,"parent":0,"menu_order":0,"comment_status":"closed","ping_status":"closed","template":"","meta":{"_et_pb_use_builder":"on","_et_pb_old_content":"<p>Le diab\u00e8te - Insulib<span class=\"Apple-converted-space\">\u00a0<\/span><\/p><p>publireportage<\/p><p>Avec une surmortalit\u00e9 de 48 % par rapport \u00e0 la moyenne dans l\u2019hexagone, qui place l\u2019Alsace au premier rang des r\u00e9gions o\u00f9 l\u2019on meurt le plus du diab\u00e8te ou de ses complications, le diab\u00e8te est \u00e0 prendre avec s\u00e9rieux dans notre r\u00e9gion. Se faire d\u00e9pister m\u00eame sans sympt\u00f4mesest essentiel pour savoir ou on se situe permet de limiter les risques et<span class=\"Apple-converted-space\">\u00a0 <\/span>ne pas savoir. Aujourd\u2019hui vivre avec un diab\u00e8te de type 2 ou de type 1 est tr\u00e8s bien pris en charge par le parcours de soin, ce qui \u00e9vite les complications que l\u2019on connaissait.Il faut avoir une alimentation saine sans interdit, une activit\u00e9 physique adapt\u00e9e \u00e0 ses capacit\u00e9s, \u00e9viter un surpoids et la consommation de tabac, sont autant de moyens de pr\u00e9venir ou de retarder l\u2019apparition du diab\u00e8te de type 2. Le diab\u00e8te est un fonctionnement hormonal, le pancr\u00e9as ne produit plus d\u2019insuline (type 1) ou une insuline moins efficace (type 2). L\u2019insuline est une hormone qui r\u00e9gule la concentration de sucre dans le sang. L\u2019hyperglyc\u00e9mie permanente, ou concentration sanguine \u00e9lev\u00e9e de sucre, est un effet fr\u00e9quent du diab\u00e8te non contr\u00f4l\u00e9 qui conduit avec le temps \u00e0 des complications.<span class=\"Apple-converted-space\">\u00a0<\/span><\/p><p><b>Le diab\u00e8te de type 1<\/b><\/p><p>Le diab\u00e8te de type 1 (autrefois appel\u00e9 diab\u00e8te insulinod\u00e9pendant ou juv\u00e9nile) se caract\u00e9rise par une production insuffisante d\u2019insuline, laquelle doit \u00eatre administr\u00e9e quotidiennement. La cause du diab\u00e8te de type 1 n\u2019est pas connue, et en l\u2019\u00e9tat des connaissances actuelles, il n\u2019est pas \u00e9vitable, c\u2019est une maladie auto-immune. Les sympt\u00f4mes sont les suivants : excr\u00e9tion excessive d\u2019urine (polyurie), sensation de soif (polydipsie), faim constante, perte de poids, alt\u00e9ration de la vision et fatigue. Ces sympt\u00f4mes peuvent appara\u00eetre brutalement. <span class=\"Apple-converted-space\">\u00a0<\/span><\/p><p><b>Le diab\u00e8te de type 2<\/b><\/p><p>Le diab\u00e8te de type 2 (autrefois appel\u00e9 diab\u00e8te non insulinod\u00e9pendant ou diab\u00e8te de la maturit\u00e9) r\u00e9sulte d\u2019une mauvaise utilisation de l\u2019insuline par l\u2019organisme. Le diab\u00e8te de type 2 repr\u00e9sente la majorit\u00e9 des cas de diab\u00e8te. Il est en grande partie le r\u00e9sultat d\u2019une surcharge pond\u00e9rale et du manque d\u2019activit\u00e9 physique. Ses sympt\u00f4mes peuvent similaires \u00e0 ceux du diab\u00e8te de type 1 mais sont souvent moins marqu\u00e9s. De ce fait, la maladie peut \u00eatre diagnostiqu\u00e9e plusieurs ann\u00e9es apr\u00e8s son apparition, une fois les complications d\u00e9j\u00e0 pr\u00e9sentes. C\u2019est pour cela qu\u2019un d\u00e9pistage annuel doit \u00eatre fait soit cher votre pharmacien ou par une simple prise de sang au laboratoire.<span class=\"Apple-converted-space\">\u00a0<\/span><\/p><p><b>La pr\u00e9vention<\/b><\/p><p>On a montr\u00e9 que des mesures simples modifiant le mode de vie permettaient d\u2019\u00e9viter ou de retarder la survenue du diab\u00e8te de type 2. Pour pr\u00e9venir ce diab\u00e8te et ses complications, il faut<span class=\"Apple-converted-space\">\u00a0 <\/span>parvenir \u00e0 un poids normal; faire une activit\u00e9 physique d\u2019au moins 30 minutes par jour d\u2019activit\u00e9 r\u00e9guli\u00e8re d\u2019intensit\u00e9 mod\u00e9r\u00e9e. La pr\u00e9vention est de connaitre les premiers signes et de se faire d\u00e9pister une fois par an lors de journ\u00e9es de d\u00e9pistage organis\u00e9 par les associations, les pouvoirs publics, les r\u00e9seaux de sant\u00e9 ou tout simplement chez votre pharmacien ou votre m\u00e9decin.<\/p><p><b>Diagnostic et traitement<\/b><\/p><p>On peut poser un diagnostic pr\u00e9coce en mesurant la glyc\u00e9mie.<span class=\"Apple-converted-space\">\u00a0<\/span><\/p>","_et_gb_content_width":"","footnotes":""},"class_list":["post-1246","page","type-page","status-publish","hentry"],"aioseo_notices":[],"_links":{"self":[{"href":"https:\/\/www.proxi-sante.org\/wass\/wp-json\/wp\/v2\/pages\/1246","targetHints":{"allow":["GET"]}}],"collection":[{"href":"https:\/\/www.proxi-sante.org\/wass\/wp-json\/wp\/v2\/pages"}],"about":[{"href":"https:\/\/www.proxi-sante.org\/wass\/wp-json\/wp\/v2\/types\/page"}],"author":[{"embeddable":true,"href":"https:\/\/www.proxi-sante.org\/wass\/wp-json\/wp\/v2\/users\/2"}],"replies":[{"embeddable":true,"href":"https:\/\/www.proxi-sante.org\/wass\/wp-json\/wp\/v2\/comments?post=1246"}],"version-history":[{"count":0,"href":"https:\/\/www.proxi-sante.org\/wass\/wp-json\/wp\/v2\/pages\/1246\/revisions"}],"wp:attachment":[{"href":"https:\/\/www.proxi-sante.org\/wass\/wp-json\/wp\/v2\/media?parent=1246"}],"curies":[{"name":"wp","href":"https:\/\/api.w.org\/{rel}","templated":true}]}}