{"id":22,"date":"2010-11-25T15:44:23","date_gmt":"2010-11-25T15:44:23","guid":{"rendered":"https:\/\/www.proxi-sante.org\/wass\/?page_id=22"},"modified":"2018-03-15T14:46:18","modified_gmt":"2018-03-15T14:46:18","slug":"le-maintien-a-domicile","status":"publish","type":"page","link":"https:\/\/www.proxi-sante.org\/wass\/le-maintien-a-domicile\/","title":{"rendered":"le maintien \u00e0 domicile"},"content":{"rendered":"<h2>Lieu d\u2019accueil et d\u2019information dans le domaine g\u00e9rontologique et du handicap<\/h2>\n<p>Lieu d\u2019accueil et d\u2019information dans le domaine g\u00e9rontologique et du handicap (anciennement ESPAS) est une structure de proximit\u00e9, d\u2019information et d\u2019orientation unique et gratuite pour les s\u00e9niors ou personnes en \u00e9tat de handicap, leur entourage et les professionnels de la sant\u00e9. Il informe, oriente les personnes vers les aides et services dont elles<br \/>\nont besoin.<br \/>\nAu service des aidants familiaux et de tous les professionnels intervenant dans le domaine<br \/>\ng\u00e9rontologique, le guichet organise des r\u00e9unions d\u2019information, favorise les \u00e9changes et le partage des exp\u00e9riences. Il propose des cycles de for-<br \/>\nmations aux aidants familiaux. Il mobilise et coordonne les intervenants afin de proposer aux personnes des solutions adapt\u00e9es \u00e0 leurs besoins en fonction de la situation sp\u00e9cifique de chaque personne.<\/p>\n<blockquote><p>\u27a5 Lieu d\u2019accueil et d\u2019information (anc. ESPAS)dans le champ g\u00e9rontologique et du handicap<br \/>\nTERRITOIRE OUEST<br \/>\n39 rue de Dettwiller 67700 Saverne<br \/>\n\u2706 03 68 33 87 00<br \/>\nAccueil sur rendez-vous<\/p><\/blockquote>\n<p>A savoir : les secr\u00e9taire m\u00e9dico-sociales des centres m\u00e9dico-sociaux (CMS) assurent la premi\u00e8re information.<\/p>\n<h3>La Maia<\/h3>\n<p>Methode d\u2019Action pour l\u2019Int\u00e9gration des services d\u2019aides et de soins dans le champ de l\u2019Autonomie. La MAIA a pour objectif de faciliter le parcours de la personne \u00e2g\u00e9e en perte d\u2019autonomie. Elle met en synergie les acteurs du champ sanitaire, social et m\u00e9dico-social (lib\u00e9raux, m\u00e9decins, infirmi\u00e8res, kin\u00e9s, pharmaciens, services de soins \u00e0 domicile, accueil de jour, h\u00e9bergement temporaire, centre hospitalier et services sociaux&#8230;).<br \/>\nLa MAIA propose d\u2019apporter une r\u00e9ponse harmonis\u00e9e et coordonn\u00e9e aux besoins de la personne et de ses proches permettant :<br \/>\n\u2022 de favoriser, dans la mesure du possible, son maintien \u00e0 domicile : soins, accompagnement, aides\u2026 ;<br \/>\n\u2022 de rendre plus lisibles les offres des services d\u2019aide et de soin de proximit\u00e9 ;<br \/>\n\u2022 de simplifier les d\u00e9marches n\u00e9cessaires pour activer les dispositifs existants ;<br \/>\n\u2022 d\u2019\u00e9viter les ruptures dans les parcours de soin et de vie ;<br \/>\n\u2022 de mettre en place un suivi renforc\u00e9 pour les situations individuelles particuli\u00e8rement complexes. Il s\u2019agit d\u2019apporter la bonne r\u00e9ponse au bon moment.<\/p>\n<blockquote><p>\u27a5 MAIA de Saverne &#8211; \u2706 03 69 33 20 57<br \/>\nmaia.saverne@bas-rhin.fr<\/p><\/blockquote>\n<p>&nbsp;<\/p>\n<blockquote><p>\u27a5 MAIA de Molsheim &#8211; \u2706 03 68 33 81 80<br \/>\nmaia.molsheimschirmeck@bas-rhin.fr<\/p><\/blockquote>\n","protected":false},"excerpt":{"rendered":"<p>Lieu d\u2019accueil et d\u2019information dans le domaine g\u00e9rontologique et du handicap Lieu d\u2019accueil et d\u2019information dans le domaine g\u00e9rontologique et du handicap (anciennement ESPAS) est une structure de proximit\u00e9, d\u2019information et d\u2019orientation unique et gratuite pour les s\u00e9niors ou personnes en \u00e9tat de handicap, leur entourage et les professionnels de la sant\u00e9. Il informe, oriente [&hellip;]<\/p>\n","protected":false},"author":2,"featured_media":0,"parent":0,"menu_order":31,"comment_status":"open","ping_status":"closed","template":"","meta":{"_et_pb_use_builder":"","_et_pb_old_content":"","_et_gb_content_width":"","footnotes":""},"class_list":["post-22","page","type-page","status-publish","hentry"],"aioseo_notices":[],"_links":{"self":[{"href":"https:\/\/www.proxi-sante.org\/wass\/wp-json\/wp\/v2\/pages\/22","targetHints":{"allow":["GET"]}}],"collection":[{"href":"https:\/\/www.proxi-sante.org\/wass\/wp-json\/wp\/v2\/pages"}],"about":[{"href":"https:\/\/www.proxi-sante.org\/wass\/wp-json\/wp\/v2\/types\/page"}],"author":[{"embeddable":true,"href":"https:\/\/www.proxi-sante.org\/wass\/wp-json\/wp\/v2\/users\/2"}],"replies":[{"embeddable":true,"href":"https:\/\/www.proxi-sante.org\/wass\/wp-json\/wp\/v2\/comments?post=22"}],"version-history":[{"count":0,"href":"https:\/\/www.proxi-sante.org\/wass\/wp-json\/wp\/v2\/pages\/22\/revisions"}],"wp:attachment":[{"href":"https:\/\/www.proxi-sante.org\/wass\/wp-json\/wp\/v2\/media?parent=22"}],"curies":[{"name":"wp","href":"https:\/\/api.w.org\/{rel}","templated":true}]}}