{"id":284,"date":"2011-02-08T15:18:19","date_gmt":"2011-02-08T15:18:19","guid":{"rendered":"https:\/\/www.proxi-sante.org\/wass\/"},"modified":"2015-03-08T03:40:52","modified_gmt":"2015-03-08T03:40:52","slug":"cep-cicat","status":"publish","type":"page","link":"https:\/\/www.proxi-sante.org\/wass\/handicap\/cep-cicat\/","title":{"rendered":"CEP &#8211; CICAT"},"content":{"rendered":"<h2>Le CEP &#8211; Conseil Evaluation Exposition Pr\u00e9vention.<\/h2>\n<p>Un centre d\u2019information et de conseils en aides techniques appel\u00e9 CICAT.\u00a0 V\u00e9ritable lieu d\u2019expertise, il accueille et accompagne les personnes \u00e2g\u00e9es ou handicap\u00e9es dans la recherche de solutions pour compenser leur perte d\u2019autonomie.<\/p>\n<p>Une \u00e9quipe de professionnels, compos\u00e9e d\u2019ergoth\u00e9rapeutes et de techniciens du b\u00e2timent, vous conseille et vous informe sur le mat\u00e9riel et les solutions adapt\u00e9es, ainsi que les financements existants. Une vaste gamme de mat\u00e9riel pr\u00e9sent\u00e9e par th\u00e8me : handicap moteur, aide \u00e0 la marche, la chambre, les sanitaires\u2026 est expos\u00e9e et peut \u00eatre essay\u00e9e dans leur hall d\u2019exposition.<\/p>\n<p>Vous pourrez ensuite acheter ou louer ce mat\u00e9riel aupr\u00e8s des pharmacies et magasins de mat\u00e9riel m\u00e9dical du secteur.<\/p>\n<p>\u27a5 CEP-CICAT : 2 rue Evariste Galois 67201 ECKBOLSHEIM.<br \/>\n\u2706 03 88 76 16 50 &#8211; <a class=\"wp-oembed\" href=\"http:\/\/www.cep-cicat.com\" target=\"_blank\">www.cep-cicat.com<\/a><\/p>\n","protected":false},"excerpt":{"rendered":"<p>Le CEP &#8211; Conseil Evaluation Exposition Pr\u00e9vention. Un centre d\u2019information et de conseils en aides techniques appel\u00e9 CICAT.\u00a0 V\u00e9ritable lieu d\u2019expertise, il accueille et accompagne les personnes \u00e2g\u00e9es ou handicap\u00e9es dans la recherche de solutions pour compenser leur perte d\u2019autonomie. Une \u00e9quipe de professionnels, compos\u00e9e d\u2019ergoth\u00e9rapeutes et de techniciens du b\u00e2timent, vous conseille et vous [&hellip;]<\/p>\n","protected":false},"author":2,"featured_media":0,"parent":17,"menu_order":49,"comment_status":"open","ping_status":"closed","template":"","meta":{"_et_pb_use_builder":"","_et_pb_old_content":"","_et_gb_content_width":"","footnotes":""},"class_list":["post-284","page","type-page","status-publish","hentry"],"aioseo_notices":[],"_links":{"self":[{"href":"https:\/\/www.proxi-sante.org\/wass\/wp-json\/wp\/v2\/pages\/284","targetHints":{"allow":["GET"]}}],"collection":[{"href":"https:\/\/www.proxi-sante.org\/wass\/wp-json\/wp\/v2\/pages"}],"about":[{"href":"https:\/\/www.proxi-sante.org\/wass\/wp-json\/wp\/v2\/types\/page"}],"author":[{"embeddable":true,"href":"https:\/\/www.proxi-sante.org\/wass\/wp-json\/wp\/v2\/users\/2"}],"replies":[{"embeddable":true,"href":"https:\/\/www.proxi-sante.org\/wass\/wp-json\/wp\/v2\/comments?post=284"}],"version-history":[{"count":0,"href":"https:\/\/www.proxi-sante.org\/wass\/wp-json\/wp\/v2\/pages\/284\/revisions"}],"up":[{"embeddable":true,"href":"https:\/\/www.proxi-sante.org\/wass\/wp-json\/wp\/v2\/pages\/17"}],"wp:attachment":[{"href":"https:\/\/www.proxi-sante.org\/wass\/wp-json\/wp\/v2\/media?parent=284"}],"curies":[{"name":"wp","href":"https:\/\/api.w.org\/{rel}","templated":true}]}}