{"id":299,"date":"2011-02-08T15:30:42","date_gmt":"2011-02-08T15:30:42","guid":{"rendered":"https:\/\/www.proxi-sante.org\/wass\/"},"modified":"2018-03-13T14:39:16","modified_gmt":"2018-03-13T14:39:16","slug":"soins-2","status":"publish","type":"page","link":"https:\/\/www.proxi-sante.org\/wass\/soins-2\/","title":{"rendered":"Les soins"},"content":{"rendered":"<h5>Les soins sont assur\u00e9s par les infirmiers lib\u00e9raux au domicile du patient, ou au cabinet de soins, sur prescription m\u00e9dicale exclusivement. Le patient a le libre choix de son infirmier (\u00e8re). Cette libert\u00e9 est fondamentale, tant pour les professionnels que pour les patients car elle est garante de soins de qualit\u00e9. Le patient n\u2019a \u00e0 subir dans son choix ni la pression d\u2019un quelconque service hospitalier, ni celle d\u2019un prescripteur \u00e9ventuel, f\u00fbt-il son m\u00e9decin traitant.<\/h5>\n<p>L\u2019infirmier est soumis au respect du secret professionnel. La relation soignant \/ soign\u00e9 est individualis\u00e9e et confidentielle. Dans notre secteur, nous disposons d\u2019un nombre suffisant d\u2019infirmiers lib\u00e9raux capables d\u2019assurer la totalit\u00e9 et la diversit\u00e9 des soins propos\u00e9s \u00e0 domicile, \u00e9vitant ainsi bien souvent une hospitalisation.<\/p>\n<p>Cette alternative \u00e0 l\u2019hospitalisation permet aux personnes \u00e2g\u00e9es et\/ou en situation de handicap, de continuer \u00e0 vivre dans leur cadre familial, \u00e9vitant ainsi un d\u00e9racinement n\u00e9faste. Cette solution est par ailleurs moins on\u00e9reuse et plus humaine.<\/p>\n<p>Le GEF offre la particularit\u00e9 et l\u2019avantage de regrouper au sein d\u2019une association les acteurs de soins qui interviennent au domicile du patient, assurant ainsi une meilleure communication et coordination de soins, un fonctionnement coh\u00e9rent et compl\u00e9mentaire bienvenu lorsque surgissent des probl\u00e8mes ou des complications dans la prise en charge des malades.<\/p>\n<p>L\u2019infirmier \u00e0 domicile est capable d\u2019assurer les soins de base : injections, pansements, prises de sang, toilette\u2026, et les soins plus techniques\u00a0: perfusion, nutri-pompe, pompe \u00e0 morphine, dialyse, pansement sous aspiration continue\u2026 comme dans un service hospitalier. Pour certains soins techniques n\u00e9cessitant le recours \u00e0 un mat\u00e9riel sp\u00e9cifique, l\u2019infirmier lib\u00e9ral travaille en coordination avec un service d\u2019hospitalisation \u00e0 domicile permettant de soulager patient et famille par une prise en charge globale et une surveillance 24h\/24, tout comme dans un service hospitalier.<\/p>\n<p>L\u2019infirmier lib\u00e9ral travaille aussi en collaboration avec divers r\u00e9seaux th\u00e9matiques assurant sa formation dans les divers domaines du soin\u00a0: pathologies cardio-vasculaires, diab\u00e8te, g\u00e9rontologie, asthme, traitement de la douleur et soins palliatifs\u2026, ainsi qu\u2019avec les prestataires de service. Les infirmiers lib\u00e9raux se forment r\u00e9guli\u00e8rement aux nouvelles techniques de soins et \u00e0 la manipulation de nouveaux mat\u00e9riels. L\u2019infirmier lib\u00e9ral, outre son r\u00f4le premier de soignant, a \u00e9galement un r\u00f4le d\u2019\u00e9ducation et de pr\u00e9vention aupr\u00e8s du patient et de sa famille.<\/p>\n<p>Les conseils prodigu\u00e9s le sont autant en mati\u00e8re de sant\u00e9 que d\u2019am\u00e9nagement du lieu de vie et de nutrition, afin de faciliter la prise en charge quotidienne. L\u2019infirmier lib\u00e9ral est bien souvent le premier confident lors d\u2019une modification de l\u2019\u00e9tat de sant\u00e9 de son patient. Il joue alors un r\u00f4le de sentinelle, faisant appel au m\u00e9decin traitant en cas de besoin.<\/p>\n<h3>A Domicile<\/h3>\n<p>Les soins sont principalement assur\u00e9s par les infirmiers(\u00e8res) sur prescription m\u00e9dicale, ainsi que par un certain nombre de structures s\u2019\u00e9tant depuis peu d\u00e9velopp\u00e9es.<\/p>\n<p>Les HAD &#8211; Hospitalisation A Domicile, concernent les soins les plus lourds n\u00e9cessitant du mat\u00e9riel ou des m\u00e9dicaments normalement r\u00e9serv\u00e9s \u00e0 l\u2019h\u00f4pital mais r\u00e9alis\u00e9s par l\u2019infirmier(\u00e8re) habituel(le) du patient.<\/p>\n<blockquote><p>\u27a5 HAD NORD ALSACE<br \/>\nClinique Saint-Fran\u00e7ois<br \/>\n22 brd Mar\u00e9chal de Lattre de Tassigny<br \/>\n67500 HAGUENAU<br \/>\n\u2706 03 88 90 71 71<\/p><\/blockquote>\n<p>Les SSIAD &#8211; Le service de soins infirmiers \u00e0 domicile (SSIAD) est une structure dont le but est de prodiguer des soins au domicile des personnes \u00e2g\u00e9es de plus de 60 ans et des personnes handicap\u00e9es ou pr\u00e9sentant une maladie chronique invalidante. Les soins d\u2019hygi\u00e8ne et de nursing sont r\u00e9alis\u00e9s par des aides-soignants ; lorsque des soins techniques sont n\u00e9cessaires, il est fait appel \u00e0 une infirmi\u00e8re lib\u00e9rale au libre choix du patient.<\/p>\n<blockquote><p>Wasselonne<br \/>\n\u27a5 SSIAD ESA Saverne<br \/>\n\u2706 03 88 91 82 44<\/p><\/blockquote>\n<blockquote><p>Marlenheim<br \/>\n\u27a5 SSIAD ESA Molsheim<br \/>\n\u2706 03 88 49 71 90<\/p><\/blockquote>\n<p>&nbsp;<\/p>\n","protected":false},"excerpt":{"rendered":"<p>Les soins sont assur\u00e9s par les infirmiers lib\u00e9raux au domicile du patient, ou au cabinet de soins, sur prescription m\u00e9dicale exclusivement. Le patient a le libre choix de son infirmier (\u00e8re). Cette libert\u00e9 est fondamentale, tant pour les professionnels que pour les patients car elle est garante de soins de qualit\u00e9. Le patient n\u2019a \u00e0 [&hellip;]<\/p>\n","protected":false},"author":2,"featured_media":0,"parent":0,"menu_order":2,"comment_status":"open","ping_status":"closed","template":"","meta":{"_et_pb_use_builder":"","_et_pb_old_content":"","_et_gb_content_width":"","footnotes":""},"class_list":["post-299","page","type-page","status-publish","hentry"],"aioseo_notices":[],"_links":{"self":[{"href":"https:\/\/www.proxi-sante.org\/wass\/wp-json\/wp\/v2\/pages\/299","targetHints":{"allow":["GET"]}}],"collection":[{"href":"https:\/\/www.proxi-sante.org\/wass\/wp-json\/wp\/v2\/pages"}],"about":[{"href":"https:\/\/www.proxi-sante.org\/wass\/wp-json\/wp\/v2\/types\/page"}],"author":[{"embeddable":true,"href":"https:\/\/www.proxi-sante.org\/wass\/wp-json\/wp\/v2\/users\/2"}],"replies":[{"embeddable":true,"href":"https:\/\/www.proxi-sante.org\/wass\/wp-json\/wp\/v2\/comments?post=299"}],"version-history":[{"count":0,"href":"https:\/\/www.proxi-sante.org\/wass\/wp-json\/wp\/v2\/pages\/299\/revisions"}],"wp:attachment":[{"href":"https:\/\/www.proxi-sante.org\/wass\/wp-json\/wp\/v2\/media?parent=299"}],"curies":[{"name":"wp","href":"https:\/\/api.w.org\/{rel}","templated":true}]}}