{"id":35,"date":"2010-11-25T15:51:24","date_gmt":"2010-11-25T15:51:24","guid":{"rendered":"https:\/\/www.proxi-sante.org\/wass\/?page_id=35"},"modified":"2023-10-05T07:30:45","modified_gmt":"2023-10-05T07:30:45","slug":"risques-lies-a-la-dependance","status":"publish","type":"page","link":"https:\/\/www.proxi-sante.org\/wass\/prevention\/risques-lies-a-la-dependance\/","title":{"rendered":"risques li\u00e9s \u00e0 la d\u00e9pendance"},"content":{"rendered":"<h1><a href=\"https:\/\/www.proxi-sante.org\/wass\/wp-content\/uploads\/2010\/11\/ph1322-086net.jpg\"><img loading=\"lazy\" decoding=\"async\" class=\"size-medium wp-image-273 alignright\" style=\"margin-right: 20px;\" title=\"ph1322-086net\" src=\"https:\/\/www.proxi-sante.org\/wass\/wp-content\/uploads\/2010\/11\/ph1322-086net-199x300.jpg\" alt=\"\" width=\"159\" height=\"240\" srcset=\"https:\/\/www.proxi-sante.org\/wass\/wp-content\/uploads\/2010\/11\/ph1322-086net-199x300.jpg 199w, https:\/\/www.proxi-sante.org\/wass\/wp-content\/uploads\/2010\/11\/ph1322-086net.jpg 533w\" sizes=\"(max-width: 159px) 100vw, 159px\" \/><\/a>La pr\u00e9vention de chutes des personnes \u00e2g\u00e9es<\/h1>\n<h2>Association Atout Age Alsace<\/h2>\n<p>Le risque de d\u00e9velopper des pathologies pouvant engendrer des d\u00e9pendances augmente avec l\u2019\u00e2ge. Certaines affections peuvent \u00eatre pr\u00e9venues par des comportements favorables \u00e0 la pr\u00e9servation d\u2019une bonne sant\u00e9\u2002: exercice physique, nutrition adapt\u00e9e, maintien du lien social&#8230; Ces th\u00e9matiques sp\u00e9cifiques sont abord\u00e9es dans le cadre d\u2019actions de pr\u00e9vention propos\u00e9es aux seniors. Les ateliers organis\u00e9s par l\u2019association Atout Age Alsace r\u00e9pondent \u00e0 cette probl\u00e9matique.<br \/>\nIl y a possibilit\u00e9 de mettre en place des formations, conf\u00e9rences pr\u00e8s de chez vous !<\/p>\n<blockquote><p>\u27a5 Association Atout Age Alsace<br \/>\n9 Rue de Guebwiller 68000 COLMAR<br \/>\n\u2706 03 89 20 79 43<br \/>\nwww.groupe-msa-alsace.fr<\/p><\/blockquote>\n<h3><\/h3>\n<h2>Siel bleu<\/h2>\n<p>Parce qu\u2019une bonne condition physique influence chaque activit\u00e9 de la vie quotidienne et favorise le prolongement d\u2019une vie ind\u00e9pendante et active, Siel Bleu propose des programmes utilisant l\u2019Activit\u00e9 Physique Adapt\u00e9e (APA) comme outil de pr\u00e9vention sant\u00e9 et de bien-\u00eatre. Les diff\u00e9rents p\u00f4les de Siel Bleu ont d\u00e9velopp\u00e9 des programmes destin\u00e9s aux jeunes retrait\u00e9s, aux personnes \u00e2g\u00e9es \u00e0 domicile ou en \u00e9tablissement, aux personnes en situation de handicap et aux personnes atteintes de maladies chroniques ou de pathologies lourdes.<\/p>\n<blockquote><p>\u27a5 Association Siel Bleu 67038 Strasbourg<br \/>\n\u2706 03 88 324 839<br \/>\nwww.sielbleu.org<br \/>\ncontact@sielbleu.org<\/p><\/blockquote>\n<h3><\/h3>\n<h2>Sport pour Tous<\/h2>\n<p>Le Comit\u00e9 R\u00e9gional Alsace Sport pour tous a pour but de lutter contre la s\u00e9dentarit\u00e9, accompagner les personnes \u00e0 reprendre une activit\u00e9 physique adapt\u00e9e; aider les personnes atteintes de pathologies chroniques (diab\u00e8te, surpoids, ob\u00e9sit\u00e9, cancer du sein, maladies cardio-vasculaires) \u00e0 adopter progressivement un mode de vie physiquement actif ; soutenir et suivre les jeunes adultes dans leur projet professionnel, pr\u00e9venir les risques de chutes chez les seniors<\/p>\n<blockquote><p>\u27a5 Comit\u00e9 R\u00e9gional Alsace Sport pour Tous<br \/>\n4 rue Jean Mentelin 67035 Strasbourg<br \/>\n\u2706 03 88 26 94 95<\/p><\/blockquote>\n<h2><\/h2>\n<h2>Unit\u00e9 de Pr\u00e9vention Sant\u00e9 &#8211; UPS<\/h2>\n<p>L\u2019intervention UPS se situe dans le cadre de la pr\u00e9vention des maladies cardio-vasculaires. Elle concerne les personnes identifi\u00e9es, par le m\u00e9decin traitant ou cardiologue, comme \u00e9tant \u00e0 risque cardio-vasculaire et en mesure de b\u00e9n\u00e9ficier d\u2019une action d\u2019\u00e9ducation pour la sant\u00e9.<\/p>\n<p>L\u2019\u00e9quipe UPS assure un suivi dans le cadre d\u2019un programme personnalis\u00e9 propos\u00e9 au patient : Entretiens individuels UPS ; Diagnostic \u00e9ducatif initial &#8211; suivi ; S\u00e9ances collectives pour conna\u00eetre et g\u00e9rer les facteurs de risque cardio-vasculaire ; stage \u00ab\u00a0Atout C\u0153ur\u00a0\u00bb ; journ\u00e9e p\u00e9dagogique sur les risques cardio-vasculaires ; Orientation si besoin vers des s\u00e9ances collectives d\u2019\u00e9ducation pour les personnes diab\u00e9tiques ou vers des consultations individuelles de nutrition et de tabacologie.<\/p>\n<blockquote><p>H\u00f4pital de Saverne &#8211;<span class=\"Apple-converted-space\">\u00a0<\/span>Centre Hospitalier Ste Catherine<br \/>\n19 C\u00f4te de Saverne &#8211; 67 700 SAVERNE<br \/>\nSur rendez-vous au<span class=\"Apple-converted-space\">\u00a0 <\/span>secr\u00e9tariat UPS<br \/>\n03 88 71 65 76<br \/>\n<b>prevention.sante@ch-saverne.fr<\/b><\/p><\/blockquote>\n<p>&nbsp;<\/p>\n","protected":false},"excerpt":{"rendered":"<p>La pr\u00e9vention de chutes des personnes \u00e2g\u00e9es Association Atout Age Alsace Le risque de d\u00e9velopper des pathologies pouvant engendrer des d\u00e9pendances augmente avec l\u2019\u00e2ge. Certaines affections peuvent \u00eatre pr\u00e9venues par des comportements favorables \u00e0 la pr\u00e9servation d\u2019une bonne sant\u00e9\u2002: exercice physique, nutrition adapt\u00e9e, maintien du lien social&#8230; Ces th\u00e9matiques sp\u00e9cifiques sont abord\u00e9es dans le cadre [&hellip;]<\/p>\n","protected":false},"author":2,"featured_media":0,"parent":5,"menu_order":12,"comment_status":"open","ping_status":"closed","template":"","meta":{"_et_pb_use_builder":"","_et_pb_old_content":"","_et_gb_content_width":"","footnotes":""},"class_list":["post-35","page","type-page","status-publish","hentry"],"aioseo_notices":[],"_links":{"self":[{"href":"https:\/\/www.proxi-sante.org\/wass\/wp-json\/wp\/v2\/pages\/35","targetHints":{"allow":["GET"]}}],"collection":[{"href":"https:\/\/www.proxi-sante.org\/wass\/wp-json\/wp\/v2\/pages"}],"about":[{"href":"https:\/\/www.proxi-sante.org\/wass\/wp-json\/wp\/v2\/types\/page"}],"author":[{"embeddable":true,"href":"https:\/\/www.proxi-sante.org\/wass\/wp-json\/wp\/v2\/users\/2"}],"replies":[{"embeddable":true,"href":"https:\/\/www.proxi-sante.org\/wass\/wp-json\/wp\/v2\/comments?post=35"}],"version-history":[{"count":0,"href":"https:\/\/www.proxi-sante.org\/wass\/wp-json\/wp\/v2\/pages\/35\/revisions"}],"up":[{"embeddable":true,"href":"https:\/\/www.proxi-sante.org\/wass\/wp-json\/wp\/v2\/pages\/5"}],"wp:attachment":[{"href":"https:\/\/www.proxi-sante.org\/wass\/wp-json\/wp\/v2\/media?parent=35"}],"curies":[{"name":"wp","href":"https:\/\/api.w.org\/{rel}","templated":true}]}}