{"id":48,"date":"2010-11-25T16:08:13","date_gmt":"2010-11-25T16:08:13","guid":{"rendered":"https:\/\/www.proxi-sante.org\/wass\/?page_id=48"},"modified":"2023-10-05T13:02:34","modified_gmt":"2023-10-05T13:02:34","slug":"les-services-daide-au-maintien","status":"publish","type":"page","link":"https:\/\/www.proxi-sante.org\/wass\/les-services-daide-au-maintien\/","title":{"rendered":"les services d\u2019aide au maintien"},"content":{"rendered":"<p>[et_pb_section fb_built=\u00a0\u00bb1&Prime; _builder_version=\u00a0\u00bb4.16&Prime; global_colors_info=\u00a0\u00bb{}\u00a0\u00bb][et_pb_row _builder_version=\u00a0\u00bb4.16&Prime; background_size=\u00a0\u00bbinitial\u00a0\u00bb background_position=\u00a0\u00bbtop_left\u00a0\u00bb background_repeat=\u00a0\u00bbrepeat\u00a0\u00bb global_colors_info=\u00a0\u00bb{}\u00a0\u00bb][et_pb_column type=\u00a0\u00bb4_4&Prime; _builder_version=\u00a0\u00bb4.16&Prime; custom_padding=\u00a0\u00bb|||\u00a0\u00bb global_colors_info=\u00a0\u00bb{}\u00a0\u00bb custom_padding__hover=\u00a0\u00bb|||\u00a0\u00bb][et_pb_text _builder_version=\u00a0\u00bb4.22.2&Prime; background_size=\u00a0\u00bbinitial\u00a0\u00bb background_position=\u00a0\u00bbtop_left\u00a0\u00bb background_repeat=\u00a0\u00bbrepeat\u00a0\u00bb hover_enabled=\u00a0\u00bb0&Prime; global_colors_info=\u00a0\u00bb{}\u00a0\u00bb sticky_enabled=\u00a0\u00bb0&Prime;]<\/p>\n<h2 id=\"wkWidgetScriptVersion\">Les services \u00e0 la personne<\/h2>\n<div>Une gamme compl\u00e8te de services est propos\u00e9e : aide \u00e0 domicile pour le m\u00e9nage, repassage, aide aux courses, t\u00e9l\u00e9assistance, aide \u00e0 la pr\u00e9paration des repas, travaux de jardinage\u2026<br \/>vous trouverez les informations concernant les services \u00e0 la personne et aides au maintien \u00e0 domicile.<\/div>\n<div>\u00a0<\/div>\n<div>Liste des Services \u00e0 domicile qui interviennent sur le secteur Mossig<\/div>\n<div>\u00a0<\/div>\n<blockquote>\n<div>Abrapa Saverne &#8211; 03 88 91 68 97<\/div>\n<div>\u00a0<\/div>\n<div>Aid\u2019adomi 03 88 78 70 32 67<\/div>\n<div>\u00a0<\/div>\n<div>Azae Strasbourg 03 88 60 66 30<\/div>\n<div>\u00a0<\/div>\n<div>Bien \u00e0 la maison 03 67 22 02 17<\/div>\n<div>\u00a0<\/div>\n<div>Mille Patte Molsheim 03 88 80 73 87<\/div>\n<div>\u00a0<\/div>\n<div>Servir Pro Molsheim 03 88 47 94 00<\/div>\n<\/blockquote>\n<div>\u00a0<\/div>\n<div>\u00a0<\/div>\n<div>\u00a0<\/div>\n<div>\u00a0<\/div>\n<p>[\/et_pb_text][\/et_pb_column][\/et_pb_row][\/et_pb_section]<\/p>\n","protected":false},"excerpt":{"rendered":"<p>Les services \u00e0 la personne Une gamme compl\u00e8te de services est propos\u00e9e : aide \u00e0 domicile pour le m\u00e9nage, repassage, aide aux courses, t\u00e9l\u00e9assistance, aide \u00e0 la pr\u00e9paration des repas, travaux de jardinage\u2026vous trouverez les informations concernant les services \u00e0 la personne et aides au maintien \u00e0 domicile. \u00a0 Liste des Services \u00e0 domicile qui [&hellip;]<\/p>\n","protected":false},"author":2,"featured_media":0,"parent":0,"menu_order":39,"comment_status":"open","ping_status":"closed","template":"","meta":{"_et_pb_use_builder":"on","_et_pb_old_content":"<h3 id=\"wkWidgetScriptVersion\">Les services \u00e0 la personne<\/h3><div>Une gamme compl\u00e8te de services est propos\u00e9e : aide \u00e0 domicile pour le m\u00e9nage, repassage, aide aux courses, t\u00e9l\u00e9assistance, aide \u00e0 la pr\u00e9paration des repas, travaux de jardinage\u2026<br \/>vous trouverez les informations concernant les services \u00e0 la personne et aides au maintien \u00e0 domicile.<\/div><div>\u00a0<\/div><div>Liste des Services \u00e0 domicile qui interviennent sur le secteur Mossig<\/div><div>\u00a0<\/div><blockquote><div>Abrapa Saverne - 03 88 91 68 97<\/div><div>Aid\u2019adomi 03 88 78 70 32 67<\/div><div>\u00a0<\/div><div>Azae Strasbourg 03 88 60 66 30<\/div><div>\u00a0<\/div><div>Bien \u00e0 la maison 03 67 22 02 17<\/div><div>\u00a0<\/div><div>Mille Patte Molsheim 03 88 80 73 87<\/div><div>\u00a0<\/div><div>Servir Pro Molsheim 03 88 47 94 00<\/div><\/blockquote><div>\u00a0<\/div><div>\u00a0<\/div>","_et_gb_content_width":"","footnotes":""},"class_list":["post-48","page","type-page","status-publish","hentry"],"aioseo_notices":[],"_links":{"self":[{"href":"https:\/\/www.proxi-sante.org\/wass\/wp-json\/wp\/v2\/pages\/48","targetHints":{"allow":["GET"]}}],"collection":[{"href":"https:\/\/www.proxi-sante.org\/wass\/wp-json\/wp\/v2\/pages"}],"about":[{"href":"https:\/\/www.proxi-sante.org\/wass\/wp-json\/wp\/v2\/types\/page"}],"author":[{"embeddable":true,"href":"https:\/\/www.proxi-sante.org\/wass\/wp-json\/wp\/v2\/users\/2"}],"replies":[{"embeddable":true,"href":"https:\/\/www.proxi-sante.org\/wass\/wp-json\/wp\/v2\/comments?post=48"}],"version-history":[{"count":0,"href":"https:\/\/www.proxi-sante.org\/wass\/wp-json\/wp\/v2\/pages\/48\/revisions"}],"wp:attachment":[{"href":"https:\/\/www.proxi-sante.org\/wass\/wp-json\/wp\/v2\/media?parent=48"}],"curies":[{"name":"wp","href":"https:\/\/api.w.org\/{rel}","templated":true}]}}