{"id":72,"date":"2010-11-25T16:23:23","date_gmt":"2010-11-25T16:23:23","guid":{"rendered":"https:\/\/www.proxi-sante.org\/wass\/?page_id=72"},"modified":"2023-10-05T13:08:03","modified_gmt":"2023-10-05T13:08:03","slug":"allocation-autonomie","status":"publish","type":"page","link":"https:\/\/www.proxi-sante.org\/wass\/aides-protection\/allocation-autonomie\/","title":{"rendered":"allocation personnalis\u00e9e d&rsquo;autonomie"},"content":{"rendered":"<h2>L&rsquo;APA\u00a0 : une allocation\u00a0 personnalis\u00e9e d\u2019autonomie<\/h2>\n<p><b>La Loi n\u00b0 2015-1776 du 28 d\u00e9cembre 2015 relative \u00e0 l\u2019adaptation de la soci\u00e9t\u00e9 au vieillissement r\u00e9forme principalement, et \u00e0 juste titre, le cadre juridique des \u00e9tablissements et services accueillant des personnes \u00e2g\u00e9es d\u00e9pendantes.<\/b><\/p>\n<p>Une personne \u00e2g\u00e9e de plus de<span class=\"Apple-converted-space\">\u00a0 <\/span>60 ans peut b\u00e9n\u00e9ficier de l\u2019Allocation personnalis\u00e9e d\u2019autonomie d\u00e8s lors qu\u2019elle pr\u00e9sente un certain degr\u00e9 de perte d\u2019autonomie. Peuvent ainsi pr\u00e9tendre au b\u00e9n\u00e9fice de cette prestation les personnes<span class=\"Apple-converted-space\">\u00a0 <\/span>class\u00e9es en GIR 1 \u00e0 4 (Le GIR 1 correspondant \u00e0 la perte d\u2019autonomie la plus importante). Si GIR 1 ou 2, ma CMI est accord\u00e9e d\u2019office. L\u2019APA, vers\u00e9e par la CEA, permet de financer un certain nombre d\u2019aides\u00a0: le recours \u00e0 une aide \u00e0 domicile, participer au financement pour l\u2019intervention d\u2019un prestataire, les frais de portage de repas, le service de t\u00e9l\u00e9-assistance, la prise en charge en accueil de jour, de l\u2019h\u00e9bergement temporaire, le mat\u00e9riel d\u2019incontinence ou l\u2019aide technique \u00e0 l\u2019adaptation d\u2019un logement. L\u2019APA est accord\u00e9e quel que soit le niveau de ressources, mais son montant est calcul\u00e9 en fonction des revenus dont dispose la personne. <span class=\"Apple-converted-space\">\u00a0<\/span><\/p>\n<p><b>NOTA<\/b> : il n\u2019y a pas de r\u00e9cup\u00e9ration des sommes vers\u00e9es par l\u2019APA lors d\u2019une successsion.<\/p>\n<p>Le dossier de demande d\u2019APA peut \u00eatre retir\u00e9 aupr\u00e8s du centre m\u00e9dico-social proche de chez vous,<span class=\"Apple-converted-space\">\u00a0 <\/span>de la CEA, dans certaines mairies ou en ligne sur le site de la CEA. L\u2019\u00e9valuation de la d\u00e9pendance est r\u00e9alis\u00e9e par un travailleur social de la CEA. Le plan d\u2019aide est<span class=\"Apple-converted-space\">\u00a0 <\/span>r\u00e9visable en cas d\u2019aggravation de la d\u00e9pendance.<span class=\"Apple-converted-space\">\u00a0<\/span><\/p>\n<h5>Renseignements :<\/h5>\n<blockquote><p><b>UTAMS &#8211; <\/b><b>OUEST bureau d\u2019acueil<br \/>\n<\/b>39 rue de Dettwiller 67700 Saverne<span class=\"Apple-converted-space\"><br \/>\n<\/span>03 69 33 20 00<\/p><\/blockquote>\n<blockquote><p><b>UTAMS SUD &#8211; MOLSHEIM<br \/>\n<\/b>16b rue Gaston Romazzotti &#8211; 67120 Molsheim <span class=\"Apple-converted-space\"><br \/>\n<\/span>03 68 33 89 00<\/p><\/blockquote>\n<blockquote><p><strong>Centre M\u00e9dico-Social de Wasselonne<\/strong><br \/>\n26 rue de la Gare67310 Wasselonne<br \/>\n03 69 33 21 50<\/p><\/blockquote>\n<blockquote><p><strong>Centre M\u00e9dico-Social de Molsheim<\/strong><br \/>\n16 rue Romazzoti67120 Molsheim<br \/>\n03 68 33 89 00<\/p><\/blockquote>\n<blockquote><p><strong>Centre M\u00e9dico-Social de Truchtersheim<\/strong><span class=\"Apple-converted-space\"><br \/>\n<\/span>Maison de services Le Tr\u00e8fle<br \/>\n03 69 33 20 00<\/p><\/blockquote>\n<p>&nbsp;<\/p>\n","protected":false},"excerpt":{"rendered":"<p>L&rsquo;APA\u00a0 : une allocation\u00a0 personnalis\u00e9e d\u2019autonomie La Loi n\u00b0 2015-1776 du 28 d\u00e9cembre 2015 relative \u00e0 l\u2019adaptation de la soci\u00e9t\u00e9 au vieillissement r\u00e9forme principalement, et \u00e0 juste titre, le cadre juridique des \u00e9tablissements et services accueillant des personnes \u00e2g\u00e9es d\u00e9pendantes. Une personne \u00e2g\u00e9e de plus de\u00a0 60 ans peut b\u00e9n\u00e9ficier de l\u2019Allocation personnalis\u00e9e d\u2019autonomie d\u00e8s [&hellip;]<\/p>\n","protected":false},"author":2,"featured_media":0,"parent":19,"menu_order":55,"comment_status":"open","ping_status":"closed","template":"","meta":{"_et_pb_use_builder":"","_et_pb_old_content":"","_et_gb_content_width":"","footnotes":""},"class_list":["post-72","page","type-page","status-publish","hentry"],"aioseo_notices":[],"_links":{"self":[{"href":"https:\/\/www.proxi-sante.org\/wass\/wp-json\/wp\/v2\/pages\/72","targetHints":{"allow":["GET"]}}],"collection":[{"href":"https:\/\/www.proxi-sante.org\/wass\/wp-json\/wp\/v2\/pages"}],"about":[{"href":"https:\/\/www.proxi-sante.org\/wass\/wp-json\/wp\/v2\/types\/page"}],"author":[{"embeddable":true,"href":"https:\/\/www.proxi-sante.org\/wass\/wp-json\/wp\/v2\/users\/2"}],"replies":[{"embeddable":true,"href":"https:\/\/www.proxi-sante.org\/wass\/wp-json\/wp\/v2\/comments?post=72"}],"version-history":[{"count":0,"href":"https:\/\/www.proxi-sante.org\/wass\/wp-json\/wp\/v2\/pages\/72\/revisions"}],"up":[{"embeddable":true,"href":"https:\/\/www.proxi-sante.org\/wass\/wp-json\/wp\/v2\/pages\/19"}],"wp:attachment":[{"href":"https:\/\/www.proxi-sante.org\/wass\/wp-json\/wp\/v2\/media?parent=72"}],"curies":[{"name":"wp","href":"https:\/\/api.w.org\/{rel}","templated":true}]}}