{"id":907,"date":"2018-03-13T15:02:53","date_gmt":"2018-03-13T15:02:53","guid":{"rendered":"https:\/\/www.proxi-sante.org\/wass\/?page_id=907"},"modified":"2018-03-13T15:02:53","modified_gmt":"2018-03-13T15:02:53","slug":"la-reeducation-fonctionnelle","status":"publish","type":"page","link":"https:\/\/www.proxi-sante.org\/wass\/la-reeducation-fonctionnelle\/","title":{"rendered":"La r\u00e9\u00e9ducation fonctionnelle"},"content":{"rendered":"<p>Votre kin\u00e9sith\u00e9rapeute vous accompagne tout au long de votre vie pour pr\u00e9venir, r\u00e9duire ou compenser les d\u00e9ficiences du corps, afin d\u2019optimiser votre forme physique et\/ou de minimiser le handicap.<\/p>\n<p>Le kin\u00e9 intervient dans les diff\u00e9rents domaines, par le massage, la physioth\u00e9rapie et la r\u00e9\u00e9ducation. Apr\u00e8s une blessure et dans le cadre d\u2019une intervention chirurgicale, il vous aide, entre autres, \u00e0 calmer la douleur, \u00e0 r\u00e9cup\u00e9rer libert\u00e9 de mouvement, force et r\u00e9flexes, et \u00e0 pr\u00e9venir la r\u00e9cidive. Le kin\u00e9 prend en charge les maladies rhumatismales. Il d\u00e9c\u00e8le les troubles musculo-squelettique, les d\u00e9s\u00e9quilibres du corps, vous aide \u00e0 y rem\u00e9dier, trouve des solutions pour calmer la douleur et pour \u00e9viter toute aggravation.<\/p>\n<p>Votre kin\u00e9 vous accompagne \u00e9galement dans les affections neurologiques tels que l\u2019h\u00e9mipl\u00e9gie, la maladie de Parkinson, la scl\u00e9rose en plaques\u2026, les affections respiratoires tels que la bronchite ou l\u2019asthme&#8230;, ou les affections sphinct\u00e9riennes tels que l\u2019incontinence urinaire&#8230; Le kin\u00e9 aide les personnes \u00e2g\u00e9es ou en situation de handicap \u00e0 conserver leur autonomie, gr\u00e2ce \u00e0 un suivi r\u00e9gulier. La pr\u00e9vention des chutes fait partie int\u00e9grante du travail quotidien du kin\u00e9sith\u00e9rapeute. Le kin\u00e9 d\u00e9c\u00e8le de fa\u00e7on pr\u00e9coce les troubles pouvant conduire \u00e0 la chute, propose des exercices visant \u00e0 r\u00e9tablir la force, l\u2019\u00e9quilibre, la vigilance, et accompagne la personne ayant chut\u00e9 dans sa convalescence de fa\u00e7on \u00e0 retrouver une autonomie et \u00e0 pr\u00e9venir la r\u00e9cidive.<\/p>\n<p>Votre kin\u00e9sith\u00e9rapeute est aussi votre partenaire de remise en forme : il vous conseille dans votre pratique sportive et professionnelle, afin de pr\u00e9server votre corps et d\u2019en profiter plus longtemps. Il est soumis au secret professionnel, et vous pouvez \u00e0 ce titre lui confier vos soucis de sant\u00e9 en toute confiance. Il saura vous conseiller et vous orienter.<\/p>\n","protected":false},"excerpt":{"rendered":"<p>Votre kin\u00e9sith\u00e9rapeute vous accompagne tout au long de votre vie pour pr\u00e9venir, r\u00e9duire ou compenser les d\u00e9ficiences du corps, afin d\u2019optimiser votre forme physique et\/ou de minimiser le handicap. Le kin\u00e9 intervient dans les diff\u00e9rents domaines, par le massage, la physioth\u00e9rapie et la r\u00e9\u00e9ducation. Apr\u00e8s une blessure et dans le cadre d\u2019une intervention chirurgicale, il [&hellip;]<\/p>\n","protected":false},"author":2,"featured_media":0,"parent":0,"menu_order":21,"comment_status":"closed","ping_status":"closed","template":"","meta":{"_et_pb_use_builder":"","_et_pb_old_content":"","_et_gb_content_width":"","footnotes":""},"class_list":["post-907","page","type-page","status-publish","hentry"],"aioseo_notices":[],"_links":{"self":[{"href":"https:\/\/www.proxi-sante.org\/wass\/wp-json\/wp\/v2\/pages\/907","targetHints":{"allow":["GET"]}}],"collection":[{"href":"https:\/\/www.proxi-sante.org\/wass\/wp-json\/wp\/v2\/pages"}],"about":[{"href":"https:\/\/www.proxi-sante.org\/wass\/wp-json\/wp\/v2\/types\/page"}],"author":[{"embeddable":true,"href":"https:\/\/www.proxi-sante.org\/wass\/wp-json\/wp\/v2\/users\/2"}],"replies":[{"embeddable":true,"href":"https:\/\/www.proxi-sante.org\/wass\/wp-json\/wp\/v2\/comments?post=907"}],"version-history":[{"count":0,"href":"https:\/\/www.proxi-sante.org\/wass\/wp-json\/wp\/v2\/pages\/907\/revisions"}],"wp:attachment":[{"href":"https:\/\/www.proxi-sante.org\/wass\/wp-json\/wp\/v2\/media?parent=907"}],"curies":[{"name":"wp","href":"https:\/\/api.w.org\/{rel}","templated":true}]}}