{"id":937,"date":"2018-03-15T14:35:34","date_gmt":"2018-03-15T14:35:34","guid":{"rendered":"https:\/\/www.proxi-sante.org\/wass\/?page_id=937"},"modified":"2023-10-05T06:18:57","modified_gmt":"2023-10-05T06:18:57","slug":"juridique-et-social","status":"publish","type":"page","link":"https:\/\/www.proxi-sante.org\/wass\/juridique-et-social\/","title":{"rendered":"Juridique et social"},"content":{"rendered":"<p>[et_pb_section fb_built=\u00a0\u00bb1&Prime; admin_label=\u00a0\u00bbsection\u00a0\u00bb _builder_version=\u00a0\u00bb4.16&Prime; global_colors_info=\u00a0\u00bb{}\u00a0\u00bb][et_pb_row admin_label=\u00a0\u00bbrow\u00a0\u00bb _builder_version=\u00a0\u00bb4.16&Prime; background_size=\u00a0\u00bbinitial\u00a0\u00bb background_position=\u00a0\u00bbtop_left\u00a0\u00bb background_repeat=\u00a0\u00bbrepeat\u00a0\u00bb global_colors_info=\u00a0\u00bb{}\u00a0\u00bb][et_pb_column type=\u00a0\u00bb4_4&Prime; _builder_version=\u00a0\u00bb4.16&Prime; custom_padding=\u00a0\u00bb|||\u00a0\u00bb global_colors_info=\u00a0\u00bb{}\u00a0\u00bb custom_padding__hover=\u00a0\u00bb|||\u00a0\u00bb][et_pb_text admin_label=\u00a0\u00bbText\u00a0\u00bb _builder_version=\u00a0\u00bb4.22.2&Prime; background_size=\u00a0\u00bbinitial\u00a0\u00bb background_position=\u00a0\u00bbtop_left\u00a0\u00bb background_repeat=\u00a0\u00bbrepeat\u00a0\u00bb hover_enabled=\u00a0\u00bb0&Prime; global_colors_info=\u00a0\u00bb{}\u00a0\u00bb sticky_enabled=\u00a0\u00bb0&Prime;]<\/p>\n<h3>PERMANENCES JURIDIQUES<\/h3>\n<p>Pour vous guider dans vos d\u00e9marches administratives, et vous aider \u00e0 trouver des solutions,<span class=\"Apple-converted-space\">\u00a0<\/span><\/p>\n<p><b>venez rencontrer gratuitement<span class=\"Apple-converted-space\">\u00a0<br \/><\/span><\/b>Un Notaire tous les 4 \u00b0 lundis du mois ;<br \/>Un Huissier de Justice tous les 1\u00b0 vendredi du mois.<br \/>Un Juriste tous les mercredis de 14h \u00e0 15h30 ;<span class=\"Apple-converted-space\">\u00a0<br \/><\/span><b>mais uniquement sur rendez-vous <\/b>!<\/p>\n<blockquote>\n<p>\u27a5 AGF Wasselonne &#8211; Centre social et familial<br \/>2 rue Romantica 67310 Wasselonne<br \/>03 88 87 05 59<br \/><b>wasselonne@agf67.fr<\/b><\/p>\n<\/blockquote>\n<h3>PASS contre le surendettement<\/h3>\n<p>Vous b\u00e9n\u00e9ficiez de conseils et d\u2019un accompagnement individuel avec le PASS contre le surendettement. Gratuit, sur rendez-vous<\/p>\n<blockquote>\n<p>\u27a5 AGF Wasselonne &#8211; Centre social et familial<br \/>2 rue Romantica 67310 Wasselonne<br \/>03 88 87 05 59<br \/><b>wasselonne@agf67.fr<\/b><\/p>\n<\/blockquote>\n<h3>LA MEDIATION FAMILIALE<\/h3>\n<p>Un espace de m\u00e9diation familiale offre un temps et un lieu de dialogue, d\u2019\u00e9coute, de respect mutuel et de concertation. Vous \u00eates en instance de divorce, en situation de s\u00e9paration ou m\u00eame en rupture des liens familiaux, la m\u00e9diation familiale peut vous aider \u00e0 aborder le conflit autrement, \u00e0 \u00e9tablir le dialogue et apaiser les tensions. Elle permet de pr\u00e9server l\u2019enfant et les liens entre chaque membre de la famille. La m\u00e9diation permet de respecter la place (et les besoins) de chacun afin de trouver des solutions concr\u00e8tes pour un futur plus serein.<\/p>\n<blockquote>\n<p><b>Espace M\u00e9diation Familiale<br \/><\/b><b>AGF67 &#8211; 11 rue du Verdon \u2013 67100 Strasbourg<br \/><\/b>Sur rendez-vous<span class=\"Apple-converted-space\">\u00a0 \u00a0 \u00a0<\/span>\u00a003 88 23 57 75<br \/>ou t\u00e9l AGF<span class=\"Apple-converted-space\">\u00a0 <\/span>\u00a003 88 87 05 59<br \/><b>mediation.familiale@agf67.fr<\/b><\/p>\n<\/blockquote>\n<p>[\/et_pb_text][\/et_pb_column][\/et_pb_row][\/et_pb_section]<\/p>\n","protected":false},"excerpt":{"rendered":"<p>PERMANENCES JURIDIQUES Pour vous guider dans vos d\u00e9marches administratives, et vous aider \u00e0 trouver des solutions,\u00a0 venez rencontrer gratuitement\u00a0Un Notaire tous les 4 \u00b0 lundis du mois ;Un Huissier de Justice tous les 1\u00b0 vendredi du mois.Un Juriste tous les mercredis de 14h \u00e0 15h30 ;\u00a0mais uniquement sur rendez-vous ! \u27a5 AGF Wasselonne &#8211; Centre [&hellip;]<\/p>\n","protected":false},"author":2,"featured_media":0,"parent":0,"menu_order":0,"comment_status":"closed","ping_status":"closed","template":"","meta":{"_et_pb_use_builder":"on","_et_pb_old_content":"<h3>PERMANENCES JURIDIQUES<\/h3>\r\nPour vous guider dans vos d\u00e9marches administratives, et vous aider \u00e0 trouver des solutions, venez rencontrer gratuitement et sans rendez-vous\r\nUn Avocat tous les 2\u00b0 lundis du mois d\u00e8s 18h ;\r\nUn Notaire tous les 4 \u00b0 lundis du mois d\u00e8s 19h ;\r\nUn Huissier de Justice tous les 1\u00b0 vendredi du mois d\u00e8s 19h.\r\n<blockquote>\u27a5 AGF Wasselonne - Centre social et familial\r\n2 rue Romantica 67310 Wasselonne\r\n\u2706 03 88 87 05 59<\/blockquote>\r\n<h3>PASS contre le surendettement<\/h3>\r\nVous b\u00e9n\u00e9ficiez de conseils et d\u2019un accompagnement individuel avec le PASS contre le surendettement tous les lundis de 9h \u00e0 11h Gratuit, sur rendez-vous\r\n<blockquote>\u27a5 AGF Wasselonne - Centre social et familial\r\n2 rue Romantica 67310 Wasselonne\r\n\u2706 03 88 87 05 59\r\nwasselonne@agf67.fr<\/blockquote>\r\n<h3>LA MEDIATION FAMILIALE<\/h3>\r\nUn espace de m\u00e9diation familiale offre un temps et un lieu de dialogue, d\u2019\u00e9coute, de respect mutuel et de concertation. Vous \u00eates en instance de divorce, en situation de s\u00e9paration ou m\u00eame en rupture des liens familiaux, la m\u00e9diation familiale peut vous aider \u00e0 aborder le conflit autrement, \u00e0 \u00e9tablir le dialogue et apaiser les tensions. Elle permet de pr\u00e9server l\u2019enfant et les liens entre chaque membre de la\r\nfamille. La m\u00e9diation permet de respecter la place (et les besoins) de chacun afin de trouver des solutions concr\u00e8tes pour un futur plus serein.\r\n<blockquote>\u27a5 AGF Wasselonne - Centre social et familial\r\n2 rue Romantica 67310 Wasselonne\r\nSur rendez-vous \u2706 03 88 23 57 75\r\nmediation.familiale@agf67.fr<\/blockquote>","_et_gb_content_width":"","footnotes":""},"class_list":["post-937","page","type-page","status-publish","hentry"],"aioseo_notices":[],"_links":{"self":[{"href":"https:\/\/www.proxi-sante.org\/wass\/wp-json\/wp\/v2\/pages\/937","targetHints":{"allow":["GET"]}}],"collection":[{"href":"https:\/\/www.proxi-sante.org\/wass\/wp-json\/wp\/v2\/pages"}],"about":[{"href":"https:\/\/www.proxi-sante.org\/wass\/wp-json\/wp\/v2\/types\/page"}],"author":[{"embeddable":true,"href":"https:\/\/www.proxi-sante.org\/wass\/wp-json\/wp\/v2\/users\/2"}],"replies":[{"embeddable":true,"href":"https:\/\/www.proxi-sante.org\/wass\/wp-json\/wp\/v2\/comments?post=937"}],"version-history":[{"count":0,"href":"https:\/\/www.proxi-sante.org\/wass\/wp-json\/wp\/v2\/pages\/937\/revisions"}],"wp:attachment":[{"href":"https:\/\/www.proxi-sante.org\/wass\/wp-json\/wp\/v2\/media?parent=937"}],"curies":[{"name":"wp","href":"https:\/\/api.w.org\/{rel}","templated":true}]}}