{"id":959,"date":"2018-03-15T14:54:50","date_gmt":"2018-03-15T14:54:50","guid":{"rendered":"https:\/\/www.proxi-sante.org\/wass\/?page_id=959"},"modified":"2018-03-15T14:54:50","modified_gmt":"2018-03-15T14:54:50","slug":"assurance-succession","status":"publish","type":"page","link":"https:\/\/www.proxi-sante.org\/wass\/assurance-succession\/","title":{"rendered":"Assurance-Succession"},"content":{"rendered":"<h3>Assurances<\/h3>\n<p>Diverses assurances et banques proposent des contrats garantissant des indemnisations en cas de probl\u00e8mes de sant\u00e9 : Les compl\u00e9mentaires sant\u00e9, la garantie accidents de la vie. Le contrat de pr\u00e9voyance tels que indemnit\u00e9s journali\u00e8res, les rentes invalidit\u00e9, le capital d\u00e9c\u00e8s\u2026 ; \uf8ffles assurances d\u00e9pendance garantissent une rente mensuelle, assortie \u00e9ventuellement d\u2019un capital en cas de d\u00e9pendance ; l\u2019\u00e9pargne handicap : contrat d\u2019assurance vie garantissant \u00e0 terme un capital ou une rente.<\/p>\n<h3>Succession<\/h3>\n<p>Afin d\u2019\u00e9viter que votre compte bancaire ne soit bloqu\u00e9 en cas de d\u00e9c\u00e8s de votre conjoint, veillez \u00e0 ce que votre compte soit libell\u00e9 au nom de Monsieur OU Madame et non au nom de Monsieur ET Madame.<\/p>\n","protected":false},"excerpt":{"rendered":"<p>Assurances Diverses assurances et banques proposent des contrats garantissant des indemnisations en cas de probl\u00e8mes de sant\u00e9 : Les compl\u00e9mentaires sant\u00e9, la garantie accidents de la vie. Le contrat de pr\u00e9voyance tels que indemnit\u00e9s journali\u00e8res, les rentes invalidit\u00e9, le capital d\u00e9c\u00e8s\u2026 ; \uf8ffles assurances d\u00e9pendance garantissent une rente mensuelle, assortie \u00e9ventuellement d\u2019un capital en cas [&hellip;]<\/p>\n","protected":false},"author":2,"featured_media":0,"parent":0,"menu_order":0,"comment_status":"closed","ping_status":"closed","template":"","meta":{"_et_pb_use_builder":"","_et_pb_old_content":"","_et_gb_content_width":"","footnotes":""},"class_list":["post-959","page","type-page","status-publish","hentry"],"aioseo_notices":[],"_links":{"self":[{"href":"https:\/\/www.proxi-sante.org\/wass\/wp-json\/wp\/v2\/pages\/959","targetHints":{"allow":["GET"]}}],"collection":[{"href":"https:\/\/www.proxi-sante.org\/wass\/wp-json\/wp\/v2\/pages"}],"about":[{"href":"https:\/\/www.proxi-sante.org\/wass\/wp-json\/wp\/v2\/types\/page"}],"author":[{"embeddable":true,"href":"https:\/\/www.proxi-sante.org\/wass\/wp-json\/wp\/v2\/users\/2"}],"replies":[{"embeddable":true,"href":"https:\/\/www.proxi-sante.org\/wass\/wp-json\/wp\/v2\/comments?post=959"}],"version-history":[{"count":0,"href":"https:\/\/www.proxi-sante.org\/wass\/wp-json\/wp\/v2\/pages\/959\/revisions"}],"wp:attachment":[{"href":"https:\/\/www.proxi-sante.org\/wass\/wp-json\/wp\/v2\/media?parent=959"}],"curies":[{"name":"wp","href":"https:\/\/api.w.org\/{rel}","templated":true}]}}